{"id":530,"date":"2023-01-12T13:00:20","date_gmt":"2023-01-12T12:00:20","guid":{"rendered":"https:\/\/festival-gerardmer.com\/2023\/?page_id=530"},"modified":"2023-01-11T20:20:33","modified_gmt":"2023-01-11T19:20:33","slug":"expositions-a-la-mediatheque","status":"publish","type":"page","link":"https:\/\/festival-gerardmer.com\/2023\/expositions-a-la-mediatheque\/","title":{"rendered":"EXPOSITIONS \u00c0 LA M\u00c9DIATH\u00c8QUE"},"content":{"rendered":"[vc_row type=\u00a0\u00bbfull_width_background\u00a0\u00bb full_screen_row_position=\u00a0\u00bbmiddle\u00a0\u00bb column_margin=\u00a0\u00bbdefault\u00a0\u00bb column_direction=\u00a0\u00bbdefault\u00a0\u00bb column_direction_tablet=\u00a0\u00bbdefault\u00a0\u00bb column_direction_phone=\u00a0\u00bbdefault\u00a0\u00bb bg_color=\u00a0\u00bb#000000&Prime; scene_position=\u00a0\u00bbcenter\u00a0\u00bb top_padding=\u00a0\u00bb53&Prime; constrain_group_1=\u00a0\u00bbyes\u00a0\u00bb bottom_padding=\u00a0\u00bb53&Prime; text_color=\u00a0\u00bbdark\u00a0\u00bb text_align=\u00a0\u00bbleft\u00a0\u00bb row_border_radius=\u00a0\u00bbnone\u00a0\u00bb row_border_radius_applies=\u00a0\u00bbbg\u00a0\u00bb overflow=\u00a0\u00bbvisible\u00a0\u00bb overlay_strength=\u00a0\u00bb0.3&Prime; gradient_direction=\u00a0\u00bbleft_to_right\u00a0\u00bb shape_divider_position=\u00a0\u00bbbottom\u00a0\u00bb bg_image_animation=\u00a0\u00bbzoom-out-slow\u00a0\u00bb gradient_type=\u00a0\u00bbdefault\u00a0\u00bb shape_type=\u00a0\u00bb\u00a0\u00bb][vc_column column_padding=\u00a0\u00bbno-extra-padding\u00a0\u00bb column_padding_tablet=\u00a0\u00bbinherit\u00a0\u00bb column_padding_phone=\u00a0\u00bbinherit\u00a0\u00bb column_padding_position=\u00a0\u00bball\u00a0\u00bb column_element_direction_desktop=\u00a0\u00bbdefault\u00a0\u00bb column_element_spacing=\u00a0\u00bbdefault\u00a0\u00bb desktop_text_alignment=\u00a0\u00bbdefault\u00a0\u00bb tablet_text_alignment=\u00a0\u00bbdefault\u00a0\u00bb phone_text_alignment=\u00a0\u00bbdefault\u00a0\u00bb background_color_opacity=\u00a0\u00bb1&Prime; background_hover_color_opacity=\u00a0\u00bb1&Prime; column_backdrop_filter=\u00a0\u00bbnone\u00a0\u00bb column_shadow=\u00a0\u00bbnone\u00a0\u00bb column_border_radius=\u00a0\u00bbnone\u00a0\u00bb column_link_target=\u00a0\u00bb_self\u00a0\u00bb column_position=\u00a0\u00bbdefault\u00a0\u00bb gradient_direction=\u00a0\u00bbleft_to_right\u00a0\u00bb overlay_strength=\u00a0\u00bb0.3&Prime; width=\u00a0\u00bb1\/1&Prime; tablet_width_inherit=\u00a0\u00bbdefault\u00a0\u00bb animation_type=\u00a0\u00bbdefault\u00a0\u00bb bg_image_animation=\u00a0\u00bbnone\u00a0\u00bb border_type=\u00a0\u00bbsimple\u00a0\u00bb column_border_width=\u00a0\u00bbnone\u00a0\u00bb column_border_style=\u00a0\u00bbsolid\u00a0\u00bb][vc_custom_heading text=\u00a0\u00bbEXPOSITIONS \u00c0 LA M\u00c9DIATH\u00c8QUE\u00a0\u00bb font_container=\u00a0\u00bbtag:h1|font_size:80|text_align:center|color:%23dd0000|line_height:80px\u00a0\u00bb use_theme_fonts=\u00a0\u00bbyes\u00a0\u00bb][divider line_type=\u00a0\u00bbNo Line\u00a0\u00bb custom_height=\u00a0\u00bb150&Prime;][nectar_gradient_text heading_tag=\u00a0\u00bbh4&Prime; color=\u00a0\u00bbextra-color-gradient-1&Prime; gradient_direction=\u00a0\u00bbhorizontal\u00a0\u00bb text=\u00a0\u00bbDESSINS D&rsquo;HORREUR\u00a0\u00bb margin_top=\u00a0\u00bb0&Prime; margin_bottom=\u00a0\u00bb0&Prime;][vc_custom_heading text=\u00a0\u00bbPar Xavier Desbarats\u00a0\u00bb font_container=\u00a0\u00bbtag:h6|font_size:20|text_align:left|color:%23dd0000|line_height:20px\u00a0\u00bb use_theme_fonts=\u00a0\u00bbyes\u00a0\u00bb][vc_row_inner column_margin=\u00a0\u00bbdefault\u00a0\u00bb column_direction=\u00a0\u00bbdefault\u00a0\u00bb column_direction_tablet=\u00a0\u00bbdefault\u00a0\u00bb column_direction_phone=\u00a0\u00bbdefault\u00a0\u00bb text_align=\u00a0\u00bbleft\u00a0\u00bb row_position=\u00a0\u00bbdefault\u00a0\u00bb row_position_tablet=\u00a0\u00bbinherit\u00a0\u00bb row_position_phone=\u00a0\u00bbinherit\u00a0\u00bb overflow=\u00a0\u00bbvisible\u00a0\u00bb pointer_events=\u00a0\u00bball\u00a0\u00bb][vc_column_inner column_padding=\u00a0\u00bbno-extra-padding\u00a0\u00bb column_padding_tablet=\u00a0\u00bbinherit\u00a0\u00bb column_padding_phone=\u00a0\u00bbinherit\u00a0\u00bb column_padding_position=\u00a0\u00bball\u00a0\u00bb column_element_direction_desktop=\u00a0\u00bbdefault\u00a0\u00bb column_element_spacing=\u00a0\u00bbdefault\u00a0\u00bb desktop_text_alignment=\u00a0\u00bbdefault\u00a0\u00bb tablet_text_alignment=\u00a0\u00bbdefault\u00a0\u00bb phone_text_alignment=\u00a0\u00bbdefault\u00a0\u00bb background_color_opacity=\u00a0\u00bb1&Prime; background_hover_color_opacity=\u00a0\u00bb1&Prime; column_backdrop_filter=\u00a0\u00bbnone\u00a0\u00bb column_shadow=\u00a0\u00bbnone\u00a0\u00bb column_border_radius=\u00a0\u00bbnone\u00a0\u00bb column_link_target=\u00a0\u00bb_self\u00a0\u00bb overflow=\u00a0\u00bbvisible\u00a0\u00bb gradient_direction=\u00a0\u00bbleft_to_right\u00a0\u00bb overlay_strength=\u00a0\u00bb0.3&Prime; width=\u00a0\u00bb2\/3&Prime; tablet_width_inherit=\u00a0\u00bbdefault\u00a0\u00bb animation_type=\u00a0\u00bbdefault\u00a0\u00bb bg_image_animation=\u00a0\u00bbnone\u00a0\u00bb border_type=\u00a0\u00bbsimple\u00a0\u00bb column_border_width=\u00a0\u00bbnone\u00a0\u00bb column_border_style=\u00a0\u00bbsolid\u00a0\u00bb][vc_column_text el_class=\u00a0\u00bbfrenchsmall\u00a0\u00bb]Biberonn\u00e9 aux films de ninjas et d\u2019horreur, aux jeux de r\u00f4les et aux comics, Xavier Desbarats porte aujourd\u2019hui les stigmates de la pop culture des ann\u00e9es 80. Il d\u00e9cide d\u2019assumer sa passion pour le dessin et con\u00e7oit tout d\u2019abord la gamme de pin\u2019s accompagnant les parutions de l\u2019\u00e9diteur vid\u00e9o Le Chat Qui Fume. Il illustre ensuite de nombreuses campagnes de crowdfunding d\u00e9di\u00e9es au cin\u00e9ma de genre avec des gammes de tee-shirts, affiches, sous-verres&#8230; Son style rend g\u00e9n\u00e9ralement hommage \u00e0 celui d\u2019anciens comics, comme \u00ab\u00a0Les Contes de la crypte\u00a0\u00bb ou \u00ab\u00a0The Haunt of Fear\u00a0\u00bb. En 2021, il conjugue son amour pour \u00ab\u00a0Les livres dont vous \u00eates le h\u00e9ros\u00a0\u00bb \u00e0 sa passion pour l\u2019horreur et illustre \u00ab\u00a0Le slasher dont vous \u00eates le h\u00e9ros\u00a0\u00bb\u00a0: un livre-hommage \u00e0 la premi\u00e8re personne aux illustrations en noir et blanc qui sera s\u00e9lectionn\u00e9 pour le Prix du meilleur livre-jeu au Festival international des jeux 2023 \u00e0 Cannes.<\/p>\n<p><span style=\"color: #ff6600;\">M\u00e9diath\u00e8que intercommunale G\u00e9rardmer Hautes Vosges, Espace Tilleul (hall du 1er \u00e9tage)<\/span><br \/>\n<span style=\"color: #ff6600;\">Du 13 janvier au 18 f\u00e9vrier &#8211; Entr\u00e9e gratuite<\/span><br \/>\n<span style=\"color: #ff6600;\">Ouverture de 10h \u00e0 19h, dimanche jusqu\u2019\u00e0 17h<\/span><br \/>\n<span style=\"color: #ff6600;\">Vernissage le vendredi 27 janvier \u00e0 19h (apr\u00e8s le Fantastiquiz), en pr\u00e9sence de l\u2019artiste (3\u00e8me \u00e9tage, salle des animations)<br \/>\n<\/span>[\/vc_column_text][\/vc_column_inner][vc_column_inner column_padding=\u00a0\u00bbno-extra-padding\u00a0\u00bb column_padding_tablet=\u00a0\u00bbinherit\u00a0\u00bb column_padding_phone=\u00a0\u00bbinherit\u00a0\u00bb column_padding_position=\u00a0\u00bball\u00a0\u00bb column_element_direction_desktop=\u00a0\u00bbdefault\u00a0\u00bb column_element_spacing=\u00a0\u00bbdefault\u00a0\u00bb desktop_text_alignment=\u00a0\u00bbdefault\u00a0\u00bb tablet_text_alignment=\u00a0\u00bbdefault\u00a0\u00bb phone_text_alignment=\u00a0\u00bbdefault\u00a0\u00bb background_color_opacity=\u00a0\u00bb1&Prime; background_hover_color_opacity=\u00a0\u00bb1&Prime; column_backdrop_filter=\u00a0\u00bbnone\u00a0\u00bb column_shadow=\u00a0\u00bbnone\u00a0\u00bb column_border_radius=\u00a0\u00bbnone\u00a0\u00bb column_link_target=\u00a0\u00bb_self\u00a0\u00bb overflow=\u00a0\u00bbvisible\u00a0\u00bb gradient_direction=\u00a0\u00bbleft_to_right\u00a0\u00bb overlay_strength=\u00a0\u00bb0.3&Prime; width=\u00a0\u00bb1\/3&Prime; tablet_width_inherit=\u00a0\u00bbdefault\u00a0\u00bb animation_type=\u00a0\u00bbdefault\u00a0\u00bb bg_image_animation=\u00a0\u00bbnone\u00a0\u00bb border_type=\u00a0\u00bbsimple\u00a0\u00bb column_border_width=\u00a0\u00bbnone\u00a0\u00bb column_border_style=\u00a0\u00bbsolid\u00a0\u00bb][image_with_animation image_url=\u00a0\u00bb532&Prime; image_size=\u00a0\u00bbfull\u00a0\u00bb animation_type=\u00a0\u00bbentrance\u00a0\u00bb animation=\u00a0\u00bbNone\u00a0\u00bb animation_movement_type=\u00a0\u00bbtransform_y\u00a0\u00bb hover_animation=\u00a0\u00bbnone\u00a0\u00bb alignment=\u00a0\u00bb\u00a0\u00bb border_radius=\u00a0\u00bbnone\u00a0\u00bb box_shadow=\u00a0\u00bbnone\u00a0\u00bb image_loading=\u00a0\u00bbdefault\u00a0\u00bb max_width=\u00a0\u00bb100%\u00a0\u00bb max_width_mobile=\u00a0\u00bbdefault\u00a0\u00bb][\/vc_column_inner][\/vc_row_inner][nectar_gradient_text heading_tag=\u00a0\u00bbh4&Prime; color=\u00a0\u00bbextra-color-gradient-1&Prime; gradient_direction=\u00a0\u00bbhorizontal\u00a0\u00bb text=\u00a0\u00bbDARK ART\u00a0\u00bb margin_top=\u00a0\u00bb0&Prime; margin_bottom=\u00a0\u00bb0&Prime;][vc_custom_heading text=\u00a0\u00bbPar Blackwings Photography\u00a0\u00bb font_container=\u00a0\u00bbtag:h6|font_size:20|text_align:left|color:%23dd0000|line_height:20px\u00a0\u00bb use_theme_fonts=\u00a0\u00bbyes\u00a0\u00bb][vc_row_inner column_margin=\u00a0\u00bbdefault\u00a0\u00bb column_direction=\u00a0\u00bbdefault\u00a0\u00bb column_direction_tablet=\u00a0\u00bbdefault\u00a0\u00bb column_direction_phone=\u00a0\u00bbdefault\u00a0\u00bb text_align=\u00a0\u00bbleft\u00a0\u00bb row_position=\u00a0\u00bbdefault\u00a0\u00bb row_position_tablet=\u00a0\u00bbinherit\u00a0\u00bb row_position_phone=\u00a0\u00bbinherit\u00a0\u00bb overflow=\u00a0\u00bbvisible\u00a0\u00bb pointer_events=\u00a0\u00bball\u00a0\u00bb][vc_column_inner column_padding=\u00a0\u00bbno-extra-padding\u00a0\u00bb column_padding_tablet=\u00a0\u00bbinherit\u00a0\u00bb column_padding_phone=\u00a0\u00bbinherit\u00a0\u00bb column_padding_position=\u00a0\u00bball\u00a0\u00bb column_element_direction_desktop=\u00a0\u00bbdefault\u00a0\u00bb column_element_spacing=\u00a0\u00bbdefault\u00a0\u00bb desktop_text_alignment=\u00a0\u00bbdefault\u00a0\u00bb tablet_text_alignment=\u00a0\u00bbdefault\u00a0\u00bb phone_text_alignment=\u00a0\u00bbdefault\u00a0\u00bb background_color_opacity=\u00a0\u00bb1&Prime; background_hover_color_opacity=\u00a0\u00bb1&Prime; column_backdrop_filter=\u00a0\u00bbnone\u00a0\u00bb column_shadow=\u00a0\u00bbnone\u00a0\u00bb column_border_radius=\u00a0\u00bbnone\u00a0\u00bb column_link_target=\u00a0\u00bb_self\u00a0\u00bb overflow=\u00a0\u00bbvisible\u00a0\u00bb gradient_direction=\u00a0\u00bbleft_to_right\u00a0\u00bb overlay_strength=\u00a0\u00bb0.3&Prime; width=\u00a0\u00bb1\/2&Prime; tablet_width_inherit=\u00a0\u00bbdefault\u00a0\u00bb animation_type=\u00a0\u00bbdefault\u00a0\u00bb bg_image_animation=\u00a0\u00bbnone\u00a0\u00bb border_type=\u00a0\u00bbsimple\u00a0\u00bb column_border_width=\u00a0\u00bbnone\u00a0\u00bb column_border_style=\u00a0\u00bbsolid\u00a0\u00bb][vc_column_text el_class=\u00a0\u00bbfrenchsmall\u00a0\u00bb]Yann Lemonnier est un photographe originaire d\u2019\u00c9pinal. Il exerce sous le pseudonyme de Blackwings Photography. Apr\u00e8s s\u2019\u00eatre longtemps nourri d\u2019arts visuels alliant nature, \u00e9rotisme, dessin et photographie, il se dote en 2012 d\u2019un appareil num\u00e9rique. Autodidacte se formant sur le terrain, il aime capturer lui-m\u00eame des instants alliant int\u00e9riorit\u00e9 et environnement, s\u2019appuyant uniquement sur la lumi\u00e8re naturelle. Ses univers favoris sont les grandes for\u00eats et les montagnes vosgiennes. Sa pr\u00e9f\u00e9rence allant aux brouillards automnaux et \u00e0 l\u2019hiver, pour son c\u00f4t\u00e9 froid et contrast\u00e9. Passionn\u00e9 de musique metal et de films d\u2019horreur, il souhaite partager sa vision personnelle et artistique par des photos partant souvent \u00e0 la rencontre d\u2019un autre monde tout en contrastes noir et blanc, jouant sur les clairs-obscurs. Parfois, des amies et mod\u00e8les l\u2019accompagnent afin d\u2019interpr\u00e9ter ses visions post-apocalyptiques.<\/p>\n<p><span style=\"color: #ff6600;\">M\u00e9diath\u00e8que intercommunale G\u00e9rardmer Hautes Vosges, Espace Tilleul (1er \u00e9tage)<\/span><br \/>\n<span style=\"color: #ff6600;\">Du 17 janvier au 25 f\u00e9vrier &#8211; Entr\u00e9e gratuite<\/span><br \/>\n<span style=\"color: #ff6600;\">Ouverture de 10h \u00e0 18h (mercredi et samedi), de 10h \u00e0 12h et de 14h \u00e0 19h (mardi et vendredi), de 10h \u00e0 13h (jeudi). Ferm\u00e9e le dimanche<\/span><br \/>\n<span style=\"color: #ff6600;\">Vernissage le vendredi 27 janvier \u00e0 19h (apr\u00e8s le Fantastiquiz), en pr\u00e9sence de l\u2019artiste (3\u00e8me \u00e9tage, salle des animations)<br \/>\n<\/span>[\/vc_column_text][\/vc_column_inner][vc_column_inner column_padding=\u00a0\u00bbno-extra-padding\u00a0\u00bb column_padding_tablet=\u00a0\u00bbinherit\u00a0\u00bb column_padding_phone=\u00a0\u00bbinherit\u00a0\u00bb column_padding_position=\u00a0\u00bball\u00a0\u00bb column_element_direction_desktop=\u00a0\u00bbdefault\u00a0\u00bb column_element_spacing=\u00a0\u00bbdefault\u00a0\u00bb desktop_text_alignment=\u00a0\u00bbdefault\u00a0\u00bb tablet_text_alignment=\u00a0\u00bbdefault\u00a0\u00bb phone_text_alignment=\u00a0\u00bbdefault\u00a0\u00bb background_color_opacity=\u00a0\u00bb1&Prime; background_hover_color_opacity=\u00a0\u00bb1&Prime; column_backdrop_filter=\u00a0\u00bbnone\u00a0\u00bb column_shadow=\u00a0\u00bbnone\u00a0\u00bb column_border_radius=\u00a0\u00bbnone\u00a0\u00bb column_link_target=\u00a0\u00bb_self\u00a0\u00bb overflow=\u00a0\u00bbvisible\u00a0\u00bb gradient_direction=\u00a0\u00bbleft_to_right\u00a0\u00bb overlay_strength=\u00a0\u00bb0.3&Prime; width=\u00a0\u00bb1\/2&Prime; tablet_width_inherit=\u00a0\u00bbdefault\u00a0\u00bb animation_type=\u00a0\u00bbdefault\u00a0\u00bb bg_image_animation=\u00a0\u00bbnone\u00a0\u00bb border_type=\u00a0\u00bbsimple\u00a0\u00bb column_border_width=\u00a0\u00bbnone\u00a0\u00bb column_border_style=\u00a0\u00bbsolid\u00a0\u00bb][image_with_animation image_url=\u00a0\u00bb533&Prime; image_size=\u00a0\u00bbfull\u00a0\u00bb animation_type=\u00a0\u00bbentrance\u00a0\u00bb animation=\u00a0\u00bbNone\u00a0\u00bb animation_movement_type=\u00a0\u00bbtransform_y\u00a0\u00bb hover_animation=\u00a0\u00bbnone\u00a0\u00bb alignment=\u00a0\u00bb\u00a0\u00bb border_radius=\u00a0\u00bbnone\u00a0\u00bb box_shadow=\u00a0\u00bbnone\u00a0\u00bb image_loading=\u00a0\u00bbdefault\u00a0\u00bb max_width=\u00a0\u00bb100%\u00a0\u00bb max_width_mobile=\u00a0\u00bbdefault\u00a0\u00bb][\/vc_column_inner][\/vc_row_inner][\/vc_column][\/vc_row]\n","protected":false},"excerpt":{"rendered":"<p>[vc_row type=\u00a0\u00bbfull_width_background\u00a0\u00bb full_screen_row_position=\u00a0\u00bbmiddle\u00a0\u00bb column_margin=\u00a0\u00bbdefault\u00a0\u00bb column_direction=\u00a0\u00bbdefault\u00a0\u00bb column_direction_tablet=\u00a0\u00bbdefault\u00a0\u00bb column_direction_phone=\u00a0\u00bbdefault\u00a0\u00bb bg_color=\u00a0\u00bb#000000&Prime; scene_position=\u00a0\u00bbcenter\u00a0\u00bb top_padding=\u00a0\u00bb53&Prime; constrain_group_1=\u00a0\u00bbyes\u00a0\u00bb bottom_padding=\u00a0\u00bb53&Prime; text_color=\u00a0\u00bbdark\u00a0\u00bb text_align=\u00a0\u00bbleft\u00a0\u00bb row_border_radius=\u00a0\u00bbnone\u00a0\u00bb row_border_radius_applies=\u00a0\u00bbbg\u00a0\u00bb overflow=\u00a0\u00bbvisible\u00a0\u00bb overlay_strength=\u00a0\u00bb0.3&Prime; gradient_direction=\u00a0\u00bbleft_to_right\u00a0\u00bb shape_divider_position=\u00a0\u00bbbottom\u00a0\u00bb bg_image_animation=\u00a0\u00bbzoom-out-slow\u00a0\u00bb gradient_type=\u00a0\u00bbdefault\u00a0\u00bb shape_type=\u00a0\u00bb\u00a0\u00bb][vc_column column_padding=\u00a0\u00bbno-extra-padding\u00a0\u00bb column_padding_tablet=\u00a0\u00bbinherit\u00a0\u00bb column_padding_phone=\u00a0\u00bbinherit\u00a0\u00bb column_padding_position=\u00a0\u00bball\u00a0\u00bb column_element_direction_desktop=\u00a0\u00bbdefault\u00a0\u00bb column_element_spacing=\u00a0\u00bbdefault\u00a0\u00bb desktop_text_alignment=\u00a0\u00bbdefault\u00a0\u00bb&#8230;<\/p>\n","protected":false},"author":1,"featured_media":0,"parent":0,"menu_order":0,"comment_status":"closed","ping_status":"closed","template":"","meta":{"footnotes":""},"class_list":["post-530","page","type-page","status-publish"],"yoast_head":"<!-- This site is optimized with the Yoast SEO plugin v19.14 - https:\/\/yoast.com\/wordpress\/plugins\/seo\/ -->\n<title>EXPOSITIONS \u00c0 LA M\u00c9DIATH\u00c8QUE - Festival de G\u00e9rardmer 2023<\/title>\n<meta name=\"robots\" content=\"index, follow, max-snippet:-1, max-image-preview:large, max-video-preview:-1\" \/>\n<link rel=\"canonical\" href=\"https:\/\/festival-gerardmer.com\/2023\/expositions-a-la-mediatheque\/\" \/>\n<meta property=\"og:locale\" content=\"fr_FR\" \/>\n<meta property=\"og:type\" content=\"article\" \/>\n<meta property=\"og:title\" content=\"EXPOSITIONS \u00c0 LA M\u00c9DIATH\u00c8QUE - Festival de G\u00e9rardmer 2023\" \/>\n<meta property=\"og:description\" content=\"[vc_row type=\u00a0\u00bbfull_width_background\u00a0\u00bb full_screen_row_position=\u00a0\u00bbmiddle\u00a0\u00bb column_margin=\u00a0\u00bbdefault\u00a0\u00bb column_direction=\u00a0\u00bbdefault\u00a0\u00bb column_direction_tablet=\u00a0\u00bbdefault\u00a0\u00bb column_direction_phone=\u00a0\u00bbdefault\u00a0\u00bb bg_color=\u00a0\u00bb#000000&Prime; scene_position=\u00a0\u00bbcenter\u00a0\u00bb top_padding=\u00a0\u00bb53&Prime; constrain_group_1=\u00a0\u00bbyes\u00a0\u00bb bottom_padding=\u00a0\u00bb53&Prime; text_color=\u00a0\u00bbdark\u00a0\u00bb text_align=\u00a0\u00bbleft\u00a0\u00bb row_border_radius=\u00a0\u00bbnone\u00a0\u00bb row_border_radius_applies=\u00a0\u00bbbg\u00a0\u00bb overflow=\u00a0\u00bbvisible\u00a0\u00bb overlay_strength=\u00a0\u00bb0.3&Prime; gradient_direction=\u00a0\u00bbleft_to_right\u00a0\u00bb shape_divider_position=\u00a0\u00bbbottom\u00a0\u00bb bg_image_animation=\u00a0\u00bbzoom-out-slow\u00a0\u00bb gradient_type=\u00a0\u00bbdefault\u00a0\u00bb shape_type=\u00a0\u00bb\u00a0\u00bb][vc_column column_padding=\u00a0\u00bbno-extra-padding\u00a0\u00bb column_padding_tablet=\u00a0\u00bbinherit\u00a0\u00bb column_padding_phone=\u00a0\u00bbinherit\u00a0\u00bb column_padding_position=\u00a0\u00bball\u00a0\u00bb column_element_direction_desktop=\u00a0\u00bbdefault\u00a0\u00bb column_element_spacing=\u00a0\u00bbdefault\u00a0\u00bb desktop_text_alignment=\u00a0\u00bbdefault\u00a0\u00bb...\" \/>\n<meta property=\"og:url\" content=\"https:\/\/festival-gerardmer.com\/2023\/expositions-a-la-mediatheque\/\" \/>\n<meta property=\"og:site_name\" content=\"Festival de G\u00e9rardmer 2023\" \/>\n<meta property=\"article:modified_time\" content=\"2023-01-11T19:20:33+00:00\" \/>\n<meta name=\"twitter:card\" content=\"summary_large_image\" \/>\n<meta name=\"twitter:label1\" content=\"Dur\u00e9e de lecture estim\u00e9e\" \/>\n\t<meta name=\"twitter:data1\" content=\"4 minutes\" \/>\n<script type=\"application\/ld+json\" class=\"yoast-schema-graph\">{\"@context\":\"https:\/\/schema.org\",\"@graph\":[{\"@type\":\"WebPage\",\"@id\":\"https:\/\/festival-gerardmer.com\/2023\/expositions-a-la-mediatheque\/\",\"url\":\"https:\/\/festival-gerardmer.com\/2023\/expositions-a-la-mediatheque\/\",\"name\":\"EXPOSITIONS \u00c0 LA M\u00c9DIATH\u00c8QUE - Festival de G\u00e9rardmer 2023\",\"isPartOf\":{\"@id\":\"https:\/\/festival-gerardmer.com\/2023\/#website\"},\"datePublished\":\"2023-01-12T12:00:20+00:00\",\"dateModified\":\"2023-01-11T19:20:33+00:00\",\"breadcrumb\":{\"@id\":\"https:\/\/festival-gerardmer.com\/2023\/expositions-a-la-mediatheque\/#breadcrumb\"},\"inLanguage\":\"fr-FR\",\"potentialAction\":[{\"@type\":\"ReadAction\",\"target\":[\"https:\/\/festival-gerardmer.com\/2023\/expositions-a-la-mediatheque\/\"]}]},{\"@type\":\"BreadcrumbList\",\"@id\":\"https:\/\/festival-gerardmer.com\/2023\/expositions-a-la-mediatheque\/#breadcrumb\",\"itemListElement\":[{\"@type\":\"ListItem\",\"position\":1,\"name\":\"Accueil\",\"item\":\"https:\/\/festival-gerardmer.com\/2023\/\"},{\"@type\":\"ListItem\",\"position\":2,\"name\":\"EXPOSITIONS \u00c0 LA M\u00c9DIATH\u00c8QUE\"}]},{\"@type\":\"WebSite\",\"@id\":\"https:\/\/festival-gerardmer.com\/2023\/#website\",\"url\":\"https:\/\/festival-gerardmer.com\/2023\/\",\"name\":\"Festival de G\u00e9rardmer 2023\",\"description\":\"\",\"potentialAction\":[{\"@type\":\"SearchAction\",\"target\":{\"@type\":\"EntryPoint\",\"urlTemplate\":\"https:\/\/festival-gerardmer.com\/2023\/?s={search_term_string}\"},\"query-input\":\"required name=search_term_string\"}],\"inLanguage\":\"fr-FR\"}]}<\/script>\n<!-- \/ Yoast SEO plugin. -->","yoast_head_json":{"title":"EXPOSITIONS \u00c0 LA M\u00c9DIATH\u00c8QUE - Festival de G\u00e9rardmer 2023","robots":{"index":"index","follow":"follow","max-snippet":"max-snippet:-1","max-image-preview":"max-image-preview:large","max-video-preview":"max-video-preview:-1"},"canonical":"https:\/\/festival-gerardmer.com\/2023\/expositions-a-la-mediatheque\/","og_locale":"fr_FR","og_type":"article","og_title":"EXPOSITIONS \u00c0 LA M\u00c9DIATH\u00c8QUE - Festival de G\u00e9rardmer 2023","og_description":"[vc_row type=\u00a0\u00bbfull_width_background\u00a0\u00bb full_screen_row_position=\u00a0\u00bbmiddle\u00a0\u00bb column_margin=\u00a0\u00bbdefault\u00a0\u00bb column_direction=\u00a0\u00bbdefault\u00a0\u00bb column_direction_tablet=\u00a0\u00bbdefault\u00a0\u00bb column_direction_phone=\u00a0\u00bbdefault\u00a0\u00bb bg_color=\u00a0\u00bb#000000&Prime; scene_position=\u00a0\u00bbcenter\u00a0\u00bb top_padding=\u00a0\u00bb53&Prime; constrain_group_1=\u00a0\u00bbyes\u00a0\u00bb bottom_padding=\u00a0\u00bb53&Prime; text_color=\u00a0\u00bbdark\u00a0\u00bb text_align=\u00a0\u00bbleft\u00a0\u00bb row_border_radius=\u00a0\u00bbnone\u00a0\u00bb row_border_radius_applies=\u00a0\u00bbbg\u00a0\u00bb overflow=\u00a0\u00bbvisible\u00a0\u00bb overlay_strength=\u00a0\u00bb0.3&Prime; gradient_direction=\u00a0\u00bbleft_to_right\u00a0\u00bb shape_divider_position=\u00a0\u00bbbottom\u00a0\u00bb bg_image_animation=\u00a0\u00bbzoom-out-slow\u00a0\u00bb gradient_type=\u00a0\u00bbdefault\u00a0\u00bb shape_type=\u00a0\u00bb\u00a0\u00bb][vc_column column_padding=\u00a0\u00bbno-extra-padding\u00a0\u00bb column_padding_tablet=\u00a0\u00bbinherit\u00a0\u00bb column_padding_phone=\u00a0\u00bbinherit\u00a0\u00bb column_padding_position=\u00a0\u00bball\u00a0\u00bb column_element_direction_desktop=\u00a0\u00bbdefault\u00a0\u00bb column_element_spacing=\u00a0\u00bbdefault\u00a0\u00bb desktop_text_alignment=\u00a0\u00bbdefault\u00a0\u00bb...","og_url":"https:\/\/festival-gerardmer.com\/2023\/expositions-a-la-mediatheque\/","og_site_name":"Festival de G\u00e9rardmer 2023","article_modified_time":"2023-01-11T19:20:33+00:00","twitter_card":"summary_large_image","twitter_misc":{"Dur\u00e9e de lecture estim\u00e9e":"4 minutes"},"schema":{"@context":"https:\/\/schema.org","@graph":[{"@type":"WebPage","@id":"https:\/\/festival-gerardmer.com\/2023\/expositions-a-la-mediatheque\/","url":"https:\/\/festival-gerardmer.com\/2023\/expositions-a-la-mediatheque\/","name":"EXPOSITIONS \u00c0 LA M\u00c9DIATH\u00c8QUE - Festival de G\u00e9rardmer 2023","isPartOf":{"@id":"https:\/\/festival-gerardmer.com\/2023\/#website"},"datePublished":"2023-01-12T12:00:20+00:00","dateModified":"2023-01-11T19:20:33+00:00","breadcrumb":{"@id":"https:\/\/festival-gerardmer.com\/2023\/expositions-a-la-mediatheque\/#breadcrumb"},"inLanguage":"fr-FR","potentialAction":[{"@type":"ReadAction","target":["https:\/\/festival-gerardmer.com\/2023\/expositions-a-la-mediatheque\/"]}]},{"@type":"BreadcrumbList","@id":"https:\/\/festival-gerardmer.com\/2023\/expositions-a-la-mediatheque\/#breadcrumb","itemListElement":[{"@type":"ListItem","position":1,"name":"Accueil","item":"https:\/\/festival-gerardmer.com\/2023\/"},{"@type":"ListItem","position":2,"name":"EXPOSITIONS \u00c0 LA M\u00c9DIATH\u00c8QUE"}]},{"@type":"WebSite","@id":"https:\/\/festival-gerardmer.com\/2023\/#website","url":"https:\/\/festival-gerardmer.com\/2023\/","name":"Festival de G\u00e9rardmer 2023","description":"","potentialAction":[{"@type":"SearchAction","target":{"@type":"EntryPoint","urlTemplate":"https:\/\/festival-gerardmer.com\/2023\/?s={search_term_string}"},"query-input":"required name=search_term_string"}],"inLanguage":"fr-FR"}]}},"_links":{"self":[{"href":"https:\/\/festival-gerardmer.com\/2023\/wp-json\/wp\/v2\/pages\/530","targetHints":{"allow":["GET"]}}],"collection":[{"href":"https:\/\/festival-gerardmer.com\/2023\/wp-json\/wp\/v2\/pages"}],"about":[{"href":"https:\/\/festival-gerardmer.com\/2023\/wp-json\/wp\/v2\/types\/page"}],"author":[{"embeddable":true,"href":"https:\/\/festival-gerardmer.com\/2023\/wp-json\/wp\/v2\/users\/1"}],"replies":[{"embeddable":true,"href":"https:\/\/festival-gerardmer.com\/2023\/wp-json\/wp\/v2\/comments?post=530"}],"version-history":[{"count":4,"href":"https:\/\/festival-gerardmer.com\/2023\/wp-json\/wp\/v2\/pages\/530\/revisions"}],"predecessor-version":[{"id":682,"href":"https:\/\/festival-gerardmer.com\/2023\/wp-json\/wp\/v2\/pages\/530\/revisions\/682"}],"wp:attachment":[{"href":"https:\/\/festival-gerardmer.com\/2023\/wp-json\/wp\/v2\/media?parent=530"}],"curies":[{"name":"wp","href":"https:\/\/api.w.org\/{rel}","templated":true}]}}