{"id":616,"date":"2023-01-12T13:00:17","date_gmt":"2023-01-12T12:00:17","guid":{"rendered":"https:\/\/festival-gerardmer.com\/2023\/?page_id=616"},"modified":"2023-01-18T12:30:34","modified_gmt":"2023-01-18T11:30:34","slug":"expositionalamaisondelacultureetdesloisirs","status":"publish","type":"page","link":"https:\/\/festival-gerardmer.com\/2023\/expositionalamaisondelacultureetdesloisirs\/","title":{"rendered":"Exposition \u00e0 la Maison de la Culture et des Loisirs"},"content":{"rendered":"[vc_row type=\u00a0\u00bbfull_width_background\u00a0\u00bb full_screen_row_position=\u00a0\u00bbmiddle\u00a0\u00bb column_margin=\u00a0\u00bbdefault\u00a0\u00bb column_direction=\u00a0\u00bbdefault\u00a0\u00bb column_direction_tablet=\u00a0\u00bbdefault\u00a0\u00bb column_direction_phone=\u00a0\u00bbdefault\u00a0\u00bb bg_color=\u00a0\u00bb#000000&Prime; scene_position=\u00a0\u00bbcenter\u00a0\u00bb top_padding=\u00a0\u00bb53&Prime; constrain_group_1=\u00a0\u00bbyes\u00a0\u00bb bottom_padding=\u00a0\u00bb53&Prime; text_color=\u00a0\u00bbdark\u00a0\u00bb text_align=\u00a0\u00bbleft\u00a0\u00bb row_border_radius=\u00a0\u00bbnone\u00a0\u00bb row_border_radius_applies=\u00a0\u00bbbg\u00a0\u00bb overflow=\u00a0\u00bbvisible\u00a0\u00bb overlay_strength=\u00a0\u00bb0.3&Prime; gradient_direction=\u00a0\u00bbleft_to_right\u00a0\u00bb shape_divider_position=\u00a0\u00bbbottom\u00a0\u00bb bg_image_animation=\u00a0\u00bbzoom-out-slow\u00a0\u00bb gradient_type=\u00a0\u00bbdefault\u00a0\u00bb shape_type=\u00a0\u00bb\u00a0\u00bb][vc_column column_padding=\u00a0\u00bbno-extra-padding\u00a0\u00bb column_padding_tablet=\u00a0\u00bbinherit\u00a0\u00bb column_padding_phone=\u00a0\u00bbinherit\u00a0\u00bb column_padding_position=\u00a0\u00bball\u00a0\u00bb column_element_direction_desktop=\u00a0\u00bbdefault\u00a0\u00bb column_element_spacing=\u00a0\u00bbdefault\u00a0\u00bb desktop_text_alignment=\u00a0\u00bbdefault\u00a0\u00bb tablet_text_alignment=\u00a0\u00bbdefault\u00a0\u00bb phone_text_alignment=\u00a0\u00bbdefault\u00a0\u00bb background_color_opacity=\u00a0\u00bb1&Prime; background_hover_color_opacity=\u00a0\u00bb1&Prime; column_backdrop_filter=\u00a0\u00bbnone\u00a0\u00bb column_shadow=\u00a0\u00bbnone\u00a0\u00bb column_border_radius=\u00a0\u00bbnone\u00a0\u00bb column_link_target=\u00a0\u00bb_self\u00a0\u00bb column_position=\u00a0\u00bbdefault\u00a0\u00bb gradient_direction=\u00a0\u00bbleft_to_right\u00a0\u00bb overlay_strength=\u00a0\u00bb0.3&Prime; width=\u00a0\u00bb1\/1&Prime; tablet_width_inherit=\u00a0\u00bbdefault\u00a0\u00bb animation_type=\u00a0\u00bbdefault\u00a0\u00bb bg_image_animation=\u00a0\u00bbnone\u00a0\u00bb border_type=\u00a0\u00bbsimple\u00a0\u00bb column_border_width=\u00a0\u00bbnone\u00a0\u00bb column_border_style=\u00a0\u00bbsolid\u00a0\u00bb][nectar_highlighted_text color_type=\u00a0\u00bbgradient\u00a0\u00bb highlight_color=\u00a0\u00bb#e53112&Prime; secondary_color=\u00a0\u00bb#f59a02&Prime; text_color=\u00a0\u00bb#ffffff\u00a0\u00bb style=\u00a0\u00bbfull_text\u00a0\u00bb highlight_expansion=\u00a0\u00bbdefault\u00a0\u00bb]\n<h4>Exposition \u00e0 la Maison de la Culture et des Loisirs<\/h4>\n[\/nectar_highlighted_text][vc_custom_heading text=\u00a0\u00bbESCAPADES COLOR\u00c9ES\u00a0\u00bb font_container=\u00a0\u00bbtag:h1|font_size:80|text_align:center|color:%23dd0000|line_height:80px\u00a0\u00bb use_theme_fonts=\u00a0\u00bbyes\u00a0\u00bb css=\u00a0\u00bb.vc_custom_1673258335782{padding-top: 150px !important;}\u00a0\u00bb][vc_custom_heading text=\u00a0\u00bbExposition propos\u00e9e par l\u2019illustrateur SNAIL\u00a0\u00bb font_container=\u00a0\u00bbtag:h5|font_size:20|text_align:center|color:%23dd0000|line_height:30px\u00a0\u00bb use_theme_fonts=\u00a0\u00bbyes\u00a0\u00bb][vc_column_text el_class=\u00a0\u00bbfrenchsmall\u00a0\u00bb]SNAIL &#8211; de son vrai nom Anthony Colin &#8211; se passionne pour le dessin d\u00e8s son plus jeune \u00e2ge, d\u00e9vorant sans diff\u00e9rence les \u0153uvres d&rsquo;Herg\u00e9, Franquin, Bilal et Druillet, ou les albums estampill\u00e9s Marvel\u00a0et Fluide Glacial, sans oublier les cultissimes p\u00e9riodiques \u00ab\u00a0Pilote\u00a0\u00bb et \u00ab\u00a0M\u00e9tal Hurlant\u00a0\u00bb. Biberonn\u00e9 \u00e0 la culture populaire, ce \u00ab\u00a0gribouilleur\u00a0\u00bb compulsif et autodidacte ne s\u2019impose aucune limite ou ligne conductrice, laissant carte blanche \u00e0 son imaginaire. Il dessine le plus souvent au feeling, n\u2019h\u00e9sitant pas \u00e0 fusionner les genres. L&rsquo;horreur et l&rsquo;absurde y c\u00f4toient aussi bien le steampunk que la piraterie ou la science-fiction, le tout sous influences cin\u00e9matographiques, musicales et soci\u00e9tales. Un melting-pot visuel et color\u00e9 que l&rsquo;artiste partage avec plaisir sur Facebook et Instagram dans \u00ab\u00a0La Caverne de SNAIL\u00a0\u00bb et qu\u2019il regroupe r\u00e9guli\u00e8rement dans des art books autoproduits que vous pourrez (re)d\u00e9couvrir aussi cette ann\u00e9e au Grimoire, durant le festival.[\/vc_column_text][nectar_gradient_text heading_tag=\u00a0\u00bbh4&Prime; color=\u00a0\u00bbextra-color-gradient-1&Prime; gradient_direction=\u00a0\u00bbhorizontal\u00a0\u00bb text=\u00a0\u00bbBibliographie s\u00e9lective\u00a0\u00bb]<div class=\"nectar-fancy-ul\" data-list-icon=\"icon-salient-check\" data-animation=\"false\" data-animation-delay=\"0\" data-color=\"accent-color\" data-spacing=\"5px\" data-alignment=\"left\"> \n<ul>\n<li>\u00ab Taches d&rsquo;encres (et autres barbouilles) \u00bb &#8211; Recueil d&rsquo;illustrations, 100 pages (2020)<\/li>\n<li>\u00ab Barbouilles (et autres taches d&rsquo;encre) \u00bb &#8211; Recueil d&rsquo;illustrations, 100 pages (2021)<\/li>\n<li>\u00ab Horror Epics (un si\u00e8cle d&rsquo;\u00e9pouvante ponctu\u00e9 de guerres et horreurs) \u00bb &#8211; Recueil d&rsquo;illustrations, 96 pages (2021)<\/li>\n<li>\u00ab Exactions fantaisistes (et autres vicissitudes pittoresques) \u00bb &#8211; Recueil d&rsquo;illustrations, 110 pages (2022)<\/li>\n<li>\u00ab\u00a0Escapades color\u00e9es (et autres \u00e9chapp\u00e9es vaines)\u00a0\u00bb &#8211; Recueil d&rsquo;illustrations, 110 pages (2023)<\/li>\n<\/ul>\n <\/div>[vc_column_text el_class=\u00a0\u00bbfrenchsmall\u00a0\u00bb]<strong>Maison de la Culture et des Loisirs <\/strong><br \/>\n<strong>Du 26 au 29 janvier &#8211; Entr\u00e9e gratuite<\/strong><br \/>\n<strong>Ouverture de 10h \u00e0 19h, dimanche jusqu\u2019\u00e0 17h<\/strong><br \/>\n<strong>Vernissage et d\u00e9dicaces le samedi 28 janvier \u00e0 11h45 en pr\u00e9sence de l\u2019artiste<\/strong>[\/vc_column_text][vc_gallery type=\u00a0\u00bbimage_grid\u00a0\u00bb images=\u00a0\u00bb619,620,617,818&Prime; image_grid_loading=\u00a0\u00bbdefault\u00a0\u00bb display_title_caption=\u00a0\u00bbtrue\u00a0\u00bb layout=\u00a0\u00bb4&Prime; item_spacing=\u00a0\u00bbdefault\u00a0\u00bb gallery_style=\u00a0\u00bb7&Prime; load_in_animation=\u00a0\u00bbnone\u00a0\u00bb img_size=\u00a0\u00bbmedium\u00a0\u00bb][\/vc_column][\/vc_row]\n","protected":false},"excerpt":{"rendered":"<p>[vc_row type=\u00a0\u00bbfull_width_background\u00a0\u00bb full_screen_row_position=\u00a0\u00bbmiddle\u00a0\u00bb column_margin=\u00a0\u00bbdefault\u00a0\u00bb column_direction=\u00a0\u00bbdefault\u00a0\u00bb column_direction_tablet=\u00a0\u00bbdefault\u00a0\u00bb column_direction_phone=\u00a0\u00bbdefault\u00a0\u00bb bg_color=\u00a0\u00bb#000000&Prime; scene_position=\u00a0\u00bbcenter\u00a0\u00bb top_padding=\u00a0\u00bb53&Prime; constrain_group_1=\u00a0\u00bbyes\u00a0\u00bb bottom_padding=\u00a0\u00bb53&Prime; text_color=\u00a0\u00bbdark\u00a0\u00bb text_align=\u00a0\u00bbleft\u00a0\u00bb row_border_radius=\u00a0\u00bbnone\u00a0\u00bb row_border_radius_applies=\u00a0\u00bbbg\u00a0\u00bb overflow=\u00a0\u00bbvisible\u00a0\u00bb overlay_strength=\u00a0\u00bb0.3&Prime; gradient_direction=\u00a0\u00bbleft_to_right\u00a0\u00bb shape_divider_position=\u00a0\u00bbbottom\u00a0\u00bb bg_image_animation=\u00a0\u00bbzoom-out-slow\u00a0\u00bb gradient_type=\u00a0\u00bbdefault\u00a0\u00bb shape_type=\u00a0\u00bb\u00a0\u00bb][vc_column column_padding=\u00a0\u00bbno-extra-padding\u00a0\u00bb column_padding_tablet=\u00a0\u00bbinherit\u00a0\u00bb column_padding_phone=\u00a0\u00bbinherit\u00a0\u00bb column_padding_position=\u00a0\u00bball\u00a0\u00bb column_element_direction_desktop=\u00a0\u00bbdefault\u00a0\u00bb column_element_spacing=\u00a0\u00bbdefault\u00a0\u00bb desktop_text_alignment=\u00a0\u00bbdefault\u00a0\u00bb&#8230;<\/p>\n","protected":false},"author":1,"featured_media":0,"parent":0,"menu_order":0,"comment_status":"closed","ping_status":"closed","template":"","meta":{"footnotes":""},"class_list":["post-616","page","type-page","status-publish"],"yoast_head":"<!-- This site is optimized with the Yoast SEO plugin v19.14 - https:\/\/yoast.com\/wordpress\/plugins\/seo\/ -->\n<title>Exposition \u00e0 la Maison de la Culture et des Loisirs - Festival de G\u00e9rardmer 2023<\/title>\n<meta name=\"robots\" content=\"index, follow, max-snippet:-1, max-image-preview:large, max-video-preview:-1\" \/>\n<link rel=\"canonical\" href=\"https:\/\/festival-gerardmer.com\/2023\/expositionalamaisondelacultureetdesloisirs\/\" \/>\n<meta property=\"og:locale\" content=\"fr_FR\" \/>\n<meta property=\"og:type\" content=\"article\" \/>\n<meta property=\"og:title\" content=\"Exposition \u00e0 la Maison de la Culture et des Loisirs - Festival de G\u00e9rardmer 2023\" \/>\n<meta property=\"og:description\" content=\"[vc_row type=\u00a0\u00bbfull_width_background\u00a0\u00bb full_screen_row_position=\u00a0\u00bbmiddle\u00a0\u00bb column_margin=\u00a0\u00bbdefault\u00a0\u00bb column_direction=\u00a0\u00bbdefault\u00a0\u00bb column_direction_tablet=\u00a0\u00bbdefault\u00a0\u00bb column_direction_phone=\u00a0\u00bbdefault\u00a0\u00bb bg_color=\u00a0\u00bb#000000&Prime; scene_position=\u00a0\u00bbcenter\u00a0\u00bb top_padding=\u00a0\u00bb53&Prime; constrain_group_1=\u00a0\u00bbyes\u00a0\u00bb bottom_padding=\u00a0\u00bb53&Prime; text_color=\u00a0\u00bbdark\u00a0\u00bb text_align=\u00a0\u00bbleft\u00a0\u00bb row_border_radius=\u00a0\u00bbnone\u00a0\u00bb row_border_radius_applies=\u00a0\u00bbbg\u00a0\u00bb overflow=\u00a0\u00bbvisible\u00a0\u00bb overlay_strength=\u00a0\u00bb0.3&Prime; gradient_direction=\u00a0\u00bbleft_to_right\u00a0\u00bb shape_divider_position=\u00a0\u00bbbottom\u00a0\u00bb bg_image_animation=\u00a0\u00bbzoom-out-slow\u00a0\u00bb gradient_type=\u00a0\u00bbdefault\u00a0\u00bb shape_type=\u00a0\u00bb\u00a0\u00bb][vc_column column_padding=\u00a0\u00bbno-extra-padding\u00a0\u00bb column_padding_tablet=\u00a0\u00bbinherit\u00a0\u00bb column_padding_phone=\u00a0\u00bbinherit\u00a0\u00bb column_padding_position=\u00a0\u00bball\u00a0\u00bb column_element_direction_desktop=\u00a0\u00bbdefault\u00a0\u00bb column_element_spacing=\u00a0\u00bbdefault\u00a0\u00bb desktop_text_alignment=\u00a0\u00bbdefault\u00a0\u00bb...\" \/>\n<meta property=\"og:url\" content=\"https:\/\/festival-gerardmer.com\/2023\/expositionalamaisondelacultureetdesloisirs\/\" \/>\n<meta property=\"og:site_name\" content=\"Festival de G\u00e9rardmer 2023\" \/>\n<meta property=\"article:modified_time\" content=\"2023-01-18T11:30:34+00:00\" \/>\n<meta name=\"twitter:card\" content=\"summary_large_image\" \/>\n<meta name=\"twitter:label1\" content=\"Dur\u00e9e de lecture estim\u00e9e\" \/>\n\t<meta name=\"twitter:data1\" content=\"2 minutes\" \/>\n<script type=\"application\/ld+json\" class=\"yoast-schema-graph\">{\"@context\":\"https:\/\/schema.org\",\"@graph\":[{\"@type\":\"WebPage\",\"@id\":\"https:\/\/festival-gerardmer.com\/2023\/expositionalamaisondelacultureetdesloisirs\/\",\"url\":\"https:\/\/festival-gerardmer.com\/2023\/expositionalamaisondelacultureetdesloisirs\/\",\"name\":\"Exposition \u00e0 la Maison de la Culture et des Loisirs - Festival de G\u00e9rardmer 2023\",\"isPartOf\":{\"@id\":\"https:\/\/festival-gerardmer.com\/2023\/#website\"},\"datePublished\":\"2023-01-12T12:00:17+00:00\",\"dateModified\":\"2023-01-18T11:30:34+00:00\",\"breadcrumb\":{\"@id\":\"https:\/\/festival-gerardmer.com\/2023\/expositionalamaisondelacultureetdesloisirs\/#breadcrumb\"},\"inLanguage\":\"fr-FR\",\"potentialAction\":[{\"@type\":\"ReadAction\",\"target\":[\"https:\/\/festival-gerardmer.com\/2023\/expositionalamaisondelacultureetdesloisirs\/\"]}]},{\"@type\":\"BreadcrumbList\",\"@id\":\"https:\/\/festival-gerardmer.com\/2023\/expositionalamaisondelacultureetdesloisirs\/#breadcrumb\",\"itemListElement\":[{\"@type\":\"ListItem\",\"position\":1,\"name\":\"Accueil\",\"item\":\"https:\/\/festival-gerardmer.com\/2023\/\"},{\"@type\":\"ListItem\",\"position\":2,\"name\":\"Exposition \u00e0 la Maison de la Culture et des Loisirs\"}]},{\"@type\":\"WebSite\",\"@id\":\"https:\/\/festival-gerardmer.com\/2023\/#website\",\"url\":\"https:\/\/festival-gerardmer.com\/2023\/\",\"name\":\"Festival de G\u00e9rardmer 2023\",\"description\":\"\",\"potentialAction\":[{\"@type\":\"SearchAction\",\"target\":{\"@type\":\"EntryPoint\",\"urlTemplate\":\"https:\/\/festival-gerardmer.com\/2023\/?s={search_term_string}\"},\"query-input\":\"required name=search_term_string\"}],\"inLanguage\":\"fr-FR\"}]}<\/script>\n<!-- \/ Yoast SEO plugin. -->","yoast_head_json":{"title":"Exposition \u00e0 la Maison de la Culture et des Loisirs - Festival de G\u00e9rardmer 2023","robots":{"index":"index","follow":"follow","max-snippet":"max-snippet:-1","max-image-preview":"max-image-preview:large","max-video-preview":"max-video-preview:-1"},"canonical":"https:\/\/festival-gerardmer.com\/2023\/expositionalamaisondelacultureetdesloisirs\/","og_locale":"fr_FR","og_type":"article","og_title":"Exposition \u00e0 la Maison de la Culture et des Loisirs - Festival de G\u00e9rardmer 2023","og_description":"[vc_row type=\u00a0\u00bbfull_width_background\u00a0\u00bb full_screen_row_position=\u00a0\u00bbmiddle\u00a0\u00bb column_margin=\u00a0\u00bbdefault\u00a0\u00bb column_direction=\u00a0\u00bbdefault\u00a0\u00bb column_direction_tablet=\u00a0\u00bbdefault\u00a0\u00bb column_direction_phone=\u00a0\u00bbdefault\u00a0\u00bb bg_color=\u00a0\u00bb#000000&Prime; scene_position=\u00a0\u00bbcenter\u00a0\u00bb top_padding=\u00a0\u00bb53&Prime; constrain_group_1=\u00a0\u00bbyes\u00a0\u00bb bottom_padding=\u00a0\u00bb53&Prime; text_color=\u00a0\u00bbdark\u00a0\u00bb text_align=\u00a0\u00bbleft\u00a0\u00bb row_border_radius=\u00a0\u00bbnone\u00a0\u00bb row_border_radius_applies=\u00a0\u00bbbg\u00a0\u00bb overflow=\u00a0\u00bbvisible\u00a0\u00bb overlay_strength=\u00a0\u00bb0.3&Prime; gradient_direction=\u00a0\u00bbleft_to_right\u00a0\u00bb shape_divider_position=\u00a0\u00bbbottom\u00a0\u00bb bg_image_animation=\u00a0\u00bbzoom-out-slow\u00a0\u00bb gradient_type=\u00a0\u00bbdefault\u00a0\u00bb shape_type=\u00a0\u00bb\u00a0\u00bb][vc_column column_padding=\u00a0\u00bbno-extra-padding\u00a0\u00bb column_padding_tablet=\u00a0\u00bbinherit\u00a0\u00bb column_padding_phone=\u00a0\u00bbinherit\u00a0\u00bb column_padding_position=\u00a0\u00bball\u00a0\u00bb column_element_direction_desktop=\u00a0\u00bbdefault\u00a0\u00bb column_element_spacing=\u00a0\u00bbdefault\u00a0\u00bb desktop_text_alignment=\u00a0\u00bbdefault\u00a0\u00bb...","og_url":"https:\/\/festival-gerardmer.com\/2023\/expositionalamaisondelacultureetdesloisirs\/","og_site_name":"Festival de G\u00e9rardmer 2023","article_modified_time":"2023-01-18T11:30:34+00:00","twitter_card":"summary_large_image","twitter_misc":{"Dur\u00e9e de lecture estim\u00e9e":"2 minutes"},"schema":{"@context":"https:\/\/schema.org","@graph":[{"@type":"WebPage","@id":"https:\/\/festival-gerardmer.com\/2023\/expositionalamaisondelacultureetdesloisirs\/","url":"https:\/\/festival-gerardmer.com\/2023\/expositionalamaisondelacultureetdesloisirs\/","name":"Exposition \u00e0 la Maison de la Culture et des Loisirs - Festival de G\u00e9rardmer 2023","isPartOf":{"@id":"https:\/\/festival-gerardmer.com\/2023\/#website"},"datePublished":"2023-01-12T12:00:17+00:00","dateModified":"2023-01-18T11:30:34+00:00","breadcrumb":{"@id":"https:\/\/festival-gerardmer.com\/2023\/expositionalamaisondelacultureetdesloisirs\/#breadcrumb"},"inLanguage":"fr-FR","potentialAction":[{"@type":"ReadAction","target":["https:\/\/festival-gerardmer.com\/2023\/expositionalamaisondelacultureetdesloisirs\/"]}]},{"@type":"BreadcrumbList","@id":"https:\/\/festival-gerardmer.com\/2023\/expositionalamaisondelacultureetdesloisirs\/#breadcrumb","itemListElement":[{"@type":"ListItem","position":1,"name":"Accueil","item":"https:\/\/festival-gerardmer.com\/2023\/"},{"@type":"ListItem","position":2,"name":"Exposition \u00e0 la Maison de la Culture et des Loisirs"}]},{"@type":"WebSite","@id":"https:\/\/festival-gerardmer.com\/2023\/#website","url":"https:\/\/festival-gerardmer.com\/2023\/","name":"Festival de G\u00e9rardmer 2023","description":"","potentialAction":[{"@type":"SearchAction","target":{"@type":"EntryPoint","urlTemplate":"https:\/\/festival-gerardmer.com\/2023\/?s={search_term_string}"},"query-input":"required name=search_term_string"}],"inLanguage":"fr-FR"}]}},"_links":{"self":[{"href":"https:\/\/festival-gerardmer.com\/2023\/wp-json\/wp\/v2\/pages\/616","targetHints":{"allow":["GET"]}}],"collection":[{"href":"https:\/\/festival-gerardmer.com\/2023\/wp-json\/wp\/v2\/pages"}],"about":[{"href":"https:\/\/festival-gerardmer.com\/2023\/wp-json\/wp\/v2\/types\/page"}],"author":[{"embeddable":true,"href":"https:\/\/festival-gerardmer.com\/2023\/wp-json\/wp\/v2\/users\/1"}],"replies":[{"embeddable":true,"href":"https:\/\/festival-gerardmer.com\/2023\/wp-json\/wp\/v2\/comments?post=616"}],"version-history":[{"count":13,"href":"https:\/\/festival-gerardmer.com\/2023\/wp-json\/wp\/v2\/pages\/616\/revisions"}],"predecessor-version":[{"id":820,"href":"https:\/\/festival-gerardmer.com\/2023\/wp-json\/wp\/v2\/pages\/616\/revisions\/820"}],"wp:attachment":[{"href":"https:\/\/festival-gerardmer.com\/2023\/wp-json\/wp\/v2\/media?parent=616"}],"curies":[{"name":"wp","href":"https:\/\/api.w.org\/{rel}","templated":true}]}}