{"id":689,"date":"2023-01-12T13:00:49","date_gmt":"2023-01-12T12:00:49","guid":{"rendered":"https:\/\/festival-gerardmer.com\/2023\/?page_id=689"},"modified":"2023-01-12T08:32:56","modified_gmt":"2023-01-12T07:32:56","slug":"prix-du-jury-jeunes-de-la-region-grand-est","status":"publish","type":"page","link":"https:\/\/festival-gerardmer.com\/2023\/prix-du-jury-jeunes-de-la-region-grand-est\/","title":{"rendered":"Prix du jury jeunes de la R\u00e9gion Grand Est"},"content":{"rendered":"[vc_row type=\u00a0\u00bbfull_width_background\u00a0\u00bb full_screen_row_position=\u00a0\u00bbmiddle\u00a0\u00bb column_margin=\u00a0\u00bbdefault\u00a0\u00bb column_direction=\u00a0\u00bbdefault\u00a0\u00bb column_direction_tablet=\u00a0\u00bbdefault\u00a0\u00bb column_direction_phone=\u00a0\u00bbdefault\u00a0\u00bb bg_color=\u00a0\u00bb#000000&Prime; scene_position=\u00a0\u00bbcenter\u00a0\u00bb top_padding=\u00a0\u00bb53&Prime; constrain_group_1=\u00a0\u00bbyes\u00a0\u00bb bottom_padding=\u00a0\u00bb53&Prime; text_color=\u00a0\u00bbdark\u00a0\u00bb text_align=\u00a0\u00bbleft\u00a0\u00bb row_border_radius=\u00a0\u00bbnone\u00a0\u00bb row_border_radius_applies=\u00a0\u00bbbg\u00a0\u00bb overflow=\u00a0\u00bbvisible\u00a0\u00bb overlay_strength=\u00a0\u00bb0.3&Prime; gradient_direction=\u00a0\u00bbleft_to_right\u00a0\u00bb shape_divider_position=\u00a0\u00bbbottom\u00a0\u00bb bg_image_animation=\u00a0\u00bbzoom-out-slow\u00a0\u00bb gradient_type=\u00a0\u00bbdefault\u00a0\u00bb shape_type=\u00a0\u00bb\u00a0\u00bb][vc_column column_padding=\u00a0\u00bbno-extra-padding\u00a0\u00bb column_padding_tablet=\u00a0\u00bbinherit\u00a0\u00bb column_padding_phone=\u00a0\u00bbinherit\u00a0\u00bb column_padding_position=\u00a0\u00bball\u00a0\u00bb column_element_direction_desktop=\u00a0\u00bbdefault\u00a0\u00bb column_element_spacing=\u00a0\u00bbdefault\u00a0\u00bb desktop_text_alignment=\u00a0\u00bbdefault\u00a0\u00bb tablet_text_alignment=\u00a0\u00bbdefault\u00a0\u00bb phone_text_alignment=\u00a0\u00bbdefault\u00a0\u00bb background_color_opacity=\u00a0\u00bb1&Prime; background_hover_color_opacity=\u00a0\u00bb1&Prime; column_backdrop_filter=\u00a0\u00bbnone\u00a0\u00bb column_shadow=\u00a0\u00bbnone\u00a0\u00bb column_border_radius=\u00a0\u00bbnone\u00a0\u00bb column_link_target=\u00a0\u00bb_self\u00a0\u00bb column_position=\u00a0\u00bbdefault\u00a0\u00bb gradient_direction=\u00a0\u00bbleft_to_right\u00a0\u00bb overlay_strength=\u00a0\u00bb0.3&Prime; width=\u00a0\u00bb1\/1&Prime; tablet_width_inherit=\u00a0\u00bbdefault\u00a0\u00bb animation_type=\u00a0\u00bbdefault\u00a0\u00bb bg_image_animation=\u00a0\u00bbnone\u00a0\u00bb border_type=\u00a0\u00bbsimple\u00a0\u00bb column_border_width=\u00a0\u00bbnone\u00a0\u00bb column_border_style=\u00a0\u00bbsolid\u00a0\u00bb][vc_custom_heading text=\u00a0\u00bbPrix du jury jeunes de la R\u00e9gion Grand Est\u00a0\u00bb font_container=\u00a0\u00bbtag:h1|font_size:80|text_align:center|color:%23dd0000|line_height:80px\u00a0\u00bb use_theme_fonts=\u00a0\u00bbyes\u00a0\u00bb css=\u00a0\u00bb.vc_custom_1673507927324{padding-bottom: 100px !important;}\u00a0\u00bb][vc_column_text el_class=\u00a0\u00bbfrenchsmall\u00a0\u00bb]<img loading=\"lazy\" decoding=\"async\" class=\"aligncenter size-full wp-image-692\" src=\"https:\/\/festival-gerardmer.com\/2023\/wp-content\/uploads\/2023\/01\/region.png\" alt=\"\" width=\"400\" height=\"134\" \/>[\/vc_column_text][nectar_gradient_text heading_tag=\u00a0\u00bbh4&Prime; color=\u00a0\u00bbextra-color-gradient-1&Prime; gradient_direction=\u00a0\u00bbhorizontal\u00a0\u00bb text=\u00a0\u00bbUne exp\u00e9rience unique\u00a0\u00bb][vc_column_text el_class=\u00a0\u00bbfrenchsmall\u00a0\u00bb]Comme pour les festivals de Strasbourg, Villerupt et Reims Polar, la R\u00e9gion parraine le jury jeunes du Festival de G\u00e9rardmer en permettant \u00e0 dix jeunes du Grand Est d\u2019y participer.<br \/>\nLa R\u00e9gion souhaite offrir, par le biais de ce jury, une exp\u00e9rience unique. Cette exp\u00e9rience leur permettra d\u2019enrichir leur culture de cin\u00e9phile et de d\u00e9couvrir le monde du cin\u00e9ma de l\u2019int\u00e9rieur. Ils constitueront un jury officiel, confront\u00e9 aux m\u00eames exigences qu\u2019un jury de professionnels et remettront le Prix du jury jeunes de la R\u00e9gion Grand Est.<\/p>\n<p>Ils devront, avec les conseils \u00e9clair\u00e9s d\u2019une marraine, choisir, argumenter, d\u00e9fendre le film retenu et expliquer leur choix lors de la c\u00e9r\u00e9monie du palmar\u00e8s. Ce moment festivalier est aussi l\u2019opportunit\u00e9 de vivre l\u2019\u00e9v\u00e9nement de l\u2019int\u00e9rieur, dans une atmosph\u00e8re sp\u00e9cifique o\u00f9 les jeunes lyc\u00e9ens c\u00f4toient, au jour le jour, artistes, r\u00e9alisateurs et professionnels du 7e art.<\/p>\n<p>Une exp\u00e9rience valorisante et valorisable dans la construction de leur parcours professionnel.[\/vc_column_text][vc_column_text el_class=\u00a0\u00bbfrenchsmall\u00a0\u00bb]<strong><em><span style=\"color: #999999;\">A unique experience<\/span><\/em><\/strong><br \/>\n<em><span style=\"color: #999999;\">Just as it does for the Strasbourg, Villerupt and Reims Polar festivals, the Region sponsors the G\u00e9rardmer Festival Youth Jury, giving ten Great East youths the opportunity to participate. The Region aims to provide a unique experience through this jury. The experience will allow them to enrich their cultural appreciation of film and discover the world of cinema from the inside. They will constitute an official jury, subject to the same requirements as a professional jury, and will hand out the Great East Region Youth Jury Prize.<\/span><\/em><\/p>\n<p><em><span style=\"color: #999999;\">Under the enlightened guidance of a mentor, they will argue, make their selection, defend their chosen film and explain their choice during the award ceremony. This festivalgoer\u2019s highlight is also the high school students&rsquo; chance to experience the festival from the inside, in a specific atmosphere where they will rub shoulders daily with artists, directors and other professionals of the cinematic arts.<\/span><\/em><\/p>\n<p><em><span style=\"color: #999999;\">A prestigious and valuable experience in the development of their professional careers.<\/span><\/em>[\/vc_column_text][nectar_gradient_text heading_tag=\u00a0\u00bbh4&Prime; color=\u00a0\u00bbextra-color-gradient-1&Prime; gradient_direction=\u00a0\u00bbhorizontal\u00a0\u00bb text=\u00a0\u00bbLa marraine\u00a0\u00bb][vc_row_inner equal_height=\u00a0\u00bbyes\u00a0\u00bb column_margin=\u00a0\u00bbdefault\u00a0\u00bb column_direction=\u00a0\u00bbdefault\u00a0\u00bb column_direction_tablet=\u00a0\u00bbdefault\u00a0\u00bb column_direction_phone=\u00a0\u00bbdefault\u00a0\u00bb text_align=\u00a0\u00bbleft\u00a0\u00bb row_position=\u00a0\u00bbdefault\u00a0\u00bb row_position_tablet=\u00a0\u00bbinherit\u00a0\u00bb row_position_phone=\u00a0\u00bbinherit\u00a0\u00bb overflow=\u00a0\u00bbvisible\u00a0\u00bb pointer_events=\u00a0\u00bball\u00a0\u00bb][vc_column_inner column_padding=\u00a0\u00bbno-extra-padding\u00a0\u00bb column_padding_tablet=\u00a0\u00bbinherit\u00a0\u00bb column_padding_phone=\u00a0\u00bbinherit\u00a0\u00bb column_padding_position=\u00a0\u00bball\u00a0\u00bb column_element_direction_desktop=\u00a0\u00bbhorizontal\u00a0\u00bb column_element_alignment=\u00a0\u00bbcenter\u00a0\u00bb column_element_spacing=\u00a0\u00bbdefault\u00a0\u00bb desktop_text_alignment=\u00a0\u00bbdefault\u00a0\u00bb tablet_text_alignment=\u00a0\u00bbdefault\u00a0\u00bb phone_text_alignment=\u00a0\u00bbdefault\u00a0\u00bb background_color_opacity=\u00a0\u00bb1&Prime; background_hover_color_opacity=\u00a0\u00bb1&Prime; column_backdrop_filter=\u00a0\u00bbnone\u00a0\u00bb column_shadow=\u00a0\u00bbnone\u00a0\u00bb column_border_radius=\u00a0\u00bbnone\u00a0\u00bb column_link_target=\u00a0\u00bb_self\u00a0\u00bb overflow=\u00a0\u00bbvisible\u00a0\u00bb gradient_direction=\u00a0\u00bbleft_to_right\u00a0\u00bb overlay_strength=\u00a0\u00bb0.3&Prime; width=\u00a0\u00bb1\/2&Prime; tablet_width_inherit=\u00a0\u00bbdefault\u00a0\u00bb animation_type=\u00a0\u00bbdefault\u00a0\u00bb bg_image_animation=\u00a0\u00bbnone\u00a0\u00bb border_type=\u00a0\u00bbsimple\u00a0\u00bb column_border_width=\u00a0\u00bbnone\u00a0\u00bb column_border_style=\u00a0\u00bbsolid\u00a0\u00bb column_padding_type=\u00a0\u00bbdefault\u00a0\u00bb gradient_type=\u00a0\u00bbdefault\u00a0\u00bb][vc_column_text el_class=\u00a0\u00bbfrenchsmall\u00a0\u00bb]<strong>Judith Beauvallet<\/strong><br \/>\nElle commence ses \u00e9tudes en kh\u00e2gne et les termine \u00e0 l\u2019\u00c9cole de la Cit\u00e9 en section r\u00e9alisation. Elle r\u00e9alise ensuite des courts m\u00e9trages avec pour objectif de r\u00e9aliser un jour des films d\u2019horreur. Elle lance en 2020 la cha\u00eene YouTube \u00ab\u00a0Demoiselles d\u2019Horreur\u00a0\u00bb qui propose des analyses de personnages f\u00e9minins dans les films d\u2019horreur et des interviews d\u2019actrices et r\u00e9alisatrices de films de genre.<\/p>\n<p><em><span style=\"color: #999999;\">She studied philosophy and literature at first level (Kh\u00e2gne) and then directing at l\u2019\u00c9cole de la Cit\u00e9. She then directed short films with the aim of directing horror films one day. She launched in 2020 her YouTube channel \u201cDemoiselles d\u2019Horreur\u201d which provides analyses on female characters in horror films and interviews with actresses and female directors of genre films.<\/span><\/em>[\/vc_column_text][\/vc_column_inner][vc_column_inner column_padding=\u00a0\u00bbno-extra-padding\u00a0\u00bb column_padding_tablet=\u00a0\u00bbinherit\u00a0\u00bb column_padding_phone=\u00a0\u00bbinherit\u00a0\u00bb column_padding_position=\u00a0\u00bball\u00a0\u00bb column_element_direction_desktop=\u00a0\u00bbdefault\u00a0\u00bb column_element_spacing=\u00a0\u00bbdefault\u00a0\u00bb desktop_text_alignment=\u00a0\u00bbdefault\u00a0\u00bb tablet_text_alignment=\u00a0\u00bbdefault\u00a0\u00bb phone_text_alignment=\u00a0\u00bbdefault\u00a0\u00bb background_color_opacity=\u00a0\u00bb1&Prime; background_hover_color_opacity=\u00a0\u00bb1&Prime; column_backdrop_filter=\u00a0\u00bbnone\u00a0\u00bb column_shadow=\u00a0\u00bbnone\u00a0\u00bb column_border_radius=\u00a0\u00bbnone\u00a0\u00bb column_link_target=\u00a0\u00bb_self\u00a0\u00bb overflow=\u00a0\u00bbvisible\u00a0\u00bb gradient_direction=\u00a0\u00bbleft_to_right\u00a0\u00bb overlay_strength=\u00a0\u00bb0.3&Prime; width=\u00a0\u00bb1\/2&Prime; tablet_width_inherit=\u00a0\u00bbdefault\u00a0\u00bb animation_type=\u00a0\u00bbdefault\u00a0\u00bb bg_image_animation=\u00a0\u00bbnone\u00a0\u00bb border_type=\u00a0\u00bbsimple\u00a0\u00bb column_border_width=\u00a0\u00bbnone\u00a0\u00bb column_border_style=\u00a0\u00bbsolid\u00a0\u00bb][image_with_animation image_url=\u00a0\u00bb701&Prime; image_size=\u00a0\u00bbfull\u00a0\u00bb animation_type=\u00a0\u00bbentrance\u00a0\u00bb animation=\u00a0\u00bbNone\u00a0\u00bb animation_movement_type=\u00a0\u00bbtransform_y\u00a0\u00bb hover_animation=\u00a0\u00bbnone\u00a0\u00bb alignment=\u00a0\u00bb\u00a0\u00bb border_radius=\u00a0\u00bbnone\u00a0\u00bb box_shadow=\u00a0\u00bbnone\u00a0\u00bb image_loading=\u00a0\u00bbdefault\u00a0\u00bb max_width=\u00a0\u00bb100%\u00a0\u00bb max_width_mobile=\u00a0\u00bbdefault\u00a0\u00bb][\/vc_column_inner][\/vc_row_inner][nectar_gradient_text heading_tag=\u00a0\u00bbh4&Prime; color=\u00a0\u00bbextra-color-gradient-1&Prime; gradient_direction=\u00a0\u00bbhorizontal\u00a0\u00bb text=\u00a0\u00bbLes membres du Jury Jeunes 2023&Prime;][vc_column_text el_class=\u00a0\u00bbfrenchsmall\u00a0\u00bb]\n<h4><span style=\"color: #999999;\">2023 Youth Jury Members<\/span><\/h4>\n<p><strong>Mathieu Dauget<\/strong> &#8211; Lyc\u00e9e <em>High School<\/em> Chanzy (Charleville-M\u00e9zi\u00e8res)<br \/>\n<strong>Natan Da Silva<\/strong> &#8211; Lyc\u00e9e <em>High School<\/em>Marc Bloch (Bisheim)<br \/>\n<strong>Julie Christophe<\/strong> &#8211; Lyc\u00e9e <em>High School<\/em> de la Communication (Metz)<br \/>\n<strong>Myfanwy Gognau<\/strong> &#8211; Lyc\u00e9e <em>High School<\/em> des Pontonniers (Strasbourg)<br \/>\n<strong>Florian Schillinger<\/strong> &#8211; Lyc\u00e9e <em>High School<\/em>\u00a0Fr\u00e9d\u00e9ric Kirschleger (Munster)<br \/>\n<strong>Lyd\u00e9ric Heitz<\/strong> &#8211; Le Gymnase Jean Sturm (Strasbourg)<br \/>\n<strong>Esteban Montag<\/strong> &#8211; Lyc\u00e9e <em>High School<\/em> Jean-Baptiste Villaume (Mirecourt)<br \/>\n<strong>Zelie Vercolier<\/strong> &#8211; Lyc\u00e9e <em>High School<\/em> Marguerite (Verdun), membre du Conseil r\u00e9gional des jeunes <em>Youth Regional Council member<\/em><br \/>\n<strong>Mathieu Maire<\/strong> &#8211; Lyc\u00e9e <em>High School<\/em> Edm\u00e9 Bouchardon (Chaumont), membre du Conseil r\u00e9gional des jeunes <em>Youth Region Council member<\/em><br \/>\n<strong>Lucie Abensour<\/strong> &#8211; Service Civique Cin\u00e9ma \u00e0 la R\u00e9gion Grand Est<em> Great East Region Films Civic Service<\/em>[\/vc_column_text][\/vc_column][\/vc_row]\n","protected":false},"excerpt":{"rendered":"<p>[vc_row type=\u00a0\u00bbfull_width_background\u00a0\u00bb full_screen_row_position=\u00a0\u00bbmiddle\u00a0\u00bb column_margin=\u00a0\u00bbdefault\u00a0\u00bb column_direction=\u00a0\u00bbdefault\u00a0\u00bb column_direction_tablet=\u00a0\u00bbdefault\u00a0\u00bb column_direction_phone=\u00a0\u00bbdefault\u00a0\u00bb bg_color=\u00a0\u00bb#000000&Prime; scene_position=\u00a0\u00bbcenter\u00a0\u00bb top_padding=\u00a0\u00bb53&Prime; constrain_group_1=\u00a0\u00bbyes\u00a0\u00bb bottom_padding=\u00a0\u00bb53&Prime; text_color=\u00a0\u00bbdark\u00a0\u00bb text_align=\u00a0\u00bbleft\u00a0\u00bb row_border_radius=\u00a0\u00bbnone\u00a0\u00bb row_border_radius_applies=\u00a0\u00bbbg\u00a0\u00bb overflow=\u00a0\u00bbvisible\u00a0\u00bb overlay_strength=\u00a0\u00bb0.3&Prime; gradient_direction=\u00a0\u00bbleft_to_right\u00a0\u00bb shape_divider_position=\u00a0\u00bbbottom\u00a0\u00bb bg_image_animation=\u00a0\u00bbzoom-out-slow\u00a0\u00bb gradient_type=\u00a0\u00bbdefault\u00a0\u00bb shape_type=\u00a0\u00bb\u00a0\u00bb][vc_column column_padding=\u00a0\u00bbno-extra-padding\u00a0\u00bb column_padding_tablet=\u00a0\u00bbinherit\u00a0\u00bb column_padding_phone=\u00a0\u00bbinherit\u00a0\u00bb column_padding_position=\u00a0\u00bball\u00a0\u00bb column_element_direction_desktop=\u00a0\u00bbdefault\u00a0\u00bb column_element_spacing=\u00a0\u00bbdefault\u00a0\u00bb desktop_text_alignment=\u00a0\u00bbdefault\u00a0\u00bb&#8230;<\/p>\n","protected":false},"author":1,"featured_media":0,"parent":0,"menu_order":0,"comment_status":"closed","ping_status":"closed","template":"","meta":{"footnotes":""},"class_list":["post-689","page","type-page","status-publish"],"yoast_head":"<!-- This site is optimized with the Yoast SEO plugin v19.14 - https:\/\/yoast.com\/wordpress\/plugins\/seo\/ -->\n<title>Prix du jury jeunes de la R\u00e9gion Grand Est - Festival de G\u00e9rardmer 2023<\/title>\n<meta name=\"robots\" content=\"index, follow, max-snippet:-1, max-image-preview:large, max-video-preview:-1\" \/>\n<link rel=\"canonical\" href=\"https:\/\/festival-gerardmer.com\/2023\/prix-du-jury-jeunes-de-la-region-grand-est\/\" \/>\n<meta property=\"og:locale\" content=\"fr_FR\" \/>\n<meta property=\"og:type\" content=\"article\" \/>\n<meta property=\"og:title\" content=\"Prix du jury jeunes de la R\u00e9gion Grand Est - Festival de G\u00e9rardmer 2023\" \/>\n<meta property=\"og:description\" content=\"[vc_row type=\u00a0\u00bbfull_width_background\u00a0\u00bb full_screen_row_position=\u00a0\u00bbmiddle\u00a0\u00bb column_margin=\u00a0\u00bbdefault\u00a0\u00bb column_direction=\u00a0\u00bbdefault\u00a0\u00bb column_direction_tablet=\u00a0\u00bbdefault\u00a0\u00bb column_direction_phone=\u00a0\u00bbdefault\u00a0\u00bb bg_color=\u00a0\u00bb#000000&Prime; scene_position=\u00a0\u00bbcenter\u00a0\u00bb top_padding=\u00a0\u00bb53&Prime; constrain_group_1=\u00a0\u00bbyes\u00a0\u00bb bottom_padding=\u00a0\u00bb53&Prime; text_color=\u00a0\u00bbdark\u00a0\u00bb text_align=\u00a0\u00bbleft\u00a0\u00bb row_border_radius=\u00a0\u00bbnone\u00a0\u00bb row_border_radius_applies=\u00a0\u00bbbg\u00a0\u00bb overflow=\u00a0\u00bbvisible\u00a0\u00bb overlay_strength=\u00a0\u00bb0.3&Prime; gradient_direction=\u00a0\u00bbleft_to_right\u00a0\u00bb shape_divider_position=\u00a0\u00bbbottom\u00a0\u00bb bg_image_animation=\u00a0\u00bbzoom-out-slow\u00a0\u00bb gradient_type=\u00a0\u00bbdefault\u00a0\u00bb shape_type=\u00a0\u00bb\u00a0\u00bb][vc_column column_padding=\u00a0\u00bbno-extra-padding\u00a0\u00bb column_padding_tablet=\u00a0\u00bbinherit\u00a0\u00bb column_padding_phone=\u00a0\u00bbinherit\u00a0\u00bb column_padding_position=\u00a0\u00bball\u00a0\u00bb column_element_direction_desktop=\u00a0\u00bbdefault\u00a0\u00bb column_element_spacing=\u00a0\u00bbdefault\u00a0\u00bb desktop_text_alignment=\u00a0\u00bbdefault\u00a0\u00bb...\" \/>\n<meta property=\"og:url\" content=\"https:\/\/festival-gerardmer.com\/2023\/prix-du-jury-jeunes-de-la-region-grand-est\/\" \/>\n<meta property=\"og:site_name\" content=\"Festival de G\u00e9rardmer 2023\" \/>\n<meta property=\"article:modified_time\" content=\"2023-01-12T07:32:56+00:00\" \/>\n<meta property=\"og:image\" content=\"https:\/\/festival-gerardmer.com\/2023\/wp-content\/uploads\/2023\/01\/region.png\" \/>\n<meta name=\"twitter:card\" content=\"summary_large_image\" \/>\n<meta name=\"twitter:label1\" content=\"Dur\u00e9e de lecture estim\u00e9e\" \/>\n\t<meta name=\"twitter:data1\" content=\"4 minutes\" \/>\n<script type=\"application\/ld+json\" class=\"yoast-schema-graph\">{\"@context\":\"https:\/\/schema.org\",\"@graph\":[{\"@type\":\"WebPage\",\"@id\":\"https:\/\/festival-gerardmer.com\/2023\/prix-du-jury-jeunes-de-la-region-grand-est\/\",\"url\":\"https:\/\/festival-gerardmer.com\/2023\/prix-du-jury-jeunes-de-la-region-grand-est\/\",\"name\":\"Prix du jury jeunes de la R\u00e9gion Grand Est - Festival de G\u00e9rardmer 2023\",\"isPartOf\":{\"@id\":\"https:\/\/festival-gerardmer.com\/2023\/#website\"},\"datePublished\":\"2023-01-12T12:00:49+00:00\",\"dateModified\":\"2023-01-12T07:32:56+00:00\",\"breadcrumb\":{\"@id\":\"https:\/\/festival-gerardmer.com\/2023\/prix-du-jury-jeunes-de-la-region-grand-est\/#breadcrumb\"},\"inLanguage\":\"fr-FR\",\"potentialAction\":[{\"@type\":\"ReadAction\",\"target\":[\"https:\/\/festival-gerardmer.com\/2023\/prix-du-jury-jeunes-de-la-region-grand-est\/\"]}]},{\"@type\":\"BreadcrumbList\",\"@id\":\"https:\/\/festival-gerardmer.com\/2023\/prix-du-jury-jeunes-de-la-region-grand-est\/#breadcrumb\",\"itemListElement\":[{\"@type\":\"ListItem\",\"position\":1,\"name\":\"Accueil\",\"item\":\"https:\/\/festival-gerardmer.com\/2023\/\"},{\"@type\":\"ListItem\",\"position\":2,\"name\":\"Prix du jury jeunes de la R\u00e9gion Grand Est\"}]},{\"@type\":\"WebSite\",\"@id\":\"https:\/\/festival-gerardmer.com\/2023\/#website\",\"url\":\"https:\/\/festival-gerardmer.com\/2023\/\",\"name\":\"Festival de G\u00e9rardmer 2023\",\"description\":\"\",\"potentialAction\":[{\"@type\":\"SearchAction\",\"target\":{\"@type\":\"EntryPoint\",\"urlTemplate\":\"https:\/\/festival-gerardmer.com\/2023\/?s={search_term_string}\"},\"query-input\":\"required name=search_term_string\"}],\"inLanguage\":\"fr-FR\"}]}<\/script>\n<!-- \/ Yoast SEO plugin. -->","yoast_head_json":{"title":"Prix du jury jeunes de la R\u00e9gion Grand Est - Festival de G\u00e9rardmer 2023","robots":{"index":"index","follow":"follow","max-snippet":"max-snippet:-1","max-image-preview":"max-image-preview:large","max-video-preview":"max-video-preview:-1"},"canonical":"https:\/\/festival-gerardmer.com\/2023\/prix-du-jury-jeunes-de-la-region-grand-est\/","og_locale":"fr_FR","og_type":"article","og_title":"Prix du jury jeunes de la R\u00e9gion Grand Est - Festival de G\u00e9rardmer 2023","og_description":"[vc_row type=\u00a0\u00bbfull_width_background\u00a0\u00bb full_screen_row_position=\u00a0\u00bbmiddle\u00a0\u00bb column_margin=\u00a0\u00bbdefault\u00a0\u00bb column_direction=\u00a0\u00bbdefault\u00a0\u00bb column_direction_tablet=\u00a0\u00bbdefault\u00a0\u00bb column_direction_phone=\u00a0\u00bbdefault\u00a0\u00bb bg_color=\u00a0\u00bb#000000&Prime; scene_position=\u00a0\u00bbcenter\u00a0\u00bb top_padding=\u00a0\u00bb53&Prime; constrain_group_1=\u00a0\u00bbyes\u00a0\u00bb bottom_padding=\u00a0\u00bb53&Prime; text_color=\u00a0\u00bbdark\u00a0\u00bb text_align=\u00a0\u00bbleft\u00a0\u00bb row_border_radius=\u00a0\u00bbnone\u00a0\u00bb row_border_radius_applies=\u00a0\u00bbbg\u00a0\u00bb overflow=\u00a0\u00bbvisible\u00a0\u00bb overlay_strength=\u00a0\u00bb0.3&Prime; gradient_direction=\u00a0\u00bbleft_to_right\u00a0\u00bb shape_divider_position=\u00a0\u00bbbottom\u00a0\u00bb bg_image_animation=\u00a0\u00bbzoom-out-slow\u00a0\u00bb gradient_type=\u00a0\u00bbdefault\u00a0\u00bb shape_type=\u00a0\u00bb\u00a0\u00bb][vc_column column_padding=\u00a0\u00bbno-extra-padding\u00a0\u00bb column_padding_tablet=\u00a0\u00bbinherit\u00a0\u00bb column_padding_phone=\u00a0\u00bbinherit\u00a0\u00bb column_padding_position=\u00a0\u00bball\u00a0\u00bb column_element_direction_desktop=\u00a0\u00bbdefault\u00a0\u00bb column_element_spacing=\u00a0\u00bbdefault\u00a0\u00bb desktop_text_alignment=\u00a0\u00bbdefault\u00a0\u00bb...","og_url":"https:\/\/festival-gerardmer.com\/2023\/prix-du-jury-jeunes-de-la-region-grand-est\/","og_site_name":"Festival de G\u00e9rardmer 2023","article_modified_time":"2023-01-12T07:32:56+00:00","og_image":[{"url":"https:\/\/festival-gerardmer.com\/2023\/wp-content\/uploads\/2023\/01\/region.png"}],"twitter_card":"summary_large_image","twitter_misc":{"Dur\u00e9e de lecture estim\u00e9e":"4 minutes"},"schema":{"@context":"https:\/\/schema.org","@graph":[{"@type":"WebPage","@id":"https:\/\/festival-gerardmer.com\/2023\/prix-du-jury-jeunes-de-la-region-grand-est\/","url":"https:\/\/festival-gerardmer.com\/2023\/prix-du-jury-jeunes-de-la-region-grand-est\/","name":"Prix du jury jeunes de la R\u00e9gion Grand Est - Festival de G\u00e9rardmer 2023","isPartOf":{"@id":"https:\/\/festival-gerardmer.com\/2023\/#website"},"datePublished":"2023-01-12T12:00:49+00:00","dateModified":"2023-01-12T07:32:56+00:00","breadcrumb":{"@id":"https:\/\/festival-gerardmer.com\/2023\/prix-du-jury-jeunes-de-la-region-grand-est\/#breadcrumb"},"inLanguage":"fr-FR","potentialAction":[{"@type":"ReadAction","target":["https:\/\/festival-gerardmer.com\/2023\/prix-du-jury-jeunes-de-la-region-grand-est\/"]}]},{"@type":"BreadcrumbList","@id":"https:\/\/festival-gerardmer.com\/2023\/prix-du-jury-jeunes-de-la-region-grand-est\/#breadcrumb","itemListElement":[{"@type":"ListItem","position":1,"name":"Accueil","item":"https:\/\/festival-gerardmer.com\/2023\/"},{"@type":"ListItem","position":2,"name":"Prix du jury jeunes de la R\u00e9gion Grand Est"}]},{"@type":"WebSite","@id":"https:\/\/festival-gerardmer.com\/2023\/#website","url":"https:\/\/festival-gerardmer.com\/2023\/","name":"Festival de G\u00e9rardmer 2023","description":"","potentialAction":[{"@type":"SearchAction","target":{"@type":"EntryPoint","urlTemplate":"https:\/\/festival-gerardmer.com\/2023\/?s={search_term_string}"},"query-input":"required name=search_term_string"}],"inLanguage":"fr-FR"}]}},"_links":{"self":[{"href":"https:\/\/festival-gerardmer.com\/2023\/wp-json\/wp\/v2\/pages\/689","targetHints":{"allow":["GET"]}}],"collection":[{"href":"https:\/\/festival-gerardmer.com\/2023\/wp-json\/wp\/v2\/pages"}],"about":[{"href":"https:\/\/festival-gerardmer.com\/2023\/wp-json\/wp\/v2\/types\/page"}],"author":[{"embeddable":true,"href":"https:\/\/festival-gerardmer.com\/2023\/wp-json\/wp\/v2\/users\/1"}],"replies":[{"embeddable":true,"href":"https:\/\/festival-gerardmer.com\/2023\/wp-json\/wp\/v2\/comments?post=689"}],"version-history":[{"count":10,"href":"https:\/\/festival-gerardmer.com\/2023\/wp-json\/wp\/v2\/pages\/689\/revisions"}],"predecessor-version":[{"id":702,"href":"https:\/\/festival-gerardmer.com\/2023\/wp-json\/wp\/v2\/pages\/689\/revisions\/702"}],"wp:attachment":[{"href":"https:\/\/festival-gerardmer.com\/2023\/wp-json\/wp\/v2\/media?parent=689"}],"curies":[{"name":"wp","href":"https:\/\/api.w.org\/{rel}","templated":true}]}}