{"id":489,"date":"2024-01-16T13:40:24","date_gmt":"2024-01-16T12:40:24","guid":{"rendered":"https:\/\/festival-gerardmer.com\/2024\/?page_id=489"},"modified":"2024-01-23T16:33:38","modified_gmt":"2024-01-23T15:33:38","slug":"le-grimoire","status":"publish","type":"page","link":"https:\/\/festival-gerardmer.com\/2024\/le-grimoire\/","title":{"rendered":"LE GRIMOIRE"},"content":{"rendered":"[vc_row type=\u00a0\u00bbfull_width_content\u00a0\u00bb full_screen_row_position=\u00a0\u00bbmiddle\u00a0\u00bb column_margin=\u00a0\u00bbdefault\u00a0\u00bb column_direction=\u00a0\u00bbdefault\u00a0\u00bb column_direction_tablet=\u00a0\u00bbdefault\u00a0\u00bb column_direction_phone=\u00a0\u00bbdefault\u00a0\u00bb bg_color=\u00a0\u00bb#000000&Prime; scene_position=\u00a0\u00bbcenter\u00a0\u00bb top_padding=\u00a0\u00bb10%\u00a0\u00bb constrain_group_1=\u00a0\u00bbyes\u00a0\u00bb bottom_padding=\u00a0\u00bb10%\u00a0\u00bb left_padding_desktop=\u00a0\u00bb10%\u00a0\u00bb constrain_group_2=\u00a0\u00bbyes\u00a0\u00bb right_padding_desktop=\u00a0\u00bb10%\u00a0\u00bb text_color=\u00a0\u00bbdark\u00a0\u00bb text_align=\u00a0\u00bbleft\u00a0\u00bb row_border_radius=\u00a0\u00bbnone\u00a0\u00bb row_border_radius_applies=\u00a0\u00bbbg\u00a0\u00bb overflow=\u00a0\u00bbvisible\u00a0\u00bb overlay_strength=\u00a0\u00bb0.3&Prime; gradient_direction=\u00a0\u00bbleft_to_right\u00a0\u00bb shape_divider_position=\u00a0\u00bbbottom\u00a0\u00bb bg_image_animation=\u00a0\u00bbnone\u00a0\u00bb gradient_type=\u00a0\u00bbdefault\u00a0\u00bb shape_type=\u00a0\u00bb\u00a0\u00bb][vc_column column_padding=\u00a0\u00bbno-extra-padding\u00a0\u00bb column_padding_tablet=\u00a0\u00bbinherit\u00a0\u00bb column_padding_phone=\u00a0\u00bbinherit\u00a0\u00bb column_padding_position=\u00a0\u00bball\u00a0\u00bb column_element_direction_desktop=\u00a0\u00bbdefault\u00a0\u00bb column_element_spacing=\u00a0\u00bbdefault\u00a0\u00bb desktop_text_alignment=\u00a0\u00bbdefault\u00a0\u00bb tablet_text_alignment=\u00a0\u00bbdefault\u00a0\u00bb phone_text_alignment=\u00a0\u00bbdefault\u00a0\u00bb background_color_opacity=\u00a0\u00bb1&Prime; background_hover_color_opacity=\u00a0\u00bb1&Prime; column_backdrop_filter=\u00a0\u00bbnone\u00a0\u00bb column_shadow=\u00a0\u00bbnone\u00a0\u00bb column_border_radius=\u00a0\u00bbnone\u00a0\u00bb column_link_target=\u00a0\u00bb_self\u00a0\u00bb column_position=\u00a0\u00bbdefault\u00a0\u00bb gradient_direction=\u00a0\u00bbleft_to_right\u00a0\u00bb overlay_strength=\u00a0\u00bb0.3&Prime; width=\u00a0\u00bb1\/1&Prime; tablet_width_inherit=\u00a0\u00bbdefault\u00a0\u00bb animation_type=\u00a0\u00bbdefault\u00a0\u00bb bg_image_animation=\u00a0\u00bbnone\u00a0\u00bb border_type=\u00a0\u00bbsimple\u00a0\u00bb column_border_width=\u00a0\u00bbnone\u00a0\u00bb column_border_style=\u00a0\u00bbsolid\u00a0\u00bb][nectar_animated_title heading_tag=\u00a0\u00bbh6&Prime; style=\u00a0\u00bbcolor-strip-reveal\u00a0\u00bb color=\u00a0\u00bbExtra-Color-1&Prime; text=\u00a0\u00bbLitt\u00e9rature fantastique\u00a0\u00bb][nectar_gradient_text heading_tag=\u00a0\u00bbh1&Prime; color=\u00a0\u00bbextra-color-gradient-1&Prime; gradient_direction=\u00a0\u00bbhorizontal\u00a0\u00bb text=\u00a0\u00bbLE GRIMOIRE\u00a0\u00bb margin_bottom=\u00a0\u00bb14&Prime;][vc_column_text]<span style=\"color: #ff9900;\"><strong>Salon litt\u00e9raire du festival<\/strong><\/span><br \/>\n<span style=\"color: #ff9900;\"><strong>Organis\u00e9 en collaboration avec \u00ab\u00a0La Libraire\u00a0\u00bb <\/strong><\/span>[\/vc_column_text][vc_column_text]Durant le festival, l\u2019espace Tilleul accueille le salon litt\u00e9raire \u00ab Le Grimoire \u00bb lors duquel une trentaine d\u2019\u00e9crivains et dessinateurs \u0153uvrant dans le genre fantastique viennent pr\u00e9senter leurs derni\u00e8res publications, \u00e9changer avec le public et participer \u00e0 des d\u00e9dicaces. Leur pr\u00e9sence est aussi l\u2019occasion de proposer des rencontres autour de la litt\u00e9rature.[\/vc_column_text][vc_column_text]<span style=\"color: #ff9900;\"><strong>Auteurs pr\u00e9sents cette ann\u00e9e<\/strong><\/span>[\/vc_column_text][vc_column_text]<em>Programme des d\u00e9dicaces sur www.festival-gerardmer.com<\/em><\/p>\n<p>Judas Aaron &#8211; Manuel Bayeux &#8211; Pablo Behague &#8211; Jocelyne Bigare &#8211; J\u00e9r\u00f4me Bonnet &#8211; Thierry Cara &#8211; Coralie Chastain &#8211; Anthony \u00ab\u00a0Snail\u00a0\u00bb Colin &#8211; David Coulon &#8211; Xavier Desbarats &#8211; David Diez &#8211; Kevin Dos Santos &#8211; Ludovic Du Clary &#8211; Audrey Fella &#8211; Ga\u00eblle Fratelli &#8211; Vincent Leclerc &#8211; Henri L\u0153venbruck &#8211; Mathias Malzieu &#8211; Julian Marchais &#8211; Bernard Minier &#8211; Patrick Pasky &#8211; La\u00ebtitia Reynders &#8211; Mip Ruberto Sanquer &#8211; Arnaud Schilling &#8211; C\u00e9dric Sire &#8211; Hadrien Soulez Larivi\u00e8re &#8211; Vincent Thomas &#8211; Marc Welinski &#8211; Bernard Werber &#8211; St\u00e9phane Willemy<\/p>\n<p>Espace Tilleul, salle Jacques Brel<br \/>\n<strong>Du 25 au 28 janvier &#8211; Entr\u00e9e gratuite<\/strong><br \/>\n<strong>Ouverture de 10h \u00e0 19h, dimanche jusqu\u2019\u00e0 17h<\/strong><br \/>\n<strong>Vernissage le samedi 27 janvier \u00e0 11h45 en pr\u00e9sence des auteurs<\/strong>[\/vc_column_text][nectar_btn size=\u00a0\u00bbmedium\u00a0\u00bb open_new_tab=\u00a0\u00bbtrue\u00a0\u00bb button_style=\u00a0\u00bbregular\u00a0\u00bb button_color_2=\u00a0\u00bbextra-color-gradient-1&Prime; icon_family=\u00a0\u00bbnone\u00a0\u00bb text=\u00a0\u00bbFascicule Grimoire 2024&Prime; url=\u00a0\u00bbhttps:\/\/festival-gerardmer.com\/2024\/wp-content\/uploads\/2024\/01\/grimoire.pdf\u00a0\u00bb][nectar_btn size=\u00a0\u00bbmedium\u00a0\u00bb open_new_tab=\u00a0\u00bbtrue\u00a0\u00bb button_style=\u00a0\u00bbregular\u00a0\u00bb button_color_2=\u00a0\u00bbextra-color-gradient-1&Prime; icon_family=\u00a0\u00bbnone\u00a0\u00bb text=\u00a0\u00bbPlanning des d\u00e9dicaces\u00a0\u00bb url=\u00a0\u00bbhttps:\/\/festival-gerardmer.com\/2024\/wp-content\/uploads\/2024\/01\/Dedicaces-au-Grimoire.pdf\u00a0\u00bb margin_left=\u00a0\u00bb30&Prime;][\/vc_column][\/vc_row][vc_row type=\u00a0\u00bbin_container\u00a0\u00bb full_screen_row_position=\u00a0\u00bbmiddle\u00a0\u00bb column_margin=\u00a0\u00bbdefault\u00a0\u00bb column_direction=\u00a0\u00bbdefault\u00a0\u00bb column_direction_tablet=\u00a0\u00bbdefault\u00a0\u00bb column_direction_phone=\u00a0\u00bbdefault\u00a0\u00bb scene_position=\u00a0\u00bbcenter\u00a0\u00bb top_margin=\u00a0\u00bb3%\u00a0\u00bb constrain_group_7=\u00a0\u00bbyes\u00a0\u00bb bottom_margin=\u00a0\u00bb3%\u00a0\u00bb left_margin=\u00a0\u00bb25%\u00a0\u00bb constrain_group_8=\u00a0\u00bbyes\u00a0\u00bb right_margin=\u00a0\u00bb25%\u00a0\u00bb text_color=\u00a0\u00bbdark\u00a0\u00bb text_align=\u00a0\u00bbleft\u00a0\u00bb row_border_radius=\u00a0\u00bbnone\u00a0\u00bb row_border_radius_applies=\u00a0\u00bbbg\u00a0\u00bb overflow=\u00a0\u00bbvisible\u00a0\u00bb overlay_strength=\u00a0\u00bb0.3&Prime; gradient_direction=\u00a0\u00bbleft_to_right\u00a0\u00bb shape_divider_position=\u00a0\u00bbbottom\u00a0\u00bb bg_image_animation=\u00a0\u00bbnone\u00a0\u00bb gradient_type=\u00a0\u00bbdefault\u00a0\u00bb shape_type=\u00a0\u00bb\u00a0\u00bb][vc_column column_padding=\u00a0\u00bbno-extra-padding\u00a0\u00bb column_padding_tablet=\u00a0\u00bbinherit\u00a0\u00bb column_padding_phone=\u00a0\u00bbinherit\u00a0\u00bb column_padding_position=\u00a0\u00bball\u00a0\u00bb column_element_direction_desktop=\u00a0\u00bbdefault\u00a0\u00bb column_element_spacing=\u00a0\u00bbdefault\u00a0\u00bb desktop_text_alignment=\u00a0\u00bbdefault\u00a0\u00bb tablet_text_alignment=\u00a0\u00bbdefault\u00a0\u00bb phone_text_alignment=\u00a0\u00bbdefault\u00a0\u00bb background_color_opacity=\u00a0\u00bb1&Prime; background_hover_color_opacity=\u00a0\u00bb1&Prime; column_backdrop_filter=\u00a0\u00bbnone\u00a0\u00bb column_shadow=\u00a0\u00bbnone\u00a0\u00bb column_border_radius=\u00a0\u00bbnone\u00a0\u00bb column_link_target=\u00a0\u00bb_self\u00a0\u00bb column_position=\u00a0\u00bbdefault\u00a0\u00bb gradient_direction=\u00a0\u00bbleft_to_right\u00a0\u00bb overlay_strength=\u00a0\u00bb0.3&Prime; width=\u00a0\u00bb1\/1&Prime; tablet_width_inherit=\u00a0\u00bbdefault\u00a0\u00bb animation_type=\u00a0\u00bbdefault\u00a0\u00bb bg_image_animation=\u00a0\u00bbnone\u00a0\u00bb border_type=\u00a0\u00bbsimple\u00a0\u00bb column_border_width=\u00a0\u00bbnone\u00a0\u00bb column_border_style=\u00a0\u00bbsolid\u00a0\u00bb][nectar_global_section id=\u00a0\u00bb70&Prime;][\/vc_column][\/vc_row]\n","protected":false},"excerpt":{"rendered":"<p>[vc_row type=\u00a0\u00bbfull_width_content\u00a0\u00bb full_screen_row_position=\u00a0\u00bbmiddle\u00a0\u00bb column_margin=\u00a0\u00bbdefault\u00a0\u00bb column_direction=\u00a0\u00bbdefault\u00a0\u00bb column_direction_tablet=\u00a0\u00bbdefault\u00a0\u00bb column_direction_phone=\u00a0\u00bbdefault\u00a0\u00bb bg_color=\u00a0\u00bb#000000&Prime; scene_position=\u00a0\u00bbcenter\u00a0\u00bb top_padding=\u00a0\u00bb10%\u00a0\u00bb constrain_group_1=\u00a0\u00bbyes\u00a0\u00bb bottom_padding=\u00a0\u00bb10%\u00a0\u00bb left_padding_desktop=\u00a0\u00bb10%\u00a0\u00bb constrain_group_2=\u00a0\u00bbyes\u00a0\u00bb right_padding_desktop=\u00a0\u00bb10%\u00a0\u00bb text_color=\u00a0\u00bbdark\u00a0\u00bb text_align=\u00a0\u00bbleft\u00a0\u00bb row_border_radius=\u00a0\u00bbnone\u00a0\u00bb row_border_radius_applies=\u00a0\u00bbbg\u00a0\u00bb overflow=\u00a0\u00bbvisible\u00a0\u00bb overlay_strength=\u00a0\u00bb0.3&Prime; gradient_direction=\u00a0\u00bbleft_to_right\u00a0\u00bb shape_divider_position=\u00a0\u00bbbottom\u00a0\u00bb bg_image_animation=\u00a0\u00bbnone\u00a0\u00bb gradient_type=\u00a0\u00bbdefault\u00a0\u00bb shape_type=\u00a0\u00bb\u00a0\u00bb][vc_column column_padding=\u00a0\u00bbno-extra-padding\u00a0\u00bb column_padding_tablet=\u00a0\u00bbinherit\u00a0\u00bb column_padding_phone=\u00a0\u00bbinherit\u00a0\u00bb column_padding_position=\u00a0\u00bball\u00a0\u00bb&#8230;<\/p>\n","protected":false},"author":1,"featured_media":0,"parent":0,"menu_order":0,"comment_status":"closed","ping_status":"closed","template":"","meta":{"footnotes":""},"class_list":["post-489","page","type-page","status-publish"],"yoast_head":"<!-- This site is optimized with the Yoast SEO plugin v21.9.1 - https:\/\/yoast.com\/wordpress\/plugins\/seo\/ -->\n<title>LE GRIMOIRE - Festival de G\u00e9rardmer 2024<\/title>\n<meta name=\"robots\" content=\"index, follow, max-snippet:-1, max-image-preview:large, max-video-preview:-1\" \/>\n<link rel=\"canonical\" href=\"https:\/\/festival-gerardmer.com\/2024\/le-grimoire\/\" \/>\n<meta property=\"og:locale\" content=\"fr_FR\" \/>\n<meta property=\"og:type\" content=\"article\" \/>\n<meta property=\"og:title\" content=\"LE GRIMOIRE - Festival de G\u00e9rardmer 2024\" \/>\n<meta property=\"og:description\" content=\"[vc_row type=\u00a0\u00bbfull_width_content\u00a0\u00bb full_screen_row_position=\u00a0\u00bbmiddle\u00a0\u00bb column_margin=\u00a0\u00bbdefault\u00a0\u00bb column_direction=\u00a0\u00bbdefault\u00a0\u00bb column_direction_tablet=\u00a0\u00bbdefault\u00a0\u00bb column_direction_phone=\u00a0\u00bbdefault\u00a0\u00bb bg_color=\u00a0\u00bb#000000&Prime; scene_position=\u00a0\u00bbcenter\u00a0\u00bb top_padding=\u00a0\u00bb10%\u00a0\u00bb constrain_group_1=\u00a0\u00bbyes\u00a0\u00bb bottom_padding=\u00a0\u00bb10%\u00a0\u00bb left_padding_desktop=\u00a0\u00bb10%\u00a0\u00bb constrain_group_2=\u00a0\u00bbyes\u00a0\u00bb right_padding_desktop=\u00a0\u00bb10%\u00a0\u00bb text_color=\u00a0\u00bbdark\u00a0\u00bb text_align=\u00a0\u00bbleft\u00a0\u00bb row_border_radius=\u00a0\u00bbnone\u00a0\u00bb row_border_radius_applies=\u00a0\u00bbbg\u00a0\u00bb overflow=\u00a0\u00bbvisible\u00a0\u00bb overlay_strength=\u00a0\u00bb0.3&Prime; gradient_direction=\u00a0\u00bbleft_to_right\u00a0\u00bb shape_divider_position=\u00a0\u00bbbottom\u00a0\u00bb bg_image_animation=\u00a0\u00bbnone\u00a0\u00bb gradient_type=\u00a0\u00bbdefault\u00a0\u00bb shape_type=\u00a0\u00bb\u00a0\u00bb][vc_column column_padding=\u00a0\u00bbno-extra-padding\u00a0\u00bb column_padding_tablet=\u00a0\u00bbinherit\u00a0\u00bb column_padding_phone=\u00a0\u00bbinherit\u00a0\u00bb column_padding_position=\u00a0\u00bball\u00a0\u00bb...\" \/>\n<meta property=\"og:url\" content=\"https:\/\/festival-gerardmer.com\/2024\/le-grimoire\/\" \/>\n<meta property=\"og:site_name\" content=\"Festival de G\u00e9rardmer 2024\" \/>\n<meta property=\"article:publisher\" content=\"https:\/\/www.facebook.com\/festivaldegerardmer\" \/>\n<meta property=\"article:modified_time\" content=\"2024-01-23T15:33:38+00:00\" \/>\n<meta name=\"twitter:card\" content=\"summary_large_image\" \/>\n<meta name=\"twitter:site\" content=\"@FestGerardmer\" \/>\n<meta name=\"twitter:label1\" content=\"Dur\u00e9e de lecture estim\u00e9e\" \/>\n\t<meta name=\"twitter:data1\" content=\"1 minute\" \/>\n<script type=\"application\/ld+json\" class=\"yoast-schema-graph\">{\"@context\":\"https:\/\/schema.org\",\"@graph\":[{\"@type\":\"WebPage\",\"@id\":\"https:\/\/festival-gerardmer.com\/2024\/le-grimoire\/\",\"url\":\"https:\/\/festival-gerardmer.com\/2024\/le-grimoire\/\",\"name\":\"LE GRIMOIRE - Festival de G\u00e9rardmer 2024\",\"isPartOf\":{\"@id\":\"https:\/\/festival-gerardmer.com\/2024\/#website\"},\"datePublished\":\"2024-01-16T12:40:24+00:00\",\"dateModified\":\"2024-01-23T15:33:38+00:00\",\"breadcrumb\":{\"@id\":\"https:\/\/festival-gerardmer.com\/2024\/le-grimoire\/#breadcrumb\"},\"inLanguage\":\"fr-FR\",\"potentialAction\":[{\"@type\":\"ReadAction\",\"target\":[\"https:\/\/festival-gerardmer.com\/2024\/le-grimoire\/\"]}]},{\"@type\":\"BreadcrumbList\",\"@id\":\"https:\/\/festival-gerardmer.com\/2024\/le-grimoire\/#breadcrumb\",\"itemListElement\":[{\"@type\":\"ListItem\",\"position\":1,\"name\":\"Accueil\",\"item\":\"https:\/\/festival-gerardmer.com\/2024\/\"},{\"@type\":\"ListItem\",\"position\":2,\"name\":\"LE GRIMOIRE\"}]},{\"@type\":\"WebSite\",\"@id\":\"https:\/\/festival-gerardmer.com\/2024\/#website\",\"url\":\"https:\/\/festival-gerardmer.com\/2024\/\",\"name\":\"Festival International du film fantastique de G\u00e9rardmer 2024\",\"description\":\"\",\"publisher\":{\"@id\":\"https:\/\/festival-gerardmer.com\/2024\/#organization\"},\"potentialAction\":[{\"@type\":\"SearchAction\",\"target\":{\"@type\":\"EntryPoint\",\"urlTemplate\":\"https:\/\/festival-gerardmer.com\/2024\/?s={search_term_string}\"},\"query-input\":\"required name=search_term_string\"}],\"inLanguage\":\"fr-FR\"},{\"@type\":\"Organization\",\"@id\":\"https:\/\/festival-gerardmer.com\/2024\/#organization\",\"name\":\"Festival International du film fantastique de G\u00e9rardmer 2024\",\"url\":\"https:\/\/festival-gerardmer.com\/2024\/\",\"logo\":{\"@type\":\"ImageObject\",\"inLanguage\":\"fr-FR\",\"@id\":\"https:\/\/festival-gerardmer.com\/2024\/#\/schema\/logo\/image\/\",\"url\":\"https:\/\/festival-gerardmer.com\/2024\/wp-content\/uploads\/2023\/11\/LogoGerardmerFRA24-1L-degrade.png\",\"contentUrl\":\"https:\/\/festival-gerardmer.com\/2024\/wp-content\/uploads\/2023\/11\/LogoGerardmerFRA24-1L-degrade.png\",\"width\":2173,\"height\":1063,\"caption\":\"Festival International du film fantastique de G\u00e9rardmer 2024\"},\"image\":{\"@id\":\"https:\/\/festival-gerardmer.com\/2024\/#\/schema\/logo\/image\/\"},\"sameAs\":[\"https:\/\/www.facebook.com\/festivaldegerardmer\",\"https:\/\/twitter.com\/FestGerardmer\",\"https:\/\/www.instagram.com\/festivaldegerardmer\/\"]}]}<\/script>\n<!-- \/ Yoast SEO plugin. -->","yoast_head_json":{"title":"LE GRIMOIRE - Festival de G\u00e9rardmer 2024","robots":{"index":"index","follow":"follow","max-snippet":"max-snippet:-1","max-image-preview":"max-image-preview:large","max-video-preview":"max-video-preview:-1"},"canonical":"https:\/\/festival-gerardmer.com\/2024\/le-grimoire\/","og_locale":"fr_FR","og_type":"article","og_title":"LE GRIMOIRE - Festival de G\u00e9rardmer 2024","og_description":"[vc_row type=\u00a0\u00bbfull_width_content\u00a0\u00bb full_screen_row_position=\u00a0\u00bbmiddle\u00a0\u00bb column_margin=\u00a0\u00bbdefault\u00a0\u00bb column_direction=\u00a0\u00bbdefault\u00a0\u00bb column_direction_tablet=\u00a0\u00bbdefault\u00a0\u00bb column_direction_phone=\u00a0\u00bbdefault\u00a0\u00bb bg_color=\u00a0\u00bb#000000&Prime; scene_position=\u00a0\u00bbcenter\u00a0\u00bb top_padding=\u00a0\u00bb10%\u00a0\u00bb constrain_group_1=\u00a0\u00bbyes\u00a0\u00bb bottom_padding=\u00a0\u00bb10%\u00a0\u00bb left_padding_desktop=\u00a0\u00bb10%\u00a0\u00bb constrain_group_2=\u00a0\u00bbyes\u00a0\u00bb right_padding_desktop=\u00a0\u00bb10%\u00a0\u00bb text_color=\u00a0\u00bbdark\u00a0\u00bb text_align=\u00a0\u00bbleft\u00a0\u00bb row_border_radius=\u00a0\u00bbnone\u00a0\u00bb row_border_radius_applies=\u00a0\u00bbbg\u00a0\u00bb overflow=\u00a0\u00bbvisible\u00a0\u00bb overlay_strength=\u00a0\u00bb0.3&Prime; gradient_direction=\u00a0\u00bbleft_to_right\u00a0\u00bb shape_divider_position=\u00a0\u00bbbottom\u00a0\u00bb bg_image_animation=\u00a0\u00bbnone\u00a0\u00bb gradient_type=\u00a0\u00bbdefault\u00a0\u00bb shape_type=\u00a0\u00bb\u00a0\u00bb][vc_column column_padding=\u00a0\u00bbno-extra-padding\u00a0\u00bb column_padding_tablet=\u00a0\u00bbinherit\u00a0\u00bb column_padding_phone=\u00a0\u00bbinherit\u00a0\u00bb column_padding_position=\u00a0\u00bball\u00a0\u00bb...","og_url":"https:\/\/festival-gerardmer.com\/2024\/le-grimoire\/","og_site_name":"Festival de G\u00e9rardmer 2024","article_publisher":"https:\/\/www.facebook.com\/festivaldegerardmer","article_modified_time":"2024-01-23T15:33:38+00:00","twitter_card":"summary_large_image","twitter_site":"@FestGerardmer","twitter_misc":{"Dur\u00e9e de lecture estim\u00e9e":"1 minute"},"schema":{"@context":"https:\/\/schema.org","@graph":[{"@type":"WebPage","@id":"https:\/\/festival-gerardmer.com\/2024\/le-grimoire\/","url":"https:\/\/festival-gerardmer.com\/2024\/le-grimoire\/","name":"LE GRIMOIRE - Festival de G\u00e9rardmer 2024","isPartOf":{"@id":"https:\/\/festival-gerardmer.com\/2024\/#website"},"datePublished":"2024-01-16T12:40:24+00:00","dateModified":"2024-01-23T15:33:38+00:00","breadcrumb":{"@id":"https:\/\/festival-gerardmer.com\/2024\/le-grimoire\/#breadcrumb"},"inLanguage":"fr-FR","potentialAction":[{"@type":"ReadAction","target":["https:\/\/festival-gerardmer.com\/2024\/le-grimoire\/"]}]},{"@type":"BreadcrumbList","@id":"https:\/\/festival-gerardmer.com\/2024\/le-grimoire\/#breadcrumb","itemListElement":[{"@type":"ListItem","position":1,"name":"Accueil","item":"https:\/\/festival-gerardmer.com\/2024\/"},{"@type":"ListItem","position":2,"name":"LE GRIMOIRE"}]},{"@type":"WebSite","@id":"https:\/\/festival-gerardmer.com\/2024\/#website","url":"https:\/\/festival-gerardmer.com\/2024\/","name":"Festival International du film fantastique de G\u00e9rardmer 2024","description":"","publisher":{"@id":"https:\/\/festival-gerardmer.com\/2024\/#organization"},"potentialAction":[{"@type":"SearchAction","target":{"@type":"EntryPoint","urlTemplate":"https:\/\/festival-gerardmer.com\/2024\/?s={search_term_string}"},"query-input":"required name=search_term_string"}],"inLanguage":"fr-FR"},{"@type":"Organization","@id":"https:\/\/festival-gerardmer.com\/2024\/#organization","name":"Festival International du film fantastique de G\u00e9rardmer 2024","url":"https:\/\/festival-gerardmer.com\/2024\/","logo":{"@type":"ImageObject","inLanguage":"fr-FR","@id":"https:\/\/festival-gerardmer.com\/2024\/#\/schema\/logo\/image\/","url":"https:\/\/festival-gerardmer.com\/2024\/wp-content\/uploads\/2023\/11\/LogoGerardmerFRA24-1L-degrade.png","contentUrl":"https:\/\/festival-gerardmer.com\/2024\/wp-content\/uploads\/2023\/11\/LogoGerardmerFRA24-1L-degrade.png","width":2173,"height":1063,"caption":"Festival International du film fantastique de G\u00e9rardmer 2024"},"image":{"@id":"https:\/\/festival-gerardmer.com\/2024\/#\/schema\/logo\/image\/"},"sameAs":["https:\/\/www.facebook.com\/festivaldegerardmer","https:\/\/twitter.com\/FestGerardmer","https:\/\/www.instagram.com\/festivaldegerardmer\/"]}]}},"_links":{"self":[{"href":"https:\/\/festival-gerardmer.com\/2024\/wp-json\/wp\/v2\/pages\/489","targetHints":{"allow":["GET"]}}],"collection":[{"href":"https:\/\/festival-gerardmer.com\/2024\/wp-json\/wp\/v2\/pages"}],"about":[{"href":"https:\/\/festival-gerardmer.com\/2024\/wp-json\/wp\/v2\/types\/page"}],"author":[{"embeddable":true,"href":"https:\/\/festival-gerardmer.com\/2024\/wp-json\/wp\/v2\/users\/1"}],"replies":[{"embeddable":true,"href":"https:\/\/festival-gerardmer.com\/2024\/wp-json\/wp\/v2\/comments?post=489"}],"version-history":[{"count":4,"href":"https:\/\/festival-gerardmer.com\/2024\/wp-json\/wp\/v2\/pages\/489\/revisions"}],"predecessor-version":[{"id":888,"href":"https:\/\/festival-gerardmer.com\/2024\/wp-json\/wp\/v2\/pages\/489\/revisions\/888"}],"wp:attachment":[{"href":"https:\/\/festival-gerardmer.com\/2024\/wp-json\/wp\/v2\/media?parent=489"}],"curies":[{"name":"wp","href":"https:\/\/api.w.org\/{rel}","templated":true}]}}