{"id":600,"date":"2024-01-11T12:00:15","date_gmt":"2024-01-11T11:00:15","guid":{"rendered":"https:\/\/festival-gerardmer.com\/2024\/?page_id=600"},"modified":"2024-01-13T17:56:22","modified_gmt":"2024-01-13T16:56:22","slug":"exposition-a-la-mediatheque","status":"publish","type":"page","link":"https:\/\/festival-gerardmer.com\/2024\/exposition-a-la-mediatheque\/","title":{"rendered":"Exposition \u00e0 la m\u00e9diath\u00e8que"},"content":{"rendered":"[vc_row type=\u00a0\u00bbfull_width_content\u00a0\u00bb full_screen_row_position=\u00a0\u00bbmiddle\u00a0\u00bb column_margin=\u00a0\u00bbdefault\u00a0\u00bb column_direction=\u00a0\u00bbdefault\u00a0\u00bb column_direction_tablet=\u00a0\u00bbdefault\u00a0\u00bb column_direction_phone=\u00a0\u00bbdefault\u00a0\u00bb bg_color=\u00a0\u00bb#000000&Prime; scene_position=\u00a0\u00bbcenter\u00a0\u00bb top_padding=\u00a0\u00bb10%\u00a0\u00bb constrain_group_1=\u00a0\u00bbyes\u00a0\u00bb bottom_padding=\u00a0\u00bb10%\u00a0\u00bb left_padding_desktop=\u00a0\u00bb10%\u00a0\u00bb constrain_group_2=\u00a0\u00bbyes\u00a0\u00bb right_padding_desktop=\u00a0\u00bb10%\u00a0\u00bb text_color=\u00a0\u00bbdark\u00a0\u00bb text_align=\u00a0\u00bbleft\u00a0\u00bb row_border_radius=\u00a0\u00bbnone\u00a0\u00bb row_border_radius_applies=\u00a0\u00bbbg\u00a0\u00bb overflow=\u00a0\u00bbvisible\u00a0\u00bb overlay_strength=\u00a0\u00bb0.3&Prime; gradient_direction=\u00a0\u00bbleft_to_right\u00a0\u00bb shape_divider_position=\u00a0\u00bbbottom\u00a0\u00bb bg_image_animation=\u00a0\u00bbnone\u00a0\u00bb gradient_type=\u00a0\u00bbdefault\u00a0\u00bb shape_type=\u00a0\u00bb\u00a0\u00bb][vc_column column_padding=\u00a0\u00bbno-extra-padding\u00a0\u00bb column_padding_tablet=\u00a0\u00bbinherit\u00a0\u00bb column_padding_phone=\u00a0\u00bbinherit\u00a0\u00bb column_padding_position=\u00a0\u00bball\u00a0\u00bb column_element_direction_desktop=\u00a0\u00bbdefault\u00a0\u00bb column_element_spacing=\u00a0\u00bbdefault\u00a0\u00bb desktop_text_alignment=\u00a0\u00bbdefault\u00a0\u00bb tablet_text_alignment=\u00a0\u00bbdefault\u00a0\u00bb phone_text_alignment=\u00a0\u00bbdefault\u00a0\u00bb background_color_opacity=\u00a0\u00bb1&Prime; background_hover_color_opacity=\u00a0\u00bb1&Prime; column_backdrop_filter=\u00a0\u00bbnone\u00a0\u00bb column_shadow=\u00a0\u00bbnone\u00a0\u00bb column_border_radius=\u00a0\u00bbnone\u00a0\u00bb column_link_target=\u00a0\u00bb_self\u00a0\u00bb column_position=\u00a0\u00bbdefault\u00a0\u00bb gradient_direction=\u00a0\u00bbleft_to_right\u00a0\u00bb overlay_strength=\u00a0\u00bb0.3&Prime; width=\u00a0\u00bb1\/1&Prime; tablet_width_inherit=\u00a0\u00bbdefault\u00a0\u00bb animation_type=\u00a0\u00bbdefault\u00a0\u00bb bg_image_animation=\u00a0\u00bbnone\u00a0\u00bb border_type=\u00a0\u00bbsimple\u00a0\u00bb column_border_width=\u00a0\u00bbnone\u00a0\u00bb column_border_style=\u00a0\u00bbsolid\u00a0\u00bb][nectar_gradient_text heading_tag=\u00a0\u00bbh1&Prime; color=\u00a0\u00bbextra-color-gradient-1&Prime; gradient_direction=\u00a0\u00bbhorizontal\u00a0\u00bb text=\u00a0\u00bbPULP : RECITS DE TERREUR ET MONSTRES EN COULEURS\u00a0\u00bb margin_bottom=\u00a0\u00bb98&Prime;][vc_column_text]Le terme \u00ab\u00a0pulps\u00a0\u00bb, abr\u00e9viation de \u00ab pulp magazines \u00bb, d\u00e9signe des publications de litt\u00e9rature populaire aux \u00c9tats-Unis durant la premi\u00e8re moiti\u00e9 du XXe si\u00e8cle. Le nom \u00ab pulp \u00bb vient du fait que ces magazines \u00e9taient imprim\u00e9s sur du papier de basse qualit\u00e9 dont la p\u00e2te \u00e9tait constitu\u00e9e de r\u00e9sidus de fibres de bois (woodpulp).<\/p>\n<p>Les \u00ab pulps \u00bb ont \u00e9t\u00e9 pour beaucoup dans le d\u00e9veloppement des genres comme le fantastique, la science-fiction et l&rsquo;horreur. Plusieurs auteurs sont devenus c\u00e9l\u00e8bres en \u00e9crivant dans les magazines \u00ab\u00a0Weird Tales\u00a0\u00bb, \u00ab\u00a0Amazing Stories\u00a0\u00bb ou \u00ab\u00a0Astounding Stories\u00a0\u00bb. Parmi eux, Isaac Asimov, Robert Bloch (l&rsquo;auteur de \u00ab\u00a0Psychose\u00a0\u00bb), Philip K. Dick et bien s\u00fbr H. P. Lovecraft.<\/p>\n<p>Mais le succ\u00e8s des pulps s&rsquo;explique aussi par les illustrations\u00a0: pour sortir du lot parmi toutes les publications propos\u00e9es en kiosque, les illustrateurs rivalisaient de couleurs bariol\u00e9es et de monstres spectaculaires, quitte \u00e0 exag\u00e9rer ou inventer des \u00e9l\u00e9ments absents des histoires\u00a0!<\/p>\n<p>Cette exposition leur rend hommage en pr\u00e9sentant de nombreuses reproductions des couvertures et des illustrations int\u00e9rieures.<\/p>\n<p><strong>M\u00e9diath\u00e8que intercommunale G\u00e9rardmer Hautes Vosges<\/strong><br \/>\n<strong>Espace Tilleul\u00a0<\/strong><br \/>\n<strong>Du 23 janvier au 17 f\u00e9vrier &#8211; Entr\u00e9e gratuite<\/strong><br \/>\n<strong>Ouverture de 10h \u00e0 18h (mercredi et samedi), de 10h \u00e0 12h et de 14h \u00e0 18h (mardi et vendredi), de 10h \u00e0 13h (jeudi). Ferm\u00e9e le dimanche<\/strong>[\/vc_column_text][vc_gallery type=\u00a0\u00bbimage_grid\u00a0\u00bb images=\u00a0\u00bb601,602,603,604,606&Prime; image_grid_loading=\u00a0\u00bbdefault\u00a0\u00bb layout=\u00a0\u00bb4&Prime; masonry_style=\u00a0\u00bbtrue\u00a0\u00bb bypass_image_cropping=\u00a0\u00bbtrue\u00a0\u00bb item_spacing=\u00a0\u00bbdefault\u00a0\u00bb gallery_style=\u00a0\u00bb7&Prime; load_in_animation=\u00a0\u00bbnone\u00a0\u00bb][\/vc_column][\/vc_row][vc_row type=\u00a0\u00bbin_container\u00a0\u00bb full_screen_row_position=\u00a0\u00bbmiddle\u00a0\u00bb column_margin=\u00a0\u00bbdefault\u00a0\u00bb column_direction=\u00a0\u00bbdefault\u00a0\u00bb column_direction_tablet=\u00a0\u00bbdefault\u00a0\u00bb column_direction_phone=\u00a0\u00bbdefault\u00a0\u00bb scene_position=\u00a0\u00bbcenter\u00a0\u00bb top_margin=\u00a0\u00bb3%\u00a0\u00bb constrain_group_7=\u00a0\u00bbyes\u00a0\u00bb bottom_margin=\u00a0\u00bb3%\u00a0\u00bb left_margin=\u00a0\u00bb25%\u00a0\u00bb constrain_group_8=\u00a0\u00bbyes\u00a0\u00bb right_margin=\u00a0\u00bb25%\u00a0\u00bb text_color=\u00a0\u00bbdark\u00a0\u00bb text_align=\u00a0\u00bbleft\u00a0\u00bb row_border_radius=\u00a0\u00bbnone\u00a0\u00bb row_border_radius_applies=\u00a0\u00bbbg\u00a0\u00bb overflow=\u00a0\u00bbvisible\u00a0\u00bb overlay_strength=\u00a0\u00bb0.3&Prime; gradient_direction=\u00a0\u00bbleft_to_right\u00a0\u00bb shape_divider_position=\u00a0\u00bbbottom\u00a0\u00bb bg_image_animation=\u00a0\u00bbnone\u00a0\u00bb gradient_type=\u00a0\u00bbdefault\u00a0\u00bb shape_type=\u00a0\u00bb\u00a0\u00bb][vc_column column_padding=\u00a0\u00bbno-extra-padding\u00a0\u00bb column_padding_tablet=\u00a0\u00bbinherit\u00a0\u00bb column_padding_phone=\u00a0\u00bbinherit\u00a0\u00bb column_padding_position=\u00a0\u00bball\u00a0\u00bb column_element_direction_desktop=\u00a0\u00bbdefault\u00a0\u00bb column_element_spacing=\u00a0\u00bbdefault\u00a0\u00bb desktop_text_alignment=\u00a0\u00bbdefault\u00a0\u00bb tablet_text_alignment=\u00a0\u00bbdefault\u00a0\u00bb phone_text_alignment=\u00a0\u00bbdefault\u00a0\u00bb background_color_opacity=\u00a0\u00bb1&Prime; background_hover_color_opacity=\u00a0\u00bb1&Prime; column_backdrop_filter=\u00a0\u00bbnone\u00a0\u00bb column_shadow=\u00a0\u00bbnone\u00a0\u00bb column_border_radius=\u00a0\u00bbnone\u00a0\u00bb column_link_target=\u00a0\u00bb_self\u00a0\u00bb column_position=\u00a0\u00bbdefault\u00a0\u00bb gradient_direction=\u00a0\u00bbleft_to_right\u00a0\u00bb overlay_strength=\u00a0\u00bb0.3&Prime; width=\u00a0\u00bb1\/1&Prime; tablet_width_inherit=\u00a0\u00bbdefault\u00a0\u00bb animation_type=\u00a0\u00bbdefault\u00a0\u00bb bg_image_animation=\u00a0\u00bbnone\u00a0\u00bb border_type=\u00a0\u00bbsimple\u00a0\u00bb column_border_width=\u00a0\u00bbnone\u00a0\u00bb column_border_style=\u00a0\u00bbsolid\u00a0\u00bb][nectar_global_section id=\u00a0\u00bb70&Prime;][\/vc_column][\/vc_row]\n","protected":false},"excerpt":{"rendered":"<p>[vc_row type=\u00a0\u00bbfull_width_content\u00a0\u00bb full_screen_row_position=\u00a0\u00bbmiddle\u00a0\u00bb column_margin=\u00a0\u00bbdefault\u00a0\u00bb column_direction=\u00a0\u00bbdefault\u00a0\u00bb column_direction_tablet=\u00a0\u00bbdefault\u00a0\u00bb column_direction_phone=\u00a0\u00bbdefault\u00a0\u00bb bg_color=\u00a0\u00bb#000000&Prime; scene_position=\u00a0\u00bbcenter\u00a0\u00bb top_padding=\u00a0\u00bb10%\u00a0\u00bb constrain_group_1=\u00a0\u00bbyes\u00a0\u00bb bottom_padding=\u00a0\u00bb10%\u00a0\u00bb left_padding_desktop=\u00a0\u00bb10%\u00a0\u00bb constrain_group_2=\u00a0\u00bbyes\u00a0\u00bb right_padding_desktop=\u00a0\u00bb10%\u00a0\u00bb text_color=\u00a0\u00bbdark\u00a0\u00bb text_align=\u00a0\u00bbleft\u00a0\u00bb row_border_radius=\u00a0\u00bbnone\u00a0\u00bb row_border_radius_applies=\u00a0\u00bbbg\u00a0\u00bb overflow=\u00a0\u00bbvisible\u00a0\u00bb overlay_strength=\u00a0\u00bb0.3&Prime; gradient_direction=\u00a0\u00bbleft_to_right\u00a0\u00bb shape_divider_position=\u00a0\u00bbbottom\u00a0\u00bb bg_image_animation=\u00a0\u00bbnone\u00a0\u00bb gradient_type=\u00a0\u00bbdefault\u00a0\u00bb shape_type=\u00a0\u00bb\u00a0\u00bb][vc_column column_padding=\u00a0\u00bbno-extra-padding\u00a0\u00bb column_padding_tablet=\u00a0\u00bbinherit\u00a0\u00bb column_padding_phone=\u00a0\u00bbinherit\u00a0\u00bb column_padding_position=\u00a0\u00bball\u00a0\u00bb&#8230;<\/p>\n","protected":false},"author":1,"featured_media":0,"parent":0,"menu_order":0,"comment_status":"closed","ping_status":"closed","template":"","meta":{"footnotes":""},"class_list":["post-600","page","type-page","status-publish"],"yoast_head":"<!-- This site is optimized with the Yoast SEO plugin v21.9.1 - https:\/\/yoast.com\/wordpress\/plugins\/seo\/ -->\n<title>Exposition \u00e0 la m\u00e9diath\u00e8que - Festival de G\u00e9rardmer 2024<\/title>\n<meta name=\"robots\" content=\"index, follow, max-snippet:-1, max-image-preview:large, max-video-preview:-1\" \/>\n<link rel=\"canonical\" href=\"https:\/\/festival-gerardmer.com\/2024\/exposition-a-la-mediatheque\/\" \/>\n<meta property=\"og:locale\" content=\"fr_FR\" \/>\n<meta property=\"og:type\" content=\"article\" \/>\n<meta property=\"og:title\" content=\"Exposition \u00e0 la m\u00e9diath\u00e8que - Festival de G\u00e9rardmer 2024\" \/>\n<meta property=\"og:description\" content=\"[vc_row type=\u00a0\u00bbfull_width_content\u00a0\u00bb full_screen_row_position=\u00a0\u00bbmiddle\u00a0\u00bb column_margin=\u00a0\u00bbdefault\u00a0\u00bb column_direction=\u00a0\u00bbdefault\u00a0\u00bb column_direction_tablet=\u00a0\u00bbdefault\u00a0\u00bb column_direction_phone=\u00a0\u00bbdefault\u00a0\u00bb bg_color=\u00a0\u00bb#000000&Prime; scene_position=\u00a0\u00bbcenter\u00a0\u00bb top_padding=\u00a0\u00bb10%\u00a0\u00bb constrain_group_1=\u00a0\u00bbyes\u00a0\u00bb bottom_padding=\u00a0\u00bb10%\u00a0\u00bb left_padding_desktop=\u00a0\u00bb10%\u00a0\u00bb constrain_group_2=\u00a0\u00bbyes\u00a0\u00bb right_padding_desktop=\u00a0\u00bb10%\u00a0\u00bb text_color=\u00a0\u00bbdark\u00a0\u00bb text_align=\u00a0\u00bbleft\u00a0\u00bb row_border_radius=\u00a0\u00bbnone\u00a0\u00bb row_border_radius_applies=\u00a0\u00bbbg\u00a0\u00bb overflow=\u00a0\u00bbvisible\u00a0\u00bb overlay_strength=\u00a0\u00bb0.3&Prime; gradient_direction=\u00a0\u00bbleft_to_right\u00a0\u00bb shape_divider_position=\u00a0\u00bbbottom\u00a0\u00bb bg_image_animation=\u00a0\u00bbnone\u00a0\u00bb gradient_type=\u00a0\u00bbdefault\u00a0\u00bb shape_type=\u00a0\u00bb\u00a0\u00bb][vc_column column_padding=\u00a0\u00bbno-extra-padding\u00a0\u00bb column_padding_tablet=\u00a0\u00bbinherit\u00a0\u00bb column_padding_phone=\u00a0\u00bbinherit\u00a0\u00bb column_padding_position=\u00a0\u00bball\u00a0\u00bb...\" \/>\n<meta property=\"og:url\" content=\"https:\/\/festival-gerardmer.com\/2024\/exposition-a-la-mediatheque\/\" \/>\n<meta property=\"og:site_name\" content=\"Festival de G\u00e9rardmer 2024\" \/>\n<meta property=\"article:publisher\" content=\"https:\/\/www.facebook.com\/festivaldegerardmer\" \/>\n<meta property=\"article:modified_time\" content=\"2024-01-13T16:56:22+00:00\" \/>\n<meta name=\"twitter:card\" content=\"summary_large_image\" \/>\n<meta name=\"twitter:site\" content=\"@FestGerardmer\" \/>\n<meta name=\"twitter:label1\" content=\"Dur\u00e9e de lecture estim\u00e9e\" \/>\n\t<meta name=\"twitter:data1\" content=\"3 minutes\" \/>\n<script type=\"application\/ld+json\" class=\"yoast-schema-graph\">{\"@context\":\"https:\/\/schema.org\",\"@graph\":[{\"@type\":\"WebPage\",\"@id\":\"https:\/\/festival-gerardmer.com\/2024\/exposition-a-la-mediatheque\/\",\"url\":\"https:\/\/festival-gerardmer.com\/2024\/exposition-a-la-mediatheque\/\",\"name\":\"Exposition \u00e0 la m\u00e9diath\u00e8que - Festival de G\u00e9rardmer 2024\",\"isPartOf\":{\"@id\":\"https:\/\/festival-gerardmer.com\/2024\/#website\"},\"datePublished\":\"2024-01-11T11:00:15+00:00\",\"dateModified\":\"2024-01-13T16:56:22+00:00\",\"breadcrumb\":{\"@id\":\"https:\/\/festival-gerardmer.com\/2024\/exposition-a-la-mediatheque\/#breadcrumb\"},\"inLanguage\":\"fr-FR\",\"potentialAction\":[{\"@type\":\"ReadAction\",\"target\":[\"https:\/\/festival-gerardmer.com\/2024\/exposition-a-la-mediatheque\/\"]}]},{\"@type\":\"BreadcrumbList\",\"@id\":\"https:\/\/festival-gerardmer.com\/2024\/exposition-a-la-mediatheque\/#breadcrumb\",\"itemListElement\":[{\"@type\":\"ListItem\",\"position\":1,\"name\":\"Accueil\",\"item\":\"https:\/\/festival-gerardmer.com\/2024\/\"},{\"@type\":\"ListItem\",\"position\":2,\"name\":\"Exposition \u00e0 la m\u00e9diath\u00e8que\"}]},{\"@type\":\"WebSite\",\"@id\":\"https:\/\/festival-gerardmer.com\/2024\/#website\",\"url\":\"https:\/\/festival-gerardmer.com\/2024\/\",\"name\":\"Festival International du film fantastique de G\u00e9rardmer 2024\",\"description\":\"\",\"publisher\":{\"@id\":\"https:\/\/festival-gerardmer.com\/2024\/#organization\"},\"potentialAction\":[{\"@type\":\"SearchAction\",\"target\":{\"@type\":\"EntryPoint\",\"urlTemplate\":\"https:\/\/festival-gerardmer.com\/2024\/?s={search_term_string}\"},\"query-input\":\"required name=search_term_string\"}],\"inLanguage\":\"fr-FR\"},{\"@type\":\"Organization\",\"@id\":\"https:\/\/festival-gerardmer.com\/2024\/#organization\",\"name\":\"Festival International du film fantastique de G\u00e9rardmer 2024\",\"url\":\"https:\/\/festival-gerardmer.com\/2024\/\",\"logo\":{\"@type\":\"ImageObject\",\"inLanguage\":\"fr-FR\",\"@id\":\"https:\/\/festival-gerardmer.com\/2024\/#\/schema\/logo\/image\/\",\"url\":\"https:\/\/festival-gerardmer.com\/2024\/wp-content\/uploads\/2023\/11\/LogoGerardmerFRA24-1L-degrade.png\",\"contentUrl\":\"https:\/\/festival-gerardmer.com\/2024\/wp-content\/uploads\/2023\/11\/LogoGerardmerFRA24-1L-degrade.png\",\"width\":2173,\"height\":1063,\"caption\":\"Festival International du film fantastique de G\u00e9rardmer 2024\"},\"image\":{\"@id\":\"https:\/\/festival-gerardmer.com\/2024\/#\/schema\/logo\/image\/\"},\"sameAs\":[\"https:\/\/www.facebook.com\/festivaldegerardmer\",\"https:\/\/twitter.com\/FestGerardmer\",\"https:\/\/www.instagram.com\/festivaldegerardmer\/\"]}]}<\/script>\n<!-- \/ Yoast SEO plugin. -->","yoast_head_json":{"title":"Exposition \u00e0 la m\u00e9diath\u00e8que - Festival de G\u00e9rardmer 2024","robots":{"index":"index","follow":"follow","max-snippet":"max-snippet:-1","max-image-preview":"max-image-preview:large","max-video-preview":"max-video-preview:-1"},"canonical":"https:\/\/festival-gerardmer.com\/2024\/exposition-a-la-mediatheque\/","og_locale":"fr_FR","og_type":"article","og_title":"Exposition \u00e0 la m\u00e9diath\u00e8que - Festival de G\u00e9rardmer 2024","og_description":"[vc_row type=\u00a0\u00bbfull_width_content\u00a0\u00bb full_screen_row_position=\u00a0\u00bbmiddle\u00a0\u00bb column_margin=\u00a0\u00bbdefault\u00a0\u00bb column_direction=\u00a0\u00bbdefault\u00a0\u00bb column_direction_tablet=\u00a0\u00bbdefault\u00a0\u00bb column_direction_phone=\u00a0\u00bbdefault\u00a0\u00bb bg_color=\u00a0\u00bb#000000&Prime; scene_position=\u00a0\u00bbcenter\u00a0\u00bb top_padding=\u00a0\u00bb10%\u00a0\u00bb constrain_group_1=\u00a0\u00bbyes\u00a0\u00bb bottom_padding=\u00a0\u00bb10%\u00a0\u00bb left_padding_desktop=\u00a0\u00bb10%\u00a0\u00bb constrain_group_2=\u00a0\u00bbyes\u00a0\u00bb right_padding_desktop=\u00a0\u00bb10%\u00a0\u00bb text_color=\u00a0\u00bbdark\u00a0\u00bb text_align=\u00a0\u00bbleft\u00a0\u00bb row_border_radius=\u00a0\u00bbnone\u00a0\u00bb row_border_radius_applies=\u00a0\u00bbbg\u00a0\u00bb overflow=\u00a0\u00bbvisible\u00a0\u00bb overlay_strength=\u00a0\u00bb0.3&Prime; gradient_direction=\u00a0\u00bbleft_to_right\u00a0\u00bb shape_divider_position=\u00a0\u00bbbottom\u00a0\u00bb bg_image_animation=\u00a0\u00bbnone\u00a0\u00bb gradient_type=\u00a0\u00bbdefault\u00a0\u00bb shape_type=\u00a0\u00bb\u00a0\u00bb][vc_column column_padding=\u00a0\u00bbno-extra-padding\u00a0\u00bb column_padding_tablet=\u00a0\u00bbinherit\u00a0\u00bb column_padding_phone=\u00a0\u00bbinherit\u00a0\u00bb column_padding_position=\u00a0\u00bball\u00a0\u00bb...","og_url":"https:\/\/festival-gerardmer.com\/2024\/exposition-a-la-mediatheque\/","og_site_name":"Festival de G\u00e9rardmer 2024","article_publisher":"https:\/\/www.facebook.com\/festivaldegerardmer","article_modified_time":"2024-01-13T16:56:22+00:00","twitter_card":"summary_large_image","twitter_site":"@FestGerardmer","twitter_misc":{"Dur\u00e9e de lecture estim\u00e9e":"3 minutes"},"schema":{"@context":"https:\/\/schema.org","@graph":[{"@type":"WebPage","@id":"https:\/\/festival-gerardmer.com\/2024\/exposition-a-la-mediatheque\/","url":"https:\/\/festival-gerardmer.com\/2024\/exposition-a-la-mediatheque\/","name":"Exposition \u00e0 la m\u00e9diath\u00e8que - Festival de G\u00e9rardmer 2024","isPartOf":{"@id":"https:\/\/festival-gerardmer.com\/2024\/#website"},"datePublished":"2024-01-11T11:00:15+00:00","dateModified":"2024-01-13T16:56:22+00:00","breadcrumb":{"@id":"https:\/\/festival-gerardmer.com\/2024\/exposition-a-la-mediatheque\/#breadcrumb"},"inLanguage":"fr-FR","potentialAction":[{"@type":"ReadAction","target":["https:\/\/festival-gerardmer.com\/2024\/exposition-a-la-mediatheque\/"]}]},{"@type":"BreadcrumbList","@id":"https:\/\/festival-gerardmer.com\/2024\/exposition-a-la-mediatheque\/#breadcrumb","itemListElement":[{"@type":"ListItem","position":1,"name":"Accueil","item":"https:\/\/festival-gerardmer.com\/2024\/"},{"@type":"ListItem","position":2,"name":"Exposition \u00e0 la m\u00e9diath\u00e8que"}]},{"@type":"WebSite","@id":"https:\/\/festival-gerardmer.com\/2024\/#website","url":"https:\/\/festival-gerardmer.com\/2024\/","name":"Festival International du film fantastique de G\u00e9rardmer 2024","description":"","publisher":{"@id":"https:\/\/festival-gerardmer.com\/2024\/#organization"},"potentialAction":[{"@type":"SearchAction","target":{"@type":"EntryPoint","urlTemplate":"https:\/\/festival-gerardmer.com\/2024\/?s={search_term_string}"},"query-input":"required name=search_term_string"}],"inLanguage":"fr-FR"},{"@type":"Organization","@id":"https:\/\/festival-gerardmer.com\/2024\/#organization","name":"Festival International du film fantastique de G\u00e9rardmer 2024","url":"https:\/\/festival-gerardmer.com\/2024\/","logo":{"@type":"ImageObject","inLanguage":"fr-FR","@id":"https:\/\/festival-gerardmer.com\/2024\/#\/schema\/logo\/image\/","url":"https:\/\/festival-gerardmer.com\/2024\/wp-content\/uploads\/2023\/11\/LogoGerardmerFRA24-1L-degrade.png","contentUrl":"https:\/\/festival-gerardmer.com\/2024\/wp-content\/uploads\/2023\/11\/LogoGerardmerFRA24-1L-degrade.png","width":2173,"height":1063,"caption":"Festival International du film fantastique de G\u00e9rardmer 2024"},"image":{"@id":"https:\/\/festival-gerardmer.com\/2024\/#\/schema\/logo\/image\/"},"sameAs":["https:\/\/www.facebook.com\/festivaldegerardmer","https:\/\/twitter.com\/FestGerardmer","https:\/\/www.instagram.com\/festivaldegerardmer\/"]}]}},"_links":{"self":[{"href":"https:\/\/festival-gerardmer.com\/2024\/wp-json\/wp\/v2\/pages\/600","targetHints":{"allow":["GET"]}}],"collection":[{"href":"https:\/\/festival-gerardmer.com\/2024\/wp-json\/wp\/v2\/pages"}],"about":[{"href":"https:\/\/festival-gerardmer.com\/2024\/wp-json\/wp\/v2\/types\/page"}],"author":[{"embeddable":true,"href":"https:\/\/festival-gerardmer.com\/2024\/wp-json\/wp\/v2\/users\/1"}],"replies":[{"embeddable":true,"href":"https:\/\/festival-gerardmer.com\/2024\/wp-json\/wp\/v2\/comments?post=600"}],"version-history":[{"count":3,"href":"https:\/\/festival-gerardmer.com\/2024\/wp-json\/wp\/v2\/pages\/600\/revisions"}],"predecessor-version":[{"id":789,"href":"https:\/\/festival-gerardmer.com\/2024\/wp-json\/wp\/v2\/pages\/600\/revisions\/789"}],"wp:attachment":[{"href":"https:\/\/festival-gerardmer.com\/2024\/wp-json\/wp\/v2\/media?parent=600"}],"curies":[{"name":"wp","href":"https:\/\/api.w.org\/{rel}","templated":true}]}}