{"id":873,"date":"2025-01-30T22:50:47","date_gmt":"2025-01-30T21:50:47","guid":{"rendered":"https:\/\/festival-gerardmer.com\/2025\/?page_id=873"},"modified":"2025-01-31T10:50:45","modified_gmt":"2025-01-31T09:50:45","slug":"rencontre-avec-judith-beauvallet","status":"publish","type":"page","link":"https:\/\/festival-gerardmer.com\/2025\/rencontre-avec-judith-beauvallet\/","title":{"rendered":"Rencontre avec Judith Beauvallet"},"content":{"rendered":"[vc_row type=\u00a0\u00bbfull_width_background\u00a0\u00bb full_screen_row_position=\u00a0\u00bbmiddle\u00a0\u00bb column_margin=\u00a0\u00bbdefault\u00a0\u00bb column_direction=\u00a0\u00bbdefault\u00a0\u00bb column_direction_tablet=\u00a0\u00bbdefault\u00a0\u00bb column_direction_phone=\u00a0\u00bbdefault\u00a0\u00bb bg_color=\u00a0\u00bb#000000&Prime; bg_image=\u00a0\u00bb15&Prime; bg_position=\u00a0\u00bbleft top\u00a0\u00bb background_image_loading=\u00a0\u00bblazy-load\u00a0\u00bb bg_repeat=\u00a0\u00bbno-repeat\u00a0\u00bb scene_position=\u00a0\u00bbcenter\u00a0\u00bb top_padding=\u00a0\u00bb6%\u00a0\u00bb constrain_group_1=\u00a0\u00bbyes\u00a0\u00bb bottom_padding=\u00a0\u00bb6%\u00a0\u00bb text_color=\u00a0\u00bbdark\u00a0\u00bb text_align=\u00a0\u00bbleft\u00a0\u00bb row_border_radius=\u00a0\u00bbnone\u00a0\u00bb row_border_radius_applies=\u00a0\u00bbbg\u00a0\u00bb overflow=\u00a0\u00bbvisible\u00a0\u00bb enable_gradient=\u00a0\u00bbtrue\u00a0\u00bb color_overlay=\u00a0\u00bb#000000&Prime; overlay_strength=\u00a0\u00bb0.8&Prime; gradient_direction=\u00a0\u00bbleft_to_right\u00a0\u00bb shape_divider_position=\u00a0\u00bbbottom\u00a0\u00bb bg_image_animation=\u00a0\u00bbnone\u00a0\u00bb gradient_type=\u00a0\u00bbdefault\u00a0\u00bb shape_type=\u00a0\u00bb\u00a0\u00bb][vc_column column_padding=\u00a0\u00bbno-extra-padding\u00a0\u00bb column_padding_tablet=\u00a0\u00bbinherit\u00a0\u00bb column_padding_phone=\u00a0\u00bbinherit\u00a0\u00bb column_padding_position=\u00a0\u00bball\u00a0\u00bb column_element_direction_desktop=\u00a0\u00bbdefault\u00a0\u00bb column_element_spacing=\u00a0\u00bbdefault\u00a0\u00bb desktop_text_alignment=\u00a0\u00bbdefault\u00a0\u00bb tablet_text_alignment=\u00a0\u00bbdefault\u00a0\u00bb phone_text_alignment=\u00a0\u00bbdefault\u00a0\u00bb background_color_opacity=\u00a0\u00bb1&Prime; background_hover_color_opacity=\u00a0\u00bb1&Prime; column_backdrop_filter=\u00a0\u00bbnone\u00a0\u00bb column_shadow=\u00a0\u00bbnone\u00a0\u00bb column_border_radius=\u00a0\u00bbnone\u00a0\u00bb column_link_target=\u00a0\u00bb_self\u00a0\u00bb column_position=\u00a0\u00bbdefault\u00a0\u00bb gradient_direction=\u00a0\u00bbleft_to_right\u00a0\u00bb overlay_strength=\u00a0\u00bb0.3&Prime; width=\u00a0\u00bb1\/1&Prime; tablet_width_inherit=\u00a0\u00bbdefault\u00a0\u00bb animation_type=\u00a0\u00bbdefault\u00a0\u00bb bg_image_animation=\u00a0\u00bbnone\u00a0\u00bb border_type=\u00a0\u00bbsimple\u00a0\u00bb column_border_width=\u00a0\u00bbnone\u00a0\u00bb column_border_style=\u00a0\u00bbsolid\u00a0\u00bb][vc_custom_heading text=\u00a0\u00bbRencontre avec Judith Beauvallet\u00a0\u00bb font_container=\u00a0\u00bbtag:h1|font_size:50|text_align:left|color:%23a93205&Prime; google_fonts=\u00a0\u00bbfont_family:Koulen%3Aregular|font_style:400%20regular%3A400%3Anormal\u00a0\u00bb css=\u00a0\u00bb\u00a0\u00bb][\/vc_column][\/vc_row][vc_row type=\u00a0\u00bbfull_width_background\u00a0\u00bb full_screen_row_position=\u00a0\u00bbmiddle\u00a0\u00bb column_margin=\u00a0\u00bbdefault\u00a0\u00bb column_direction=\u00a0\u00bbdefault\u00a0\u00bb column_direction_tablet=\u00a0\u00bbdefault\u00a0\u00bb column_direction_phone=\u00a0\u00bbdefault\u00a0\u00bb bg_color=\u00a0\u00bb#000000&Prime; scene_position=\u00a0\u00bbcenter\u00a0\u00bb top_padding=\u00a0\u00bb4%\u00a0\u00bb constrain_group_1=\u00a0\u00bbyes\u00a0\u00bb bottom_padding=\u00a0\u00bb4%\u00a0\u00bb constrain_group_2=\u00a0\u00bbyes\u00a0\u00bb text_color=\u00a0\u00bblight\u00a0\u00bb text_align=\u00a0\u00bbleft\u00a0\u00bb row_border_radius=\u00a0\u00bbnone\u00a0\u00bb row_border_radius_applies=\u00a0\u00bbbg\u00a0\u00bb overflow=\u00a0\u00bbvisible\u00a0\u00bb overlay_strength=\u00a0\u00bb0.3&Prime; gradient_direction=\u00a0\u00bbleft_to_right\u00a0\u00bb shape_divider_position=\u00a0\u00bbbottom\u00a0\u00bb bg_image_animation=\u00a0\u00bbnone\u00a0\u00bb gradient_type=\u00a0\u00bbdefault\u00a0\u00bb shape_type=\u00a0\u00bb\u00a0\u00bb][vc_column column_padding=\u00a0\u00bbno-extra-padding\u00a0\u00bb column_padding_tablet=\u00a0\u00bbinherit\u00a0\u00bb column_padding_phone=\u00a0\u00bbinherit\u00a0\u00bb column_padding_position=\u00a0\u00bball\u00a0\u00bb column_element_direction_desktop=\u00a0\u00bbdefault\u00a0\u00bb column_element_spacing=\u00a0\u00bbdefault\u00a0\u00bb desktop_text_alignment=\u00a0\u00bbdefault\u00a0\u00bb tablet_text_alignment=\u00a0\u00bbdefault\u00a0\u00bb phone_text_alignment=\u00a0\u00bbdefault\u00a0\u00bb background_color_opacity=\u00a0\u00bb1&Prime; background_hover_color_opacity=\u00a0\u00bb1&Prime; column_backdrop_filter=\u00a0\u00bbnone\u00a0\u00bb column_shadow=\u00a0\u00bbnone\u00a0\u00bb column_border_radius=\u00a0\u00bbnone\u00a0\u00bb column_link_target=\u00a0\u00bb_self\u00a0\u00bb column_position=\u00a0\u00bbdefault\u00a0\u00bb gradient_direction=\u00a0\u00bbleft_to_right\u00a0\u00bb overlay_strength=\u00a0\u00bb0.3&Prime; width=\u00a0\u00bb1\/1&Prime; tablet_width_inherit=\u00a0\u00bbdefault\u00a0\u00bb animation_type=\u00a0\u00bbdefault\u00a0\u00bb bg_image_animation=\u00a0\u00bbnone\u00a0\u00bb border_type=\u00a0\u00bbsimple\u00a0\u00bb column_border_width=\u00a0\u00bbnone\u00a0\u00bb column_border_style=\u00a0\u00bbsolid\u00a0\u00bb][vc_column_text css=\u00a0\u00bb\u00a0\u00bb text_direction=\u00a0\u00bbdefault\u00a0\u00bb]<div id=\"attachment_874\" style=\"width: 510px\" class=\"wp-caption alignright\"><a href=\"https:\/\/festival-gerardmer.com\/2025\/wp-content\/uploads\/2025\/01\/judith-WEB.jpg\"><img loading=\"lazy\" decoding=\"async\" aria-describedby=\"caption-attachment-874\" class=\"wp-image-874 size-full\" src=\"https:\/\/festival-gerardmer.com\/2025\/wp-content\/uploads\/2025\/01\/judith-WEB.jpg\" alt=\"\" width=\"500\" height=\"750\" srcset=\"https:\/\/festival-gerardmer.com\/2025\/wp-content\/uploads\/2025\/01\/judith-WEB.jpg 500w, https:\/\/festival-gerardmer.com\/2025\/wp-content\/uploads\/2025\/01\/judith-WEB-200x300.jpg 200w\" sizes=\"auto, (max-width: 500px) 100vw, 500px\" \/><\/a><p id=\"caption-attachment-874\" class=\"wp-caption-text\">\u00a9 Lytnim<\/p><\/div>\n<p class=\"p1\">Journaliste cin\u00e9ma pour le magazine <span class=\"s1\"><i>\u00c9cran Large<\/i><\/span>, Judith Beauvallet fait \u00e9galement partie de l\u2019association S\u2019Horrorit\u00e9, qui r\u00e9fl\u00e9chit sur le f\u00e9minisme et le cin\u00e9ma de genre, et de la cha\u00eene Demoiselles d\u2019Horreur qui met en lumi\u00e8re les femmes dans le cin\u00e9ma horrifique. Autant d\u2019\u00e9tiquettes qui font d\u2019elle l\u2019animatrice parfaite de la conf\u00e9rence \u00ab\u00a0Les fant\u00f4mes au f\u00e9minin \u00e0 travers les \u00e2ges et ce qu\u2019ils disent de notre rapport \u00e0 la f\u00e9minit\u00e9\u00a0\u00bb lors de ce 32<span class=\"s2\"><sup>e<\/sup><\/span> Festival international du film fantastique de G\u00e9rardmer. Rencontre passionnante.<\/p>\n<h3 class=\"p3\"><span style=\"color: #ff9900;\"><b>Les nouvelles sont-elles bonnes pour les femmes et le cin\u00e9ma de genre ? <\/b><\/span><\/h3>\n<p class=\"p1\">Oui, ce qui ne veut pas dire qu\u2019il n\u2019y a pas encore de chemin \u00e0 faire. Ces derni\u00e8res ann\u00e9es, les r\u00e9ussites \u00e9clatantes de Julia Ducournau et Coralie Fargeat donnent beaucoup d\u2019espoir et contribuent \u00e0 changer les choses, c\u2019est certain. Mais elles sont aussi un peu l\u2019arbre qui cache la for\u00eat d\u2019une multitude de r\u00e9alisatrices talentueuses qui peinent \u00e0 continuer \u00e0 faire les films qu\u2019elles souhaitent apr\u00e8s un ou deux premiers longs-m\u00e9trages tr\u00e8s prometteurs : Jennifer Kent, Natalie-Erika James, Natasha Kermani, Anna Lily Amirpour, Corinna Faith, Alice Lowe\u2026 Autant de metteuses en sc\u00e8ne qui ont surpris tout le monde en r\u00e9alisant de v\u00e9ritables perles, mais qui ont pourtant du mal \u00e0 se faire une place au soleil dans la dur\u00e9e. Et si le nombre de r\u00e9alisatrices est grandissant, leur difficult\u00e9 \u00e0 faire des films se ressent encore largement en festivals, o\u00f9 les longs-m\u00e9trages r\u00e9alis\u00e9s par des femmes restent encore tr\u00e8s minoritaires. Donc les choses changent, oui, et c\u2019est g\u00e9nial, mais le combat ne s\u2019arr\u00eate pas l\u00e0 !<\/p>\n<h3 class=\"p3\"><b><span style=\"color: #ff9900;\">Est-ce propre au genre ou au cin\u00e9ma en g\u00e9n\u00e9ral ?<\/span> <\/b><\/h3>\n<p class=\"p1\">Je pense que, \u00e0 grande \u00e9chelle, le m\u00eame ph\u00e9nom\u00e8ne est valable pour le cin\u00e9ma en g\u00e9n\u00e9ral. Mais je pense qu\u2019il est sp\u00e9cialement observable dans le cin\u00e9ma de genre, o\u00f9 il \u00e9volue peut-\u00eatre plus vite. Comme le genre a longtemps \u00e9t\u00e9 m\u00e9pris\u00e9 (et c\u2019est parfois encore le cas), c\u2019est une industrie dont toute une partie s\u2019est construite et continue de se construire sur des tout petits budgets. Et comme toujours, on laisse plus facilement la place aux femmes l\u00e0 o\u00f9 il n\u2019y a pas beaucoup d\u2019argent en jeu, et peut-\u00eatre aussi des enjeux intellectuels consid\u00e9r\u00e9s \u00e0 tort comme moindres. En litt\u00e9rature, il y a aussi toute une \u00e9poque o\u00f9 les femmes \u00e9crivaient beaucoup de romans gothiques ou horrifiques, parce que c\u2019\u00e9tait un genre l\u00e0 aussi m\u00e9pris\u00e9 et qu\u2019elles pouvaient donc s\u2019y faire une place sans piquer celle des hommes. La m\u00eame formule se r\u00e9p\u00e8te, et les femmes ont fini par trouver dans l\u2019horreur un terrain de jeu qui leur est finalement assez sp\u00e9cifique.<\/p>\n<h3 class=\"p3\"><span style=\"color: #ff9900;\"><b>Qu\u2019est-ce que les femmes apportent au cin\u00e9ma de genre ?<\/b><\/span><\/h3>\n<p class=\"p1\">Le cin\u00e9ma de genre a toujours mis en sc\u00e8ne des personnages de femmes centraux, davantage que dans un cin\u00e9ma plus mainstream. L\u2019une des raisons \u00e9tant que, dans un cin\u00e9ma con\u00e7u par des hommes, les femmes faisaient office de victimes id\u00e9ales en tant que sexe dit faible, et qu\u2019elles \u00e9taient plus \u00e0 m\u00eame de subir les menaces et de susciter l\u2019empathie du spectateur. Mais c\u2019est une conception sexiste \u00e0 double tranchant, parce que le cin\u00e9ma de genre a aussi t\u00f4t fait de subvertir la figure de la femme innocente et d\u2019en faire tant\u00f4t une sorci\u00e8re, tant\u00f4t une pr\u00e9datrice, tant\u00f4t un fant\u00f4me vengeur\u2026 Support de projection de fantasmes en tout genre, la femme est devenue la star des films d\u2019horreur. Ce n\u2019\u00e9tait qu\u2019une question de temps avant que les femmes passent aussi derri\u00e8re la cam\u00e9ra pour se r\u00e9approprier toutes ces histoires largement fond\u00e9es sur leur repr\u00e9sentation, leur sexualit\u00e9, leurs oppressions\u2026 Aujourd\u2019hui, les metteuses en sc\u00e8ne qui font du genre font parfois des films avec un regard qui transpara\u00eet comme \u00e9tant sp\u00e9cifiquement f\u00e9minin (par exemple avec une mani\u00e8re plus juste et moderne de traiter les violences sexistes), mais elles font aussi parfois des films qui n\u2019ont absolument rien \u00e0 voir avec le fait d\u2019\u00eatre une femme. Et tant mieux, elles se contentent de faire des films comme les hommes, sans qu\u2019on ait besoin d\u2019attendre d\u2019elles de prouver qu\u2019elles le m\u00e9ritent davantage.<\/p>\n<h3 class=\"p3\"><span style=\"color: #ff9900;\"><b>\u2060Vous attendez quoi des ann\u00e9es qui viennent ?<\/b><\/span><\/h3>\n<p class=\"p1\">Je croise tr\u00e8s fort les doigts pour que les Rose Glass, Anita Rocha Da Silveira, Jennifer Kent et toutes les autres r\u00e9ussissent \u00e0 s\u2019imposer dans l\u2019industrie, continuent \u00e0 faire des films, et qu\u2019elles entra\u00eenent avec elles toute une g\u00e9n\u00e9ration de femmes cin\u00e9astes. Et j\u2019attends du milieu du cin\u00e9ma qu\u2019il leur fasse de la place en salles et en festivals sans qu\u2019il faille attendre des ph\u00e9nom\u00e8nes Ducournau ou Fargeat pour r\u00e9aliser qu\u2019elles y ont droit.<\/p>\n<h3 class=\"p3\"><span style=\"color: #ff9900;\"><b>\u2060Les fant\u00f4mes au f\u00e9minin \u00e0 travers les \u00e2ges et ce qu\u2019ils disent de notre rapport \u00e0 la f\u00e9minit\u00e9\u2026 sujet de la conf\u00e9rence \u00e0 G\u00e9rardmer. Quelques mots sur cela ?<\/b><\/span><\/h3>\n<p class=\"p1\">Le fant\u00f4me en particulier est une cr\u00e9ature fantastique associ\u00e9e au f\u00e9minin par bien des aspects. Comme je le disais, en tant que sexe faible, les femmes ont beaucoup \u00e9t\u00e9 mises en sc\u00e8ne comme victimes id\u00e9ales, et il est donc beaucoup question de leur mort dans les films de genre, une mort plus singuli\u00e8re, signifiante et douloureuse que dans les films d\u2019action o\u00f9 les types se canardent par paquets de cinquante. La mort pr\u00e9coce d\u2019une femme est, en fiction (et malheureusement parfois dans la vraie vie), souvent caus\u00e9e par un homme, et on y rattache donc tout un panel de th\u00e9matiques : l\u2019injustice, la vengeance, le regret\u2026 Des sentiments qui vont \u00e9videmment nourrir les histoires de hantise. Le fant\u00f4me est l\u2019\u00eatre parfait pour symboliser la culpabilit\u00e9 de personnages masculins qui incarnent, d\u2019une mani\u00e8re ou d\u2019une autre, le patriarcat. C\u2019est pourquoi, dans les films japonais, les fant\u00f4mes sont souvent des esprits vengeurs f\u00e9minins qui ont subi un viol, des violences domestiques, un assassinat\u2026 Dans la figure du fant\u00f4me victorien, on est plut\u00f4t sur un \u00e9cho de la figure de la jeune fille morte telle que l\u2019a sacralis\u00e9e Edgar Poe : la femme aim\u00e9e par le narrateur est tr\u00e8s jeune, tr\u00e8s belle et tr\u00e8s fragile. Sa mort (souvent caus\u00e9e par des raisons tr\u00e8s floues) est \u00e0 la fois la chose la plus triste et la plus injuste du monde, mais donc aussi celle qui va susciter les sentiments les plus tortur\u00e9s, et donc les po\u00e9sies les plus belles. Ces approches sont diff\u00e9rentes, mais se ressemblent dans leur mani\u00e8re de parler plus ou moins directement du rapport homme-femme. Bref, il va y avoir beaucoup de choses \u00e0 raconter pendant cette conf\u00e9rence !<\/p>\n<h3 class=\"p3\"><span style=\"color: #ff9900;\"><b>\u2060Quelques films auxquels vous ferez r\u00e9f\u00e9rence ?<\/b><\/span><\/h3>\n<p class=\"p1\">Je ne peux pas parler pour mes cons\u0153urs avec qui nous nous sommes r\u00e9parti des p\u00e9riodes diff\u00e9rentes de l\u2019histoire du cin\u00e9ma, mais pour ma partie, je mentionnerai les adaptations d\u2019Edgar Poe par Roger Corman, <span class=\"s1\"><i>Twixt<\/i><\/span> de Francis Ford Coppola, <span class=\"s1\"><i>La Dame en noir<\/i><\/span>\u2026 Parce que je vais me concentrer sur le fant\u00f4me gothique dans la litt\u00e9rature, et la mani\u00e8re dont il s\u2019est retrouv\u00e9 au cin\u00e9ma.<\/p>\n<h3 class=\"p3\"><span style=\"color: #ff9900;\"><b>Le Festival de G\u00e9rardmer, pour vous ?<\/b><\/span><\/h3>\n<p class=\"p1\">Je suis venue pour la premi\u00e8re fois il y a deux ans, en tant que marraine du Jury jeunes, et \u00e7a a \u00e9t\u00e9 un super moment. Je r\u00eavais depuis longtemps de d\u00e9couvrir le festival, et j\u2019y ai trouv\u00e9 tout ce que j\u2019esp\u00e9rais : des films compl\u00e8tement barr\u00e9s, un public passionn\u00e9, une petite ville adorable avec des coins o\u00f9 tout le monde se retrouve pour bavarder\u2026 Et les membres du Jury jeunes formaient un super groupe, j\u2019ai beaucoup aim\u00e9 les \u00e9couter d\u00e9battre pour choisir le film \u00e0 r\u00e9compenser. Je n\u2019avais jamais fait \u00e7a et je suis tr\u00e8s heureuse que le festival m\u2019en ait donn\u00e9 l\u2019occasion ! J\u2019esp\u00e8re avoir souvent l\u2019occasion de revenir.<\/p>\n[\/vc_column_text][\/vc_column][\/vc_row][vc_row type=\u00a0\u00bbin_container\u00a0\u00bb full_screen_row_position=\u00a0\u00bbmiddle\u00a0\u00bb column_margin=\u00a0\u00bbdefault\u00a0\u00bb column_direction=\u00a0\u00bbdefault\u00a0\u00bb column_direction_tablet=\u00a0\u00bbdefault\u00a0\u00bb column_direction_phone=\u00a0\u00bbdefault\u00a0\u00bb scene_position=\u00a0\u00bbcenter\u00a0\u00bb text_color=\u00a0\u00bbdark\u00a0\u00bb text_align=\u00a0\u00bbleft\u00a0\u00bb row_border_radius=\u00a0\u00bbnone\u00a0\u00bb row_border_radius_applies=\u00a0\u00bbbg\u00a0\u00bb overflow=\u00a0\u00bbvisible\u00a0\u00bb overlay_strength=\u00a0\u00bb0.3&Prime; gradient_direction=\u00a0\u00bbleft_to_right\u00a0\u00bb shape_divider_position=\u00a0\u00bbbottom\u00a0\u00bb bg_image_animation=\u00a0\u00bbnone\u00a0\u00bb][vc_column column_padding=\u00a0\u00bbno-extra-padding\u00a0\u00bb column_padding_tablet=\u00a0\u00bbinherit\u00a0\u00bb column_padding_phone=\u00a0\u00bbinherit\u00a0\u00bb column_padding_position=\u00a0\u00bball\u00a0\u00bb column_element_direction_desktop=\u00a0\u00bbdefault\u00a0\u00bb column_element_spacing=\u00a0\u00bbdefault\u00a0\u00bb desktop_text_alignment=\u00a0\u00bbdefault\u00a0\u00bb tablet_text_alignment=\u00a0\u00bbdefault\u00a0\u00bb phone_text_alignment=\u00a0\u00bbdefault\u00a0\u00bb background_color_opacity=\u00a0\u00bb1&Prime; background_hover_color_opacity=\u00a0\u00bb1&Prime; column_backdrop_filter=\u00a0\u00bbnone\u00a0\u00bb column_shadow=\u00a0\u00bbnone\u00a0\u00bb column_border_radius=\u00a0\u00bbnone\u00a0\u00bb column_link_target=\u00a0\u00bb_self\u00a0\u00bb column_position=\u00a0\u00bbdefault\u00a0\u00bb gradient_direction=\u00a0\u00bbleft_to_right\u00a0\u00bb overlay_strength=\u00a0\u00bb0.3&Prime; width=\u00a0\u00bb1\/1&Prime; tablet_width_inherit=\u00a0\u00bbdefault\u00a0\u00bb animation_type=\u00a0\u00bbdefault\u00a0\u00bb bg_image_animation=\u00a0\u00bbnone\u00a0\u00bb border_type=\u00a0\u00bbsimple\u00a0\u00bb column_border_width=\u00a0\u00bbnone\u00a0\u00bb column_border_style=\u00a0\u00bbsolid\u00a0\u00bb][nectar_global_section id=\u00a0\u00bb42&Prime;][\/vc_column][\/vc_row]\n","protected":false},"excerpt":{"rendered":"<p>[vc_row type=\u00a0\u00bbfull_width_background\u00a0\u00bb full_screen_row_position=\u00a0\u00bbmiddle\u00a0\u00bb column_margin=\u00a0\u00bbdefault\u00a0\u00bb column_direction=\u00a0\u00bbdefault\u00a0\u00bb column_direction_tablet=\u00a0\u00bbdefault\u00a0\u00bb column_direction_phone=\u00a0\u00bbdefault\u00a0\u00bb bg_color=\u00a0\u00bb#000000&Prime; bg_image=\u00a0\u00bb15&Prime; bg_position=\u00a0\u00bbleft top\u00a0\u00bb background_image_loading=\u00a0\u00bblazy-load\u00a0\u00bb bg_repeat=\u00a0\u00bbno-repeat\u00a0\u00bb scene_position=\u00a0\u00bbcenter\u00a0\u00bb top_padding=\u00a0\u00bb6%\u00a0\u00bb constrain_group_1=\u00a0\u00bbyes\u00a0\u00bb bottom_padding=\u00a0\u00bb6%\u00a0\u00bb text_color=\u00a0\u00bbdark\u00a0\u00bb text_align=\u00a0\u00bbleft\u00a0\u00bb row_border_radius=\u00a0\u00bbnone\u00a0\u00bb row_border_radius_applies=\u00a0\u00bbbg\u00a0\u00bb overflow=\u00a0\u00bbvisible\u00a0\u00bb enable_gradient=\u00a0\u00bbtrue\u00a0\u00bb color_overlay=\u00a0\u00bb#000000&Prime; overlay_strength=\u00a0\u00bb0.8&Prime; gradient_direction=\u00a0\u00bbleft_to_right\u00a0\u00bb shape_divider_position=\u00a0\u00bbbottom\u00a0\u00bb bg_image_animation=\u00a0\u00bbnone\u00a0\u00bb gradient_type=\u00a0\u00bbdefault\u00a0\u00bb shape_type=\u00a0\u00bb\u00a0\u00bb][vc_column&#8230;<\/p>\n","protected":false},"author":1,"featured_media":0,"parent":0,"menu_order":0,"comment_status":"closed","ping_status":"closed","template":"","meta":{"footnotes":""},"class_list":["post-873","page","type-page","status-publish"],"_links":{"self":[{"href":"https:\/\/festival-gerardmer.com\/2025\/wp-json\/wp\/v2\/pages\/873","targetHints":{"allow":["GET"]}}],"collection":[{"href":"https:\/\/festival-gerardmer.com\/2025\/wp-json\/wp\/v2\/pages"}],"about":[{"href":"https:\/\/festival-gerardmer.com\/2025\/wp-json\/wp\/v2\/types\/page"}],"author":[{"embeddable":true,"href":"https:\/\/festival-gerardmer.com\/2025\/wp-json\/wp\/v2\/users\/1"}],"replies":[{"embeddable":true,"href":"https:\/\/festival-gerardmer.com\/2025\/wp-json\/wp\/v2\/comments?post=873"}],"version-history":[{"count":4,"href":"https:\/\/festival-gerardmer.com\/2025\/wp-json\/wp\/v2\/pages\/873\/revisions"}],"predecessor-version":[{"id":882,"href":"https:\/\/festival-gerardmer.com\/2025\/wp-json\/wp\/v2\/pages\/873\/revisions\/882"}],"wp:attachment":[{"href":"https:\/\/festival-gerardmer.com\/2025\/wp-json\/wp\/v2\/media?parent=873"}],"curies":[{"name":"wp","href":"https:\/\/api.w.org\/{rel}","templated":true}]}}