{"id":884,"date":"2025-01-31T23:14:45","date_gmt":"2025-01-31T22:14:45","guid":{"rendered":"https:\/\/festival-gerardmer.com\/2025\/?page_id=884"},"modified":"2025-01-31T23:31:58","modified_gmt":"2025-01-31T22:31:58","slug":"benjamin-blasco-martinez-explore-lapocalypse-en-bd","status":"publish","type":"page","link":"https:\/\/festival-gerardmer.com\/2025\/benjamin-blasco-martinez-explore-lapocalypse-en-bd\/","title":{"rendered":"Benjamin Blasco-Martinez explore l\u2019apocalypse en BD"},"content":{"rendered":"[vc_row type=\u00a0\u00bbfull_width_background\u00a0\u00bb full_screen_row_position=\u00a0\u00bbmiddle\u00a0\u00bb column_margin=\u00a0\u00bbdefault\u00a0\u00bb column_direction=\u00a0\u00bbdefault\u00a0\u00bb column_direction_tablet=\u00a0\u00bbdefault\u00a0\u00bb column_direction_phone=\u00a0\u00bbdefault\u00a0\u00bb bg_color=\u00a0\u00bb#000000&Prime; bg_image=\u00a0\u00bb15&Prime; bg_position=\u00a0\u00bbleft top\u00a0\u00bb background_image_loading=\u00a0\u00bblazy-load\u00a0\u00bb bg_repeat=\u00a0\u00bbno-repeat\u00a0\u00bb scene_position=\u00a0\u00bbcenter\u00a0\u00bb top_padding=\u00a0\u00bb6%\u00a0\u00bb constrain_group_1=\u00a0\u00bbyes\u00a0\u00bb bottom_padding=\u00a0\u00bb6%\u00a0\u00bb text_color=\u00a0\u00bbdark\u00a0\u00bb text_align=\u00a0\u00bbleft\u00a0\u00bb row_border_radius=\u00a0\u00bbnone\u00a0\u00bb row_border_radius_applies=\u00a0\u00bbbg\u00a0\u00bb overflow=\u00a0\u00bbvisible\u00a0\u00bb enable_gradient=\u00a0\u00bbtrue\u00a0\u00bb color_overlay=\u00a0\u00bb#000000&Prime; overlay_strength=\u00a0\u00bb0.8&Prime; gradient_direction=\u00a0\u00bbleft_to_right\u00a0\u00bb shape_divider_position=\u00a0\u00bbbottom\u00a0\u00bb bg_image_animation=\u00a0\u00bbnone\u00a0\u00bb gradient_type=\u00a0\u00bbdefault\u00a0\u00bb shape_type=\u00a0\u00bb\u00a0\u00bb][vc_column column_padding=\u00a0\u00bbno-extra-padding\u00a0\u00bb column_padding_tablet=\u00a0\u00bbinherit\u00a0\u00bb column_padding_phone=\u00a0\u00bbinherit\u00a0\u00bb column_padding_position=\u00a0\u00bball\u00a0\u00bb column_element_direction_desktop=\u00a0\u00bbdefault\u00a0\u00bb column_element_spacing=\u00a0\u00bbdefault\u00a0\u00bb desktop_text_alignment=\u00a0\u00bbdefault\u00a0\u00bb tablet_text_alignment=\u00a0\u00bbdefault\u00a0\u00bb phone_text_alignment=\u00a0\u00bbdefault\u00a0\u00bb background_color_opacity=\u00a0\u00bb1&Prime; background_hover_color_opacity=\u00a0\u00bb1&Prime; column_backdrop_filter=\u00a0\u00bbnone\u00a0\u00bb column_shadow=\u00a0\u00bbnone\u00a0\u00bb column_border_radius=\u00a0\u00bbnone\u00a0\u00bb column_link_target=\u00a0\u00bb_self\u00a0\u00bb column_position=\u00a0\u00bbdefault\u00a0\u00bb gradient_direction=\u00a0\u00bbleft_to_right\u00a0\u00bb overlay_strength=\u00a0\u00bb0.3&Prime; width=\u00a0\u00bb1\/1&Prime; tablet_width_inherit=\u00a0\u00bbdefault\u00a0\u00bb animation_type=\u00a0\u00bbdefault\u00a0\u00bb bg_image_animation=\u00a0\u00bbnone\u00a0\u00bb border_type=\u00a0\u00bbsimple\u00a0\u00bb column_border_width=\u00a0\u00bbnone\u00a0\u00bb column_border_style=\u00a0\u00bbsolid\u00a0\u00bb][vc_custom_heading text=\u00a0\u00bbBenjamin Blasco-Martinez explore l\u2019apocalypse en BD<br \/>\n\u00a0\u00bb font_container=\u00a0\u00bbtag:h1|font_size:50|text_align:left|color:%23a93205&Prime; google_fonts=\u00a0\u00bbfont_family:Koulen%3Aregular|font_style:400%20regular%3A400%3Anormal\u00a0\u00bb css=\u00a0\u00bb\u00a0\u00bb][\/vc_column][\/vc_row][vc_row type=\u00a0\u00bbfull_width_background\u00a0\u00bb full_screen_row_position=\u00a0\u00bbmiddle\u00a0\u00bb column_margin=\u00a0\u00bbdefault\u00a0\u00bb column_direction=\u00a0\u00bbdefault\u00a0\u00bb column_direction_tablet=\u00a0\u00bbdefault\u00a0\u00bb column_direction_phone=\u00a0\u00bbdefault\u00a0\u00bb bg_color=\u00a0\u00bb#000000&Prime; scene_position=\u00a0\u00bbcenter\u00a0\u00bb top_padding=\u00a0\u00bb4%\u00a0\u00bb constrain_group_1=\u00a0\u00bbyes\u00a0\u00bb bottom_padding=\u00a0\u00bb4%\u00a0\u00bb constrain_group_2=\u00a0\u00bbyes\u00a0\u00bb text_color=\u00a0\u00bbdark\u00a0\u00bb text_align=\u00a0\u00bbleft\u00a0\u00bb row_border_radius=\u00a0\u00bbnone\u00a0\u00bb row_border_radius_applies=\u00a0\u00bbbg\u00a0\u00bb overflow=\u00a0\u00bbvisible\u00a0\u00bb overlay_strength=\u00a0\u00bb0.3&Prime; gradient_direction=\u00a0\u00bbleft_to_right\u00a0\u00bb shape_divider_position=\u00a0\u00bbbottom\u00a0\u00bb bg_image_animation=\u00a0\u00bbnone\u00a0\u00bb gradient_type=\u00a0\u00bbdefault\u00a0\u00bb shape_type=\u00a0\u00bb\u00a0\u00bb][vc_column column_padding=\u00a0\u00bbno-extra-padding\u00a0\u00bb column_padding_tablet=\u00a0\u00bbinherit\u00a0\u00bb column_padding_phone=\u00a0\u00bbinherit\u00a0\u00bb column_padding_position=\u00a0\u00bball\u00a0\u00bb column_element_direction_desktop=\u00a0\u00bbdefault\u00a0\u00bb column_element_spacing=\u00a0\u00bbdefault\u00a0\u00bb desktop_text_alignment=\u00a0\u00bbdefault\u00a0\u00bb tablet_text_alignment=\u00a0\u00bbdefault\u00a0\u00bb phone_text_alignment=\u00a0\u00bbdefault\u00a0\u00bb background_color_opacity=\u00a0\u00bb1&Prime; background_hover_color_opacity=\u00a0\u00bb1&Prime; column_backdrop_filter=\u00a0\u00bbnone\u00a0\u00bb column_shadow=\u00a0\u00bbnone\u00a0\u00bb column_border_radius=\u00a0\u00bbnone\u00a0\u00bb column_link_target=\u00a0\u00bb_self\u00a0\u00bb column_position=\u00a0\u00bbdefault\u00a0\u00bb gradient_direction=\u00a0\u00bbleft_to_right\u00a0\u00bb overlay_strength=\u00a0\u00bb0.3&Prime; width=\u00a0\u00bb1\/1&Prime; tablet_width_inherit=\u00a0\u00bbdefault\u00a0\u00bb animation_type=\u00a0\u00bbdefault\u00a0\u00bb bg_image_animation=\u00a0\u00bbnone\u00a0\u00bb border_type=\u00a0\u00bbsimple\u00a0\u00bb column_border_width=\u00a0\u00bbnone\u00a0\u00bb column_border_style=\u00a0\u00bbsolid\u00a0\u00bb][vc_column_text css=\u00a0\u00bb\u00a0\u00bb text_direction=\u00a0\u00bbdefault\u00a0\u00bb]\n<p class=\"p1\"><strong><a href=\"https:\/\/festival-gerardmer.com\/2025\/wp-content\/uploads\/2025\/01\/Benjamin-Blasco-Martinez-\u00a9-Emilie-Beaud.jpg\"><img loading=\"lazy\" decoding=\"async\" class=\"alignright wp-image-441 size-medium\" src=\"https:\/\/festival-gerardmer.com\/2025\/wp-content\/uploads\/2025\/01\/Benjamin-Blasco-Martinez-\u00a9-Emilie-Beaud-300x300.jpg\" alt=\"\" width=\"300\" height=\"300\" srcset=\"https:\/\/festival-gerardmer.com\/2025\/wp-content\/uploads\/2025\/01\/Benjamin-Blasco-Martinez-\u00a9-Emilie-Beaud-300x300.jpg 300w, https:\/\/festival-gerardmer.com\/2025\/wp-content\/uploads\/2025\/01\/Benjamin-Blasco-Martinez-\u00a9-Emilie-Beaud-1024x1024.jpg 1024w, https:\/\/festival-gerardmer.com\/2025\/wp-content\/uploads\/2025\/01\/Benjamin-Blasco-Martinez-\u00a9-Emilie-Beaud-150x150.jpg 150w, https:\/\/festival-gerardmer.com\/2025\/wp-content\/uploads\/2025\/01\/Benjamin-Blasco-Martinez-\u00a9-Emilie-Beaud-768x768.jpg 768w, https:\/\/festival-gerardmer.com\/2025\/wp-content\/uploads\/2025\/01\/Benjamin-Blasco-Martinez-\u00a9-Emilie-Beaud-1536x1536.jpg 1536w, https:\/\/festival-gerardmer.com\/2025\/wp-content\/uploads\/2025\/01\/Benjamin-Blasco-Martinez-\u00a9-Emilie-Beaud-140x140.jpg 140w, https:\/\/festival-gerardmer.com\/2025\/wp-content\/uploads\/2025\/01\/Benjamin-Blasco-Martinez-\u00a9-Emilie-Beaud-100x100.jpg 100w, https:\/\/festival-gerardmer.com\/2025\/wp-content\/uploads\/2025\/01\/Benjamin-Blasco-Martinez-\u00a9-Emilie-Beaud-500x500.jpg 500w, https:\/\/festival-gerardmer.com\/2025\/wp-content\/uploads\/2025\/01\/Benjamin-Blasco-Martinez-\u00a9-Emilie-Beaud-350x350.jpg 350w, https:\/\/festival-gerardmer.com\/2025\/wp-content\/uploads\/2025\/01\/Benjamin-Blasco-Martinez-\u00a9-Emilie-Beaud-1000x1000.jpg 1000w, https:\/\/festival-gerardmer.com\/2025\/wp-content\/uploads\/2025\/01\/Benjamin-Blasco-Martinez-\u00a9-Emilie-Beaud-800x800.jpg 800w, https:\/\/festival-gerardmer.com\/2025\/wp-content\/uploads\/2025\/01\/Benjamin-Blasco-Martinez-\u00a9-Emilie-Beaud.jpg 1600w\" sizes=\"auto, (max-width: 300px) 100vw, 300px\" \/><\/a>\u00c0 l\u2019occasion du Festival de G\u00e9rardmer, l\u2019illustrateur et auteur de BD, Benjamin Blasco-Martinez et Philippe Pelaez exposent <span class=\"s1\"><i>Noir Horizon<\/i><\/span> (Gl\u00e9nat), une fresque de dark SF aussi visuelle que politique.<\/strong><\/p>\n<h3 class=\"p3\"><span style=\"color: #ff9900;\"><b><i>Noir Horizon<\/i><\/b><b> \u00e0 G\u00e9rardmer ?<\/b><\/span><\/h3>\n<p class=\"p1\">Vous pourrez voir \u00e0 G\u00e9rardmer un certain nombre de planches originales en noir et blanc des deux premiers tomes de la trilogie <span class=\"s1\"><i>Noir Horizon<\/i><\/span>, un space opera o\u00f9 six criminels sont envoy\u00e9s derri\u00e8re un gigantesque \u00e9cran noir sur une plan\u00e8te hostile (Kepler 452-b), pour y chercher une nouvelle source d&rsquo;\u00e9nergie qui permettrait de prolonger le r\u00e8gne d&rsquo;une dictature \u00e0 l&rsquo;agonie (Kadingirra).<\/p>\n<h3 class=\"p3\"><span style=\"color: #ff9900;\"><b>Ce n\u2019est pas tant que \u00e7a de la science-fiction ?<\/b><\/span><\/h3>\n<p class=\"p1\">C&rsquo;est ce qui rend la science-fiction int\u00e9ressante et tellement essentielle ! Les messages qu&rsquo;elle v\u00e9hicule sont universels et intemporels. C&rsquo;est ce que Philippe Pelaez, le sc\u00e9nariste, a voulu d\u00e9montrer. <span class=\"s1\"><i>Noir Horizon<\/i><\/span> s&rsquo;inspire du <span class=\"s1\"><i>Discours de la servitude volontaire<\/i><\/span> de La Bo\u00e9tie \u00e9crit au XVI<span class=\"s2\"><sup>e<\/sup><\/span> si\u00e8cle, qui est un v\u00e9ritable r\u00e9quisitoire contre l&rsquo;absolutisme, interrogeant les rapports de domination, la l\u00e9gitimit\u00e9 de l&rsquo;autorit\u00e9 sur la population et l\u2019acceptation de cette soumission. Donc oui, le propos est carr\u00e9ment d&rsquo;actualit\u00e9 malheureusement, et le sera toujours j&rsquo;en ai bien peur&#8230;<\/p>\n<h3 class=\"p3\"><span style=\"color: #ff9900;\"><b>Comment met-on en images un monde post-apocalyptique ?<\/b><\/span><\/h3>\n<p class=\"p1\"><span class=\"s1\"><i>Noir Horizon<\/i><\/span> n&rsquo;est pas \u00e0 proprement parler un r\u00e9cit post-apo dans son ensemble. Le post-apo, on le trouve surtout sur la plan\u00e8te Kepler, o\u00f9 l&rsquo;on montre les vestiges d&rsquo;une ancienne civilisation, \u00ab\u00a0un monde d&rsquo;avant\u00a0\u00bb, qui a \u00e9t\u00e9 an\u00e9antie par un cataclysme. Pour cr\u00e9er cela, il faut imaginer ce monde avant destruction, l\u00e0 est la difficult\u00e9. D&rsquo;autant plus quand ce monde qu&rsquo;on est cens\u00e9 imaginer n&rsquo;a rien \u00e0 voir avec l&rsquo;humanit\u00e9 et l&rsquo;histoire de sa civilisation. J&rsquo;ai donc cr\u00e9\u00e9 des ruines antiques fictives en m\u00e9langeant des inspirations mayas, \u00e9gyptiennes et babyloniennes sur lesquelles la faune et la flore extraterrestres ont repris leurs droits ; une image souvent vue dans les r\u00e9cits post-apocalyptiques comme <span class=\"s1\"><i>The Walking Dead<\/i><\/span> ou <span class=\"s1\"><i>The Last Of Us <\/i><\/span>r\u00e9cemment. Je voulais quelque chose de tr\u00e8s \u00ab\u00a0lovecraftien\u00a0\u00bb, gigantesque, terrifiant, insondable et myst\u00e9rieux pour Kepler et sa cit\u00e9 perdue. Pour Kadingirra c&rsquo;est diff\u00e9rent, nous sommes dans la dystopie. Il fallait imaginer un monde humain futuriste mais cauchemardesque, \u00e0 la <span class=\"s1\"><i>Blade Runner<\/i><\/span> de Ridley Scott ou <span class=\"s1\"><i>1984<\/i><\/span> d&rsquo;Orwell. Il fallait que tout soit titanesque et oppressant dans les b\u00e2timents, les vaisseaux, les d\u00e9cors, \u00e0 l&rsquo;image de la d\u00e9mesure et de la folie des humains. Le choix d\u00e9lib\u00e9r\u00e9 de ne repr\u00e9senter aucune nature, aucun animal sauvage lorsque l&rsquo;on montre Kadingirra contraste avec la plan\u00e8te Kepler qui, bien qu&rsquo;hostile, repr\u00e9sente l&rsquo;espoir pour nos h\u00e9ros.<\/p>\n<h3 class=\"p3\"><span style=\"color: #ff9900;\"><b>Va-t-on de l\u2019image au sc\u00e9nario ou l\u2019inverse quand on parle apocalypse ?<\/b><\/span><\/h3>\n<p class=\"p1\">Je pense qu&rsquo;une id\u00e9e, un concept na\u00eet d&rsquo;une vision. Donc d&rsquo;une image oui en quelque sorte et quel que soit le genre, en fait. Mais la vision peut aussi venir d&rsquo;un texte ou d&rsquo;une r\u00e9flexion, qui nous inspire. On ne sait pas trop o\u00f9 cela commence en vrai et c&rsquo;est merveilleux ! Pour ce qui est de l&rsquo;apocalypse, on essaye de r\u00e9pondre par le texte ou l&rsquo;image \u00e0 une question existentielle et \u00e0 une peur ; \u00ab\u00a0il y a eu un commencement, il y aura forc\u00e9ment une fin, comment cela va finir ?\u00a0\u00bb<\/p>\n<h3 class=\"p3\"><span style=\"color: #ff9900;\"><b>Dans quelle mesure votre approche est \u00ab cin\u00e9matographique \u00bb ?<\/b><\/span><\/h3>\n<p class=\"p1\">Je ne sais pas trop \u00e0 vrai dire car c&rsquo;est un peu inconscient en ce qui me concerne. Il est vrai que je m&rsquo;inspire beaucoup du cin\u00e9ma de mani\u00e8re g\u00e9n\u00e9rale, j&rsquo;aime glisser des clins d&rsquo;\u0153il o\u00f9 des petites r\u00e9f\u00e9rences dans mes planches mais la BD est cin\u00e9matographique par elle-m\u00eame. On retrouve les cadrages, la mise en sc\u00e8ne, le rythme, les jeux de lumi\u00e8re, le jeu d&rsquo;acteur pour les personnages. Ne manque que le son et le mouvement. D&rsquo;ailleurs un film est une BD en quelque sorte, avant d&rsquo;\u00eatre un film ; on appelle cela un storyboard. La plupart des auteurs de BD sont amoureux du cin\u00e9ma, cela je peux vous l&rsquo;affirmer !<\/p>\n<h3 class=\"p3\"><span style=\"color: #ff9900;\"><b>Si <\/b><b><i>Noir Horizon<\/i><\/b><b> devait \u00eatre port\u00e9 \u00e0 l\u2019\u00e9cran : qui le r\u00e9aliserait ?<\/b><\/span><\/h3>\n<p class=\"p1\">Guillermo Del Toro sans h\u00e9sitation. C&rsquo;est celui qui cocherait toutes les cases vu ses go\u00fbts, ses influences et sa filmographie. Et en plus il aime la BD ! L&rsquo;espoir fait vivre&#8230;<\/p>\n<h3 class=\"p3\"><b><span style=\"color: #ff9900;\">Top 3 des films post-apocalyptiques selon vous ?<\/span> <\/b><\/h3>\n<p class=\"p1\">La saga <span class=\"s1\"><i>Mad Max<\/i><\/span> de George Miller et Byron Kennedy. Tout est parfait dans ces films. L&rsquo;humanit\u00e9 revenue \u00e0 un \u00e9tat quasi primitif apr\u00e8s une guerre nucl\u00e9aire \u00e0 cause des p\u00e9nuries de p\u00e9trole, un western antique o\u00f9 les chevaux sont remplac\u00e9s par des engins trafiqu\u00e9s, crasseux, monstrueux et surpuissants gav\u00e9s de gasoil ! Un Mel Gibson fou furieux en guerrier de la route, solaire, magn\u00e9tique, culte&#8230; et violent ! On peut ajouter le <span class=\"s1\"><i>Fury Road<\/i><\/span> qui est excellent aussi, du pur op\u00e9ra !<\/p>\n<p class=\"p1\"><span class=\"s1\"><i>Matrix<\/i><\/span> de Lilly et Lana Wachowski. L&rsquo;originalit\u00e9 du sc\u00e9nario, les r\u00e9f\u00e9rences bibliques et litt\u00e9raires m\u00eal\u00e9es \u00e0 l&rsquo;univers geek et informatique. L&rsquo;id\u00e9e flippante que notre monde libre n&rsquo;est qu&rsquo;une illusion et que nous vivons esclave dans une autre r\u00e9alit\u00e9 sans le savoir. Des sc\u00e8nes d&rsquo;actions ultra-stylis\u00e9es, du kung fu, l&rsquo;agent Smith, la BO tr\u00e8s techno, bref un pur chef-d&rsquo;\u0153uvre (du moins pour le premier film), le c\u00f4t\u00e9 mecha moins passionnant pour les opus suivants.<\/p>\n<p class=\"p1\"><span class=\"s1\"><i>28 jours plus tard<\/i><\/span> de Danny Boyle. L&rsquo;ambiance de ce film est compl\u00e8tement dingue. Le centre-ville de Londres compl\u00e8tement d\u00e9sert apr\u00e8s une pand\u00e9mie, la solitude (temporaire) du h\u00e9ros, son d\u00e9sarroi, son incompr\u00e9hension&#8230; juste mythique, inoubliable. Ajoutez \u00e0 cela la nervosit\u00e9 de la mise en sc\u00e8ne, des \u00ab\u00a0zombies\u00a0\u00bb infect\u00e9s ultra-flippants assoiff\u00e9s de sang qui courent partout, des militaires psychopathes, la BO et une fin heureuse pour une fois !<\/p>\n[\/vc_column_text][\/vc_column][\/vc_row][vc_row type=\u00a0\u00bbin_container\u00a0\u00bb full_screen_row_position=\u00a0\u00bbmiddle\u00a0\u00bb column_margin=\u00a0\u00bbdefault\u00a0\u00bb column_direction=\u00a0\u00bbdefault\u00a0\u00bb column_direction_tablet=\u00a0\u00bbdefault\u00a0\u00bb column_direction_phone=\u00a0\u00bbdefault\u00a0\u00bb scene_position=\u00a0\u00bbcenter\u00a0\u00bb text_color=\u00a0\u00bbdark\u00a0\u00bb text_align=\u00a0\u00bbleft\u00a0\u00bb row_border_radius=\u00a0\u00bbnone\u00a0\u00bb row_border_radius_applies=\u00a0\u00bbbg\u00a0\u00bb overflow=\u00a0\u00bbvisible\u00a0\u00bb overlay_strength=\u00a0\u00bb0.3&Prime; gradient_direction=\u00a0\u00bbleft_to_right\u00a0\u00bb shape_divider_position=\u00a0\u00bbbottom\u00a0\u00bb bg_image_animation=\u00a0\u00bbnone\u00a0\u00bb][vc_column column_padding=\u00a0\u00bbno-extra-padding\u00a0\u00bb column_padding_tablet=\u00a0\u00bbinherit\u00a0\u00bb column_padding_phone=\u00a0\u00bbinherit\u00a0\u00bb column_padding_position=\u00a0\u00bball\u00a0\u00bb column_element_direction_desktop=\u00a0\u00bbdefault\u00a0\u00bb column_element_spacing=\u00a0\u00bbdefault\u00a0\u00bb desktop_text_alignment=\u00a0\u00bbdefault\u00a0\u00bb tablet_text_alignment=\u00a0\u00bbdefault\u00a0\u00bb phone_text_alignment=\u00a0\u00bbdefault\u00a0\u00bb background_color_opacity=\u00a0\u00bb1&Prime; background_hover_color_opacity=\u00a0\u00bb1&Prime; column_backdrop_filter=\u00a0\u00bbnone\u00a0\u00bb column_shadow=\u00a0\u00bbnone\u00a0\u00bb column_border_radius=\u00a0\u00bbnone\u00a0\u00bb column_link_target=\u00a0\u00bb_self\u00a0\u00bb column_position=\u00a0\u00bbdefault\u00a0\u00bb gradient_direction=\u00a0\u00bbleft_to_right\u00a0\u00bb overlay_strength=\u00a0\u00bb0.3&Prime; width=\u00a0\u00bb1\/1&Prime; tablet_width_inherit=\u00a0\u00bbdefault\u00a0\u00bb animation_type=\u00a0\u00bbdefault\u00a0\u00bb bg_image_animation=\u00a0\u00bbnone\u00a0\u00bb border_type=\u00a0\u00bbsimple\u00a0\u00bb column_border_width=\u00a0\u00bbnone\u00a0\u00bb column_border_style=\u00a0\u00bbsolid\u00a0\u00bb][nectar_global_section id=\u00a0\u00bb42&Prime;][\/vc_column][\/vc_row]\n","protected":false},"excerpt":{"rendered":"<p>[vc_row type=\u00a0\u00bbfull_width_background\u00a0\u00bb full_screen_row_position=\u00a0\u00bbmiddle\u00a0\u00bb column_margin=\u00a0\u00bbdefault\u00a0\u00bb column_direction=\u00a0\u00bbdefault\u00a0\u00bb column_direction_tablet=\u00a0\u00bbdefault\u00a0\u00bb column_direction_phone=\u00a0\u00bbdefault\u00a0\u00bb bg_color=\u00a0\u00bb#000000&Prime; bg_image=\u00a0\u00bb15&Prime; bg_position=\u00a0\u00bbleft top\u00a0\u00bb background_image_loading=\u00a0\u00bblazy-load\u00a0\u00bb bg_repeat=\u00a0\u00bbno-repeat\u00a0\u00bb scene_position=\u00a0\u00bbcenter\u00a0\u00bb top_padding=\u00a0\u00bb6%\u00a0\u00bb constrain_group_1=\u00a0\u00bbyes\u00a0\u00bb bottom_padding=\u00a0\u00bb6%\u00a0\u00bb text_color=\u00a0\u00bbdark\u00a0\u00bb text_align=\u00a0\u00bbleft\u00a0\u00bb row_border_radius=\u00a0\u00bbnone\u00a0\u00bb row_border_radius_applies=\u00a0\u00bbbg\u00a0\u00bb overflow=\u00a0\u00bbvisible\u00a0\u00bb enable_gradient=\u00a0\u00bbtrue\u00a0\u00bb color_overlay=\u00a0\u00bb#000000&Prime; overlay_strength=\u00a0\u00bb0.8&Prime; gradient_direction=\u00a0\u00bbleft_to_right\u00a0\u00bb shape_divider_position=\u00a0\u00bbbottom\u00a0\u00bb bg_image_animation=\u00a0\u00bbnone\u00a0\u00bb gradient_type=\u00a0\u00bbdefault\u00a0\u00bb shape_type=\u00a0\u00bb\u00a0\u00bb][vc_column&#8230;<\/p>\n","protected":false},"author":1,"featured_media":0,"parent":0,"menu_order":0,"comment_status":"closed","ping_status":"closed","template":"","meta":{"footnotes":""},"class_list":["post-884","page","type-page","status-publish"],"_links":{"self":[{"href":"https:\/\/festival-gerardmer.com\/2025\/wp-json\/wp\/v2\/pages\/884","targetHints":{"allow":["GET"]}}],"collection":[{"href":"https:\/\/festival-gerardmer.com\/2025\/wp-json\/wp\/v2\/pages"}],"about":[{"href":"https:\/\/festival-gerardmer.com\/2025\/wp-json\/wp\/v2\/types\/page"}],"author":[{"embeddable":true,"href":"https:\/\/festival-gerardmer.com\/2025\/wp-json\/wp\/v2\/users\/1"}],"replies":[{"embeddable":true,"href":"https:\/\/festival-gerardmer.com\/2025\/wp-json\/wp\/v2\/comments?post=884"}],"version-history":[{"count":3,"href":"https:\/\/festival-gerardmer.com\/2025\/wp-json\/wp\/v2\/pages\/884\/revisions"}],"predecessor-version":[{"id":887,"href":"https:\/\/festival-gerardmer.com\/2025\/wp-json\/wp\/v2\/pages\/884\/revisions\/887"}],"wp:attachment":[{"href":"https:\/\/festival-gerardmer.com\/2025\/wp-json\/wp\/v2\/media?parent=884"}],"curies":[{"name":"wp","href":"https:\/\/api.w.org\/{rel}","templated":true}]}}