{"id":318,"date":"2025-12-12T15:20:26","date_gmt":"2025-12-12T14:20:26","guid":{"rendered":"https:\/\/festival-gerardmer.com\/2026\/?page_id=318"},"modified":"2025-12-13T11:49:47","modified_gmt":"2025-12-13T10:49:47","slug":"faq","status":"publish","type":"page","link":"https:\/\/festival-gerardmer.com\/2026\/faq\/","title":{"rendered":"FAQ"},"content":{"rendered":"[vc_row type=\u00a0\u00bbfull_width_background\u00a0\u00bb full_screen_row_position=\u00a0\u00bbmiddle\u00a0\u00bb column_margin=\u00a0\u00bbdefault\u00a0\u00bb column_direction=\u00a0\u00bbdefault\u00a0\u00bb column_direction_tablet=\u00a0\u00bbdefault\u00a0\u00bb column_direction_phone=\u00a0\u00bbdefault\u00a0\u00bb bg_color=\u00a0\u00bb#000000&Prime; bg_image=\u00a0\u00bb117&Prime; bg_position=\u00a0\u00bbleft top\u00a0\u00bb background_image_loading=\u00a0\u00bblazy-load\u00a0\u00bb bg_repeat=\u00a0\u00bbno-repeat\u00a0\u00bb scene_position=\u00a0\u00bbcenter\u00a0\u00bb top_padding=\u00a0\u00bb6%\u00a0\u00bb constrain_group_1=\u00a0\u00bbyes\u00a0\u00bb bottom_padding=\u00a0\u00bb6%\u00a0\u00bb text_color=\u00a0\u00bbdark\u00a0\u00bb text_align=\u00a0\u00bbleft\u00a0\u00bb row_border_radius=\u00a0\u00bbnone\u00a0\u00bb row_border_radius_applies=\u00a0\u00bbbg\u00a0\u00bb overflow=\u00a0\u00bbvisible\u00a0\u00bb enable_gradient=\u00a0\u00bbtrue\u00a0\u00bb color_overlay=\u00a0\u00bb#000000&Prime; overlay_strength=\u00a0\u00bb0.95&Prime; gradient_direction=\u00a0\u00bbleft_to_right\u00a0\u00bb shape_divider_position=\u00a0\u00bbbottom\u00a0\u00bb bg_image_animation=\u00a0\u00bbnone\u00a0\u00bb gradient_type=\u00a0\u00bbdefault\u00a0\u00bb shape_type=\u00a0\u00bb\u00a0\u00bb][vc_column column_padding=\u00a0\u00bbno-extra-padding\u00a0\u00bb column_padding_tablet=\u00a0\u00bbinherit\u00a0\u00bb column_padding_phone=\u00a0\u00bbinherit\u00a0\u00bb column_padding_position=\u00a0\u00bball\u00a0\u00bb column_element_direction_desktop=\u00a0\u00bbdefault\u00a0\u00bb column_element_spacing=\u00a0\u00bbdefault\u00a0\u00bb desktop_text_alignment=\u00a0\u00bbdefault\u00a0\u00bb tablet_text_alignment=\u00a0\u00bbdefault\u00a0\u00bb phone_text_alignment=\u00a0\u00bbdefault\u00a0\u00bb background_color_opacity=\u00a0\u00bb1&Prime; background_hover_color_opacity=\u00a0\u00bb1&Prime; column_backdrop_filter=\u00a0\u00bbnone\u00a0\u00bb column_shadow=\u00a0\u00bbnone\u00a0\u00bb column_border_radius=\u00a0\u00bbnone\u00a0\u00bb column_link_target=\u00a0\u00bb_self\u00a0\u00bb column_position=\u00a0\u00bbdefault\u00a0\u00bb gradient_direction=\u00a0\u00bbleft_to_right\u00a0\u00bb overlay_strength=\u00a0\u00bb0.3&Prime; width=\u00a0\u00bb1\/1&Prime; tablet_width_inherit=\u00a0\u00bbdefault\u00a0\u00bb animation_type=\u00a0\u00bbdefault\u00a0\u00bb bg_image_animation=\u00a0\u00bbnone\u00a0\u00bb border_type=\u00a0\u00bbsimple\u00a0\u00bb column_border_width=\u00a0\u00bbnone\u00a0\u00bb column_border_style=\u00a0\u00bbsolid\u00a0\u00bb][vc_custom_heading text=\u00a0\u00bbFAQ\u00a0\u00bb font_container=\u00a0\u00bbtag:h1|font_size:120|text_align:left|color:%23FBB900&Prime; google_fonts=\u00a0\u00bbfont_family:Koulen%3Aregular|font_style:400%20regular%3A400%3Anormal\u00a0\u00bb css=\u00a0\u00bb\u00a0\u00bb][\/vc_column][\/vc_row][vc_row type=\u00a0\u00bbfull_width_content\u00a0\u00bb full_screen_row_position=\u00a0\u00bbmiddle\u00a0\u00bb column_margin=\u00a0\u00bbdefault\u00a0\u00bb column_direction=\u00a0\u00bbdefault\u00a0\u00bb column_direction_tablet=\u00a0\u00bbdefault\u00a0\u00bb column_direction_phone=\u00a0\u00bbdefault\u00a0\u00bb bg_color=\u00a0\u00bb#000000&Prime; scene_position=\u00a0\u00bbcenter\u00a0\u00bb top_padding=\u00a0\u00bb12%\u00a0\u00bb bottom_padding=\u00a0\u00bb12%\u00a0\u00bb left_padding_desktop=\u00a0\u00bb25%\u00a0\u00bb constrain_group_2=\u00a0\u00bbyes\u00a0\u00bb right_padding_desktop=\u00a0\u00bb25%\u00a0\u00bb left_padding_tablet=\u00a0\u00bb20%\u00a0\u00bb constrain_group_4=\u00a0\u00bbyes\u00a0\u00bb right_padding_tablet=\u00a0\u00bb20%\u00a0\u00bb left_padding_phone=\u00a0\u00bb24px\u00a0\u00bb constrain_group_6=\u00a0\u00bbyes\u00a0\u00bb right_padding_phone=\u00a0\u00bb24px\u00a0\u00bb text_color=\u00a0\u00bbdark\u00a0\u00bb text_align=\u00a0\u00bbleft\u00a0\u00bb row_border_radius=\u00a0\u00bbnone\u00a0\u00bb row_border_radius_applies=\u00a0\u00bbbg\u00a0\u00bb zindex=\u00a0\u00bb10&Prime; overflow=\u00a0\u00bbhidden\u00a0\u00bb advanced_gradient_angle=\u00a0\u00bb0&Prime; overlay_strength=\u00a0\u00bb0.8&Prime; gradient_direction=\u00a0\u00bbleft_to_right\u00a0\u00bb shape_divider_position=\u00a0\u00bbbottom\u00a0\u00bb bg_image_animation=\u00a0\u00bbnone\u00a0\u00bb parallax_bg=\u00a0\u00bbtrue\u00a0\u00bb parallax_bg_speed=\u00a0\u00bbfast\u00a0\u00bb shape_type=\u00a0\u00bb\u00a0\u00bb gradient_type=\u00a0\u00bbdefault\u00a0\u00bb][vc_column column_padding=\u00a0\u00bbno-extra-padding\u00a0\u00bb column_padding_tablet=\u00a0\u00bbinherit\u00a0\u00bb column_padding_phone=\u00a0\u00bbinherit\u00a0\u00bb column_padding_position=\u00a0\u00bbright\u00a0\u00bb bottom_margin=\u00a0\u00bb50&Prime; column_element_direction_desktop=\u00a0\u00bbdefault\u00a0\u00bb column_element_spacing=\u00a0\u00bbdefault\u00a0\u00bb desktop_text_alignment=\u00a0\u00bbdefault\u00a0\u00bb tablet_text_alignment=\u00a0\u00bbdefault\u00a0\u00bb phone_text_alignment=\u00a0\u00bbdefault\u00a0\u00bb background_color=\u00a0\u00bb#000000&Prime; background_color_opacity=\u00a0\u00bb1&Prime; background_hover_color_opacity=\u00a0\u00bb1&Prime; column_backdrop_filter=\u00a0\u00bbnone\u00a0\u00bb font_color=\u00a0\u00bb#FFFFFF\u00a0\u00bb column_shadow=\u00a0\u00bbnone\u00a0\u00bb column_border_radius=\u00a0\u00bbnone\u00a0\u00bb column_link_target=\u00a0\u00bb_self\u00a0\u00bb column_position=\u00a0\u00bbdefault\u00a0\u00bb advanced_gradient_angle=\u00a0\u00bb0&Prime; gradient_direction=\u00a0\u00bbleft_to_right\u00a0\u00bb overlay_strength=\u00a0\u00bb0.3&Prime; width=\u00a0\u00bb1\/1&Prime; tablet_width_inherit=\u00a0\u00bbdefault\u00a0\u00bb animation_type=\u00a0\u00bbdefault\u00a0\u00bb bg_image_animation=\u00a0\u00bbnone\u00a0\u00bb border_type=\u00a0\u00bbsimple\u00a0\u00bb column_border_width=\u00a0\u00bbnone\u00a0\u00bb column_border_style=\u00a0\u00bbsolid\u00a0\u00bb gradient_type=\u00a0\u00bbdefault\u00a0\u00bb column_padding_type=\u00a0\u00bbdefault\u00a0\u00bb][vc_row_inner column_margin=\u00a0\u00bbdefault\u00a0\u00bb column_direction=\u00a0\u00bbdefault\u00a0\u00bb column_direction_tablet=\u00a0\u00bbdefault\u00a0\u00bb column_direction_phone=\u00a0\u00bbdefault\u00a0\u00bb bottom_padding=\u00a0\u00bb3%\u00a0\u00bb text_align=\u00a0\u00bbleft\u00a0\u00bb row_position=\u00a0\u00bbdefault\u00a0\u00bb row_position_tablet=\u00a0\u00bbinherit\u00a0\u00bb row_position_phone=\u00a0\u00bbinherit\u00a0\u00bb overflow=\u00a0\u00bbvisible\u00a0\u00bb pointer_events=\u00a0\u00bball\u00a0\u00bb][vc_column_inner column_padding=\u00a0\u00bbpadding-1-percent\u00a0\u00bb column_padding_tablet=\u00a0\u00bbinherit\u00a0\u00bb column_padding_phone=\u00a0\u00bbinherit\u00a0\u00bb column_padding_position=\u00a0\u00bball\u00a0\u00bb column_element_direction_desktop=\u00a0\u00bbdefault\u00a0\u00bb column_element_spacing=\u00a0\u00bbdefault\u00a0\u00bb centered_text=\u00a0\u00bbtrue\u00a0\u00bb desktop_text_alignment=\u00a0\u00bbdefault\u00a0\u00bb tablet_text_alignment=\u00a0\u00bbdefault\u00a0\u00bb phone_text_alignment=\u00a0\u00bbdefault\u00a0\u00bb background_color_opacity=\u00a0\u00bb1&Prime; background_hover_color_opacity=\u00a0\u00bb1&Prime; column_backdrop_filter=\u00a0\u00bbnone\u00a0\u00bb column_shadow=\u00a0\u00bbnone\u00a0\u00bb column_border_radius=\u00a0\u00bbnone\u00a0\u00bb column_link_target=\u00a0\u00bb_self\u00a0\u00bb overflow=\u00a0\u00bbvisible\u00a0\u00bb advanced_gradient_angle=\u00a0\u00bb0&Prime; gradient_direction=\u00a0\u00bbleft_to_right\u00a0\u00bb overlay_strength=\u00a0\u00bb0.3&Prime; width=\u00a0\u00bb1\/1&Prime; tablet_width_inherit=\u00a0\u00bbdefault\u00a0\u00bb animation_type=\u00a0\u00bbdefault\u00a0\u00bb bg_image_animation=\u00a0\u00bbnone\u00a0\u00bb border_type=\u00a0\u00bbsimple\u00a0\u00bb column_border_width=\u00a0\u00bbnone\u00a0\u00bb column_border_style=\u00a0\u00bbsolid\u00a0\u00bb gradient_type=\u00a0\u00bbdefault\u00a0\u00bb column_padding_type=\u00a0\u00bbdefault\u00a0\u00bb][nectar_responsive_text inherited_font_style=\u00a0\u00bbdefault\u00a0\u00bb font_size_desktop=\u00a0\u00bb3vw\u00a0\u00bb font_size_tablet=\u00a0\u00bb5vw\u00a0\u00bb font_size_phone=\u00a0\u00bb8vw\u00a0\u00bb font_line_height=\u00a0\u00bb1.1&Prime; text_direction=\u00a0\u00bbdefault\u00a0\u00bb]\n<h3>Questions fr\u00e9quentes\u00a0 &#8211; FAQ<\/h3>\n[\/nectar_responsive_text][\/vc_column_inner][\/vc_row_inner][toggles style=\u00a0\u00bbminimal_shadow\u00a0\u00bb border_radius=\u00a0\u00bb20px\u00a0\u00bb][toggle color=\u00a0\u00bbAccent-Color\u00a0\u00bb heading_tag=\u00a0\u00bbh3&Prime; heading_tag_functionality=\u00a0\u00bbchange_html_tag\u00a0\u00bb title=\u00a0\u00bbQuand aura lieu la 33e \u00e9dition du Festival de G\u00e9rardmer ?\u00a0\u00bb][nectar_responsive_text inherited_font_style=\u00a0\u00bbdefault\u00a0\u00bb font_size_min=\u00a0\u00bb14px\u00a0\u00bb font_size_max=\u00a0\u00bb16px\u00a0\u00bb font_size_desktop=\u00a0\u00bb1vw\u00a0\u00bb font_line_height=\u00a0\u00bb1.6&Prime; text_direction=\u00a0\u00bbdefault\u00a0\u00bb]Du 27 janvier au 1er f\u00e9vrier 2026[\/nectar_responsive_text][\/toggle][toggle color=\u00a0\u00bbAccent-Color\u00a0\u00bb heading_tag=\u00a0\u00bbh3&Prime; heading_tag_functionality=\u00a0\u00bbdefault\u00a0\u00bb title=\u00a0\u00bbQuels sont les diff\u00e9rents lieux du festival ?\u00a0\u00bb][nectar_responsive_text inherited_font_style=\u00a0\u00bbdefault\u00a0\u00bb font_size_min=\u00a0\u00bb14px\u00a0\u00bb font_size_max=\u00a0\u00bb16px\u00a0\u00bb font_size_desktop=\u00a0\u00bb1.1vw\u00a0\u00bb font_line_height=\u00a0\u00bb1.6&Prime; text_direction=\u00a0\u00bbdefault\u00a0\u00bb]Le QG du Festival de G\u00e9rardmer est l\u2019Espace Tilleul.<br \/>\n16 rue Charles-de-Gaulle | Informations : 03 29 60 98 21<br \/>\n<a href=\"mailto:info@festival-gerardmer.com\">info@festival-gerardmer.com<\/a> | Ouvert \u00e0 partir du lundi 26 janvier<br \/>\n<strong>Horaires d\u2019ouverture :<\/strong><br \/>\nHoraires avant le Festival : 9h &#8211; 12h | 14h &#8211; 18h<br \/>\nHoraires pendant le Festival : \u00e0 partir du mardi 27 janvier : 8h30 &#8211; 20h00 (fermeture \u00e0 14h le dimanche 01 f\u00e9vrier).<\/p>\n<p><strong>Les projections sont r\u00e9parties sur 4 lieux :<\/strong><br \/>\n\u25cf Espace LAC \u2192 17 Fbg de Ramberchamp \u2013 88400 G\u00e9rardmer T\u00e9l. 03 29 27 27 32<br \/>\n\u25cf Cin\u00e9ma du Casino (JOA G\u00e9rardmer) \u2192 Casino JOA \u2013 3 Avenue de la Ville de Vichy \u2013 88400 G\u00e9rardmer T\u00e9l. 03 29 60 05 05 Site :<a href=\"https:\/\/joa.fr\/casinos\/gerardmer\"> www.joa.fr\/casinos\/gerardmer<\/a><br \/>\n\u25cf Maison de la Culture et des Loisirs (MCL) \u2192 1 Boulevard de Saint-Di\u00e9 \u2013 88400 G\u00e9rardmer T\u00e9l. 03 29 63 11 96 Site : <a href=\"http:\/\/www.mclgerardmer.fr\">www.mclgerardmer.fr<\/a><br \/>\n\u25cf Paradiso \u2192 11 Rue Carnot \u2013 88400 G\u00e9rardmer[\/nectar_responsive_text][\/toggle][toggle color=\u00a0\u00bbAccent-Color\u00a0\u00bb heading_tag=\u00a0\u00bbh3&Prime; heading_tag_functionality=\u00a0\u00bbdefault\u00a0\u00bb title=\u00a0\u00bbQuand sera d\u00e9voil\u00e9e la grille de programmation ? Comment conna\u00eetre les horaires des films ?\u00a0\u00bb][vc_column_text css=\u00a0\u00bb\u00a0\u00bb text_direction=\u00a0\u00bbdefault\u00a0\u00bb]La programmation compl\u00e8te sera d\u00e9voil\u00e9e mi-janvier, quelques jours avant le festival. La grille horaire sera disponible le 20 janvier 2026 sur le site du festival ainsi que dans le guide pratique.[\/vc_column_text][\/toggle][toggle color=\u00a0\u00bbAccent-Color\u00a0\u00bb heading_tag=\u00a0\u00bbh3&Prime; heading_tag_functionality=\u00a0\u00bbdefault\u00a0\u00bb title=\u00a0\u00bbComment assister \u00e0 la C\u00e9r\u00e9monie d\u2019Ouverture et \u00e0 la C\u00e9r\u00e9monie du Palmar\u00e8s ?\u00a0\u00bb][nectar_responsive_text inherited_font_style=\u00a0\u00bbdefault\u00a0\u00bb font_size_min=\u00a0\u00bb14px\u00a0\u00bb font_size_max=\u00a0\u00bb16px\u00a0\u00bb font_size_desktop=\u00a0\u00bb1.1vw\u00a0\u00bb font_line_height=\u00a0\u00bb1.6&Prime; text_direction=\u00a0\u00bbdefault\u00a0\u00bb]<strong>C\u00e9r\u00e9monies d\u2019Ouverture \u00e0 l\u2019Espace LAC \u2013 mardi 27 janvier :<\/strong><br \/>\nAccessibles prioritairement sur invitation. Ces c\u00e9r\u00e9monies ne sont pas ouvertes \u00e0 la r\u00e9servation.<br \/>\nL\u2019acc\u00e8s reste possible dans la file d\u2019attente \u00ab Sans r\u00e9servation et derni\u00e8re minute \u00bb, uniquement pour les porteurs de Pass Festival et Pass Mercredi ou apr\u00e8s achat d\u2019un billet \u00e0 la s\u00e9ance \u00e0 l\u2019entr\u00e9e de la salle uniquement, dans l\u2019ordre d\u2019arriv\u00e9e des festivaliers et dans la limite des places disponibles.<\/p>\n<p><strong>Projection du film d\u2019Ouverture au Casino \u2013 mardi 27 janvier :<\/strong><br \/>\nLa projection du film d\u2019Ouverture au Casino est ouverte \u00e0 la r\u00e9servation pour les porteurs de Pass Festival et de Pass Mercredi. L&rsquo;entr\u00e9e se fait en salle dans l&rsquo;ordre d&rsquo;arriv\u00e9e des festivaliers dans la file d&rsquo;attente mais \u00e9galement dans la file d&rsquo;attente \u00ab\u00a0sans r\u00e9servation et derni\u00e8re minute\u00a0\u00bb apr\u00e8s achat d&rsquo;un billet \u00e0 la s\u00e9ance \u00e0 l&rsquo;entr\u00e9e de la salle uniquement, dans l\u2019ordre d\u2019arriv\u00e9e des festivaliers et dans la limite des places disponibles<\/p>\n<p><strong>C\u00e9r\u00e9monie de Palmar\u00e8s \u00e0 l\u2019Espace LAC \u2013 samedi 31 janvier :<\/strong><br \/>\nAccessibles prioritairement sur invitation. Ces c\u00e9r\u00e9monies ne sont pas ouvertes \u00e0 la r\u00e9servation.<br \/>\nL\u2019acc\u00e8s reste possible dans la file d\u2019attente \u00ab Sans r\u00e9servation et derni\u00e8re minute \u00bb, uniquement pour les porteurs de Pass Festival, Pass VEN\/SAM\/DIM, Pass Week-end ou apr\u00e8s achat d\u2019un billet \u00e0 la s\u00e9ance \u00e0 l\u2019entr\u00e9e de la salle uniquement, dans l\u2019ordre d\u2019arriv\u00e9e des festivaliers et dans la limite des places disponibles.[\/nectar_responsive_text][\/toggle][toggle color=\u00a0\u00bbAccent-Color\u00a0\u00bb heading_tag=\u00a0\u00bbh3&Prime; heading_tag_functionality=\u00a0\u00bbdefault\u00a0\u00bb title=\u00a0\u00bbEn quelle langue les films sont-ils projet\u00e9s ? Sont-ils sous-titr\u00e9s ?\u00a0\u00bb][nectar_responsive_text inherited_font_style=\u00a0\u00bbdefault\u00a0\u00bb font_size_min=\u00a0\u00bb14px\u00a0\u00bb font_size_max=\u00a0\u00bb16px\u00a0\u00bb font_size_desktop=\u00a0\u00bb1.1vw\u00a0\u00bb font_line_height=\u00a0\u00bb1.6&Prime; text_direction=\u00a0\u00bbdefault\u00a0\u00bb]Tous les films sont projet\u00e9s en version originale et sous-titr\u00e9s en fran\u00e7ais, sauf indication particuli\u00e8re sur le programme.[\/nectar_responsive_text][\/toggle][toggle color=\u00a0\u00bbAccent-Color\u00a0\u00bb heading_tag=\u00a0\u00bbh3&Prime; heading_tag_functionality=\u00a0\u00bbdefault\u00a0\u00bb title=\u00a0\u00bbLe festival a-t-il un acc\u00e8s PMR ?\u00a0\u00bb][nectar_responsive_text inherited_font_style=\u00a0\u00bbdefault\u00a0\u00bb font_size_min=\u00a0\u00bb14px\u00a0\u00bb font_size_max=\u00a0\u00bb16px\u00a0\u00bb font_size_desktop=\u00a0\u00bb1.1vw\u00a0\u00bb font_line_height=\u00a0\u00bb1.6&Prime; text_direction=\u00a0\u00bbdefault\u00a0\u00bb]Oui, les salles de projections sont accessibles aux personnes \u00e0 mobilit\u00e9 r\u00e9duite.[\/nectar_responsive_text][\/toggle][toggle color=\u00a0\u00bbAccent-Color\u00a0\u00bb heading_tag=\u00a0\u00bbh3&Prime; heading_tag_functionality=\u00a0\u00bbdefault\u00a0\u00bb title=\u00a0\u00bbJe suis un professionnel\u00b7le du cin\u00e9ma ou un journaliste, comment puis-je obtenir mon accr\u00e9ditation ?\u00a0\u00bb][nectar_responsive_text inherited_font_style=\u00a0\u00bbdefault\u00a0\u00bb font_size_min=\u00a0\u00bb14px\u00a0\u00bb font_size_max=\u00a0\u00bb16px\u00a0\u00bb font_size_desktop=\u00a0\u00bb1.1vw\u00a0\u00bb font_line_height=\u00a0\u00bb1.6&Prime; text_direction=\u00a0\u00bbdefault\u00a0\u00bb]Vous pouvez faire votre demande d\u2019accr\u00e9ditation via le formulaire disponible dans l\u2019espace billetterie.[\/nectar_responsive_text][\/toggle][toggle color=\u00a0\u00bbAccent-Color\u00a0\u00bb heading_tag=\u00a0\u00bbh3&Prime; heading_tag_functionality=\u00a0\u00bbdefault\u00a0\u00bb title=\u00a0\u00bbComment contacter le support client ?\u00a0\u00bb][nectar_responsive_text inherited_font_style=\u00a0\u00bbdefault\u00a0\u00bb font_size_min=\u00a0\u00bb14px\u00a0\u00bb font_size_max=\u00a0\u00bb16px\u00a0\u00bb font_size_desktop=\u00a0\u00bb1.1vw\u00a0\u00bb font_line_height=\u00a0\u00bb1.6&Prime; text_direction=\u00a0\u00bbdefault\u00a0\u00bb]Pour toute demande d\u2019information compl\u00e9mentaire, nous vous invitons \u00e0 adresser un mail \u00e0 <a href=\"mailto:info@festival-gerardmer.com\">info@festival-gerardmer.com<\/a>[\/nectar_responsive_text][\/toggle][toggle color=\u00a0\u00bbAccent-Color\u00a0\u00bb heading_tag=\u00a0\u00bbh3&Prime; heading_tag_functionality=\u00a0\u00bbdefault\u00a0\u00bb title=\u00a0\u00bbComment se rendre au Festival de G\u00e9rardmer ?\u00a0\u00bb][vc_column_text css=\u00a0\u00bb\u00a0\u00bb text_direction=\u00a0\u00bbdefault\u00a0\u00bb]\n<h4><strong>Par le train<\/strong><\/h4>\n<p>Gare d&rsquo;Epinal, \u00e0 45 mn en voiture ou liaison par le bus Gare de Saint Di\u00e9 des Vosges, \u00e0 40 mn en voiture ; ou liaison par le bus Gare de Remiremont, \u00e0 30 mn en voiture, ou liaison par le bus Info voyageurs : SNCF &#8211; T\u00e9l. 3635 Horaires, billets, sur le site de la SNCF Par le bus Liaisons avec les gares d&rsquo;Epinal, de Remiremont, de Saint-Di\u00e9 ou de Munster. Informations bus et horaires :<br \/>\n\u25cf Ligne 1B &#8211; Remiremont &#8211; G\u00e9rardmer Communes desservies : Remiremont, Saint Etienne les Remiremont, Saint Am\u00e9, Le Syndicat, La Forge, G\u00e9rardmer<br \/>\n\u25cf Ligne 1C G\u00e9rardmer\/Munster Communes desservies : G\u00e9rardmer, Xonrupt Longemer, Le Valtin (col de la Schlucht), Soultzeren, Stosswihr, Munster<br \/>\n\u25cf Ligne 17 &#8211; St Di\u00e9 des Vosges &#8211; G\u00e9rardmer Communes desservies : Saint Di\u00e9 des Vosges, Sainte Marguerite, Saulcy sur Meurthe, Saint L\u00e9onard, Anould, Gerb\u00e9pal, G\u00e9rardmer<br \/>\n\u25cf Ligne 28 &#8211; G\u00e9rardmer &#8211; Bruy\u00e8res Communes desservies : G\u00e9rardmer, Granges Aumontzey, Laveline devant Bruy\u00e8res, Champ le Duc, Bruy\u00e8res, Grandvillers<br \/>\n\u25cf Ligne 29 &#8211; G\u00e9rardmer &#8211; Epinal Communes desservies : G\u00e9rardmer, Le Tholy, Tendon, Epinal<\/p>\n<h4>Infos voyageurs :<\/h4>\n<p>\u25cf T\u00e9l : 03 87 33 67 98<br \/>\n\u25cf Site : <a href=\"https:\/\/www.fluo.eu\/fr\/part3\/lignes-regulieres\/1018\">https:\/\/www.fluo.eu\/fr\/part3\/lignes-regulieres\/1018<\/a><\/p>\n<h4>Par avion<\/h4>\n<p>\u25cf A\u00e9roports de :<br \/>\n\u25cf Strasbourg-Entzheim \u00e0 1 h 30<br \/>\n\u25cf Mulhouse-B\u00e2le \u00e0 1 h 30<br \/>\n\u25cf Nancy-Metz \u00e0 1 h 30<br \/>\n\u25cf Epinal-Mirecourt \u00e0 1 h 30<br \/>\n\u25cf Colmar \u00e0 1 h<\/p>\n<h4>Par la route<\/h4>\n<p>Acc\u00e8s par les d\u00e9partementales 8, 417, 423 ou 486<br \/>\n\u25cf Conditions de circulation dans le massif des Vosges :C.O.C.R. (Cellule Op\u00e9rationnelle de Coordination Routi\u00e8re) -T\u00e9l. : 03 29 43 00 58<br \/>\n\u25cf Infos route 88 (d\u00e9partement des Vosges)- www.inforoute88.fr<br \/>\n\u25cf Infos route 68 (d\u00e9partement du Haut-Rhin)- www.inforoute68.fr<br \/>\n<a href=\"https:\/\/gerardmer.net\/comment-venir.php\">https:\/\/gerardmer.net\/comment-venir.php <\/a><\/p>\n<p><a href=\"mailto:info@festival-gerardmer.com\">info@festival-gerardmer.com<\/a>[\/vc_column_text][\/toggle][\/toggles][\/vc_column][\/vc_row][vc_row type=\u00a0\u00bbin_container\u00a0\u00bb full_screen_row_position=\u00a0\u00bbmiddle\u00a0\u00bb column_margin=\u00a0\u00bbdefault\u00a0\u00bb column_direction=\u00a0\u00bbdefault\u00a0\u00bb column_direction_tablet=\u00a0\u00bbdefault\u00a0\u00bb column_direction_phone=\u00a0\u00bbdefault\u00a0\u00bb scene_position=\u00a0\u00bbcenter\u00a0\u00bb text_color=\u00a0\u00bbdark\u00a0\u00bb text_align=\u00a0\u00bbleft\u00a0\u00bb row_border_radius=\u00a0\u00bbnone\u00a0\u00bb row_border_radius_applies=\u00a0\u00bbbg\u00a0\u00bb overflow=\u00a0\u00bbvisible\u00a0\u00bb overlay_strength=\u00a0\u00bb0.3&Prime; gradient_direction=\u00a0\u00bbleft_to_right\u00a0\u00bb shape_divider_position=\u00a0\u00bbbottom\u00a0\u00bb bg_image_animation=\u00a0\u00bbnone\u00a0\u00bb][vc_column column_padding=\u00a0\u00bbno-extra-padding\u00a0\u00bb column_padding_tablet=\u00a0\u00bbinherit\u00a0\u00bb column_padding_phone=\u00a0\u00bbinherit\u00a0\u00bb column_padding_position=\u00a0\u00bball\u00a0\u00bb column_element_direction_desktop=\u00a0\u00bbdefault\u00a0\u00bb column_element_spacing=\u00a0\u00bbdefault\u00a0\u00bb desktop_text_alignment=\u00a0\u00bbdefault\u00a0\u00bb tablet_text_alignment=\u00a0\u00bbdefault\u00a0\u00bb phone_text_alignment=\u00a0\u00bbdefault\u00a0\u00bb background_color_opacity=\u00a0\u00bb1&Prime; background_hover_color_opacity=\u00a0\u00bb1&Prime; column_backdrop_filter=\u00a0\u00bbnone\u00a0\u00bb column_shadow=\u00a0\u00bbnone\u00a0\u00bb column_border_radius=\u00a0\u00bbnone\u00a0\u00bb column_link_target=\u00a0\u00bb_self\u00a0\u00bb column_position=\u00a0\u00bbdefault\u00a0\u00bb gradient_direction=\u00a0\u00bbleft_to_right\u00a0\u00bb overlay_strength=\u00a0\u00bb0.3&Prime; width=\u00a0\u00bb1\/1&Prime; tablet_width_inherit=\u00a0\u00bbdefault\u00a0\u00bb animation_type=\u00a0\u00bbdefault\u00a0\u00bb bg_image_animation=\u00a0\u00bbnone\u00a0\u00bb border_type=\u00a0\u00bbsimple\u00a0\u00bb column_border_width=\u00a0\u00bbnone\u00a0\u00bb column_border_style=\u00a0\u00bbsolid\u00a0\u00bb][nectar_global_section id=\u00a0\u00bb301&Prime;][\/vc_column][\/vc_row]\n","protected":false},"excerpt":{"rendered":"<p>[vc_row type=\u00a0\u00bbfull_width_background\u00a0\u00bb full_screen_row_position=\u00a0\u00bbmiddle\u00a0\u00bb column_margin=\u00a0\u00bbdefault\u00a0\u00bb column_direction=\u00a0\u00bbdefault\u00a0\u00bb column_direction_tablet=\u00a0\u00bbdefault\u00a0\u00bb column_direction_phone=\u00a0\u00bbdefault\u00a0\u00bb bg_color=\u00a0\u00bb#000000&Prime; bg_image=\u00a0\u00bb117&Prime; bg_position=\u00a0\u00bbleft top\u00a0\u00bb background_image_loading=\u00a0\u00bblazy-load\u00a0\u00bb bg_repeat=\u00a0\u00bbno-repeat\u00a0\u00bb scene_position=\u00a0\u00bbcenter\u00a0\u00bb top_padding=\u00a0\u00bb6%\u00a0\u00bb constrain_group_1=\u00a0\u00bbyes\u00a0\u00bb bottom_padding=\u00a0\u00bb6%\u00a0\u00bb text_color=\u00a0\u00bbdark\u00a0\u00bb text_align=\u00a0\u00bbleft\u00a0\u00bb row_border_radius=\u00a0\u00bbnone\u00a0\u00bb row_border_radius_applies=\u00a0\u00bbbg\u00a0\u00bb overflow=\u00a0\u00bbvisible\u00a0\u00bb enable_gradient=\u00a0\u00bbtrue\u00a0\u00bb color_overlay=\u00a0\u00bb#000000&Prime; overlay_strength=\u00a0\u00bb0.95&Prime; gradient_direction=\u00a0\u00bbleft_to_right\u00a0\u00bb shape_divider_position=\u00a0\u00bbbottom\u00a0\u00bb bg_image_animation=\u00a0\u00bbnone\u00a0\u00bb gradient_type=\u00a0\u00bbdefault\u00a0\u00bb shape_type=\u00a0\u00bb\u00a0\u00bb][vc_column&#8230;<\/p>\n","protected":false},"author":1,"featured_media":0,"parent":0,"menu_order":0,"comment_status":"closed","ping_status":"closed","template":"","meta":{"footnotes":""},"class_list":["post-318","page","type-page","status-publish"],"_links":{"self":[{"href":"https:\/\/festival-gerardmer.com\/2026\/wp-json\/wp\/v2\/pages\/318","targetHints":{"allow":["GET"]}}],"collection":[{"href":"https:\/\/festival-gerardmer.com\/2026\/wp-json\/wp\/v2\/pages"}],"about":[{"href":"https:\/\/festival-gerardmer.com\/2026\/wp-json\/wp\/v2\/types\/page"}],"author":[{"embeddable":true,"href":"https:\/\/festival-gerardmer.com\/2026\/wp-json\/wp\/v2\/users\/1"}],"replies":[{"embeddable":true,"href":"https:\/\/festival-gerardmer.com\/2026\/wp-json\/wp\/v2\/comments?post=318"}],"version-history":[{"count":16,"href":"https:\/\/festival-gerardmer.com\/2026\/wp-json\/wp\/v2\/pages\/318\/revisions"}],"predecessor-version":[{"id":389,"href":"https:\/\/festival-gerardmer.com\/2026\/wp-json\/wp\/v2\/pages\/318\/revisions\/389"}],"wp:attachment":[{"href":"https:\/\/festival-gerardmer.com\/2026\/wp-json\/wp\/v2\/media?parent=318"}],"curies":[{"name":"wp","href":"https:\/\/api.w.org\/{rel}","templated":true}]}}